{"id":2189,"date":"2025-09-09T04:16:16","date_gmt":"2025-09-09T04:16:16","guid":{"rendered":"https:\/\/nbaem.com\/?page_id=2189"},"modified":"2025-09-09T04:16:16","modified_gmt":"2025-09-09T04:16:16","slug":"terms-conditions","status":"publish","type":"page","link":"https:\/\/nbaem.com\/cs\/terms-conditions\/","title":{"rendered":"Obchodn\u00ed podm\u00ednky"},"content":{"rendered":"<p data-start=\"0\" data-end=\"256\">V\u0161echny objedn\u00e1vky jsou p\u0159ij\u00edm\u00e1ny a odes\u00edl\u00e1ny v\u00fdhradn\u011b za n\u00e1sleduj\u00edc\u00edch v\u0161eobecn\u00fdch obchodn\u00edch podm\u00ednek. \u017d\u00e1dn\u00e9 dal\u0161\u00ed nebo odli\u0161n\u00e9 podm\u00ednky navr\u017een\u00e9 kupuj\u00edc\u00edm neplat\u00ed, pokud s nimi p\u00edsemn\u011b nesouhlas\u00ed autorizovan\u00fd z\u00e1stupce prod\u00e1vaj\u00edc\u00edho.<\/p>\n<p data-start=\"258\" data-end=\"1034\"><strong data-start=\"258\" data-end=\"290\">Ceny a objedn\u00e1van\u00e9 mno\u017estv\u00ed<\/strong><br data-start=\"290\" data-end=\"293\" \/>Uveden\u00e9 ceny nezahrnuj\u00ed dopravu, manipulaci, dan\u011b, cla, poplatky za zprost\u0159edkov\u00e1n\u00ed, p\u0159epravu nebo poji\u0161t\u011bn\u00ed. V\u011bt\u0161inu uveden\u00fdch materi\u00e1l\u016f lze objednat v r\u016fzn\u00e9m mno\u017estv\u00ed. Pro ceny mno\u017estv\u00ed, kter\u00e9 nejsou uvedeny, kontaktujte prod\u00e1vaj\u00edc\u00edho pro podrobn\u00e9 informace. V\u0161echny uveden\u00e9 ceny jsou FOB \u010c\u00edna. Prod\u00e1vaj\u00edc\u00ed m\u016f\u017ee na \u017e\u00e1dost kupuj\u00edc\u00edho p\u00edsemn\u011b poskytnout ceny za jin\u00fdch obchodn\u00edch podm\u00ednek. Pokud to kupuj\u00edc\u00ed po\u017eaduje, m\u016f\u017ee prod\u00e1vaj\u00edc\u00ed tak\u00e9 odeslat zbo\u017e\u00ed na dob\u00edrku. Cenov\u00e9 nab\u00eddky jsou platn\u00e9 sedm (7) dn\u00ed od data vystaven\u00ed, pokud nen\u00ed uvedeno jinak. Pokud cena kritick\u00fdch materi\u00e1l\u016f podl\u00e9h\u00e1 v\u00fdznamn\u00fdm tr\u017en\u00edm v\u00fdkyv\u016fm, prod\u00e1vaj\u00edc\u00ed si vyhrazuje pr\u00e1vo upravit ceny v dob\u011b objedn\u00e1vky na z\u00e1klad\u011b aktu\u00e1ln\u00edch tr\u017en\u00edch podm\u00ednek.<\/p>\n<p data-start=\"1036\" data-end=\"1804\"><strong data-start=\"1036\" data-end=\"1066\">Zp\u016fsoby a podm\u00ednky dopravy<\/strong><br data-start=\"1066\" data-end=\"1069\" \/>Prod\u00e1vaj\u00edc\u00ed ode\u0161le v\u0161echny objednan\u00e9 materi\u00e1ly podle pokyn\u016f kupuj\u00edc\u00edho. V p\u0159\u00edpad\u011b absence konkr\u00e9tn\u00edch pokyn\u016f pou\u017eije prod\u00e1vaj\u00edc\u00ed zp\u016fsob dopravy, kter\u00fd pova\u017euje za vhodn\u00fd. V\u0161echny odhadovan\u00e9 term\u00edny odesl\u00e1n\u00ed jsou p\u0159ibli\u017en\u00e9. Prod\u00e1vaj\u00edc\u00ed nenese odpov\u011bdnost za jak\u00e9koli zpo\u017ed\u011bn\u00ed zp\u016fsoben\u00e9 po\u017e\u00e1rem, st\u00e1vkou, pracovn\u00edm sporem, z\u00e1sahem vy\u0161\u0161\u00ed moci, nedostatkem materi\u00e1lu, zpo\u017ed\u011bn\u00edm dodavatel\u016f nebo jin\u00fdmi okolnostmi, kter\u00e9 jsou mimo p\u0159im\u011b\u0159enou kontrolu prod\u00e1vaj\u00edc\u00edho, ani takov\u00e1 zpo\u017ed\u011bn\u00ed nezakl\u00e1daj\u00ed n\u00e1rok kupuj\u00edc\u00edho. Prod\u00e1vaj\u00edc\u00ed za \u017e\u00e1dn\u00fdch okolnost\u00ed nenese odpov\u011bdnost za jak\u00e9koli n\u00e1hodn\u00e9 nebo n\u00e1sledn\u00e9 \u0161kody zp\u016fsoben\u00e9 zpo\u017ed\u011bn\u00edm. Riziko ztr\u00e1ty p\u0159ech\u00e1z\u00ed na kupuj\u00edc\u00edho p\u0159i dod\u00e1n\u00ed dopravci. Kupuj\u00edc\u00ed p\u0159eb\u00edr\u00e1 ve\u0161ker\u00e9 riziko nedostatku, ztr\u00e1ty, zpo\u017ed\u011bn\u00ed nebo po\u0161kozen\u00ed b\u011bhem p\u0159epravy.<\/p>\n<p data-start=\"1806\" data-end=\"2422\"><strong data-start=\"1806\" data-end=\"1842\">Platba a zhor\u0161en\u00ed bonity<\/strong><br data-start=\"1842\" data-end=\"1845\" \/>Datum splatnosti platby bude p\u00edsemn\u011b uvedeno v cenov\u00e9 nab\u00eddce a faktu\u0159e prod\u00e1vaj\u00edc\u00edho. Platebn\u00ed podm\u00ednky za\u010d\u00ednaj\u00ed b\u011b\u017eet od data vystaven\u00ed faktury. U \u010d\u00e1stek po splatnosti mohou b\u00fdt \u00fa\u010dtov\u00e1ny \u00faroky a\u017e do v\u00fd\u0161e 15 % ro\u010dn\u011b. Kupuj\u00edc\u00ed uhrad\u00ed prod\u00e1vaj\u00edc\u00edmu na vy\u017e\u00e1d\u00e1n\u00ed ve\u0161ker\u00e9 n\u00e1klady na vym\u00e1h\u00e1n\u00ed pohled\u00e1vek, v\u010detn\u011b p\u0159im\u011b\u0159en\u00fdch poplatk\u016f za pr\u00e1vn\u00ed zastoupen\u00ed. Pokud se kupuj\u00edc\u00ed stane insolventn\u00edm, nen\u00ed schopen platit sv\u00e9 dluhy v dob\u011b jejich splatnosti, zah\u00e1j\u00ed nebo je proti n\u011bmu zah\u00e1jeno insolven\u010dn\u00ed \u0159\u00edzen\u00ed, nebo m\u00e1-li prod\u00e1vaj\u00edc\u00ed d\u016fvodn\u00e9 pochybnosti o bonit\u011b kupuj\u00edc\u00edho, m\u016f\u017ee prod\u00e1vaj\u00edc\u00ed po\u017eadovat platbu p\u0159edem p\u0159ed odesl\u00e1n\u00edm zbo\u017e\u00ed.<\/p>\n<p data-start=\"2424\" data-end=\"2931\"><strong data-start=\"2424\" data-end=\"2433\">Dan\u011b<\/strong><br data-start=\"2433\" data-end=\"2436\" \/>Ve\u0161ker\u00e9 dan\u011b z v\u00fdroby, maloobchodu, zam\u011bstn\u00e1n\u00ed, pou\u017e\u00edv\u00e1n\u00ed, prodeje nebo spot\u0159ebn\u00ed dan\u011b, cla, celn\u00ed poplatky, poplatky za inspekci nebo testov\u00e1n\u00ed nebo jak\u00e9koli jin\u00e9 dan\u011b nebo poplatky ulo\u017een\u00e9 jak\u00fdmkoli vl\u00e1dn\u00edm org\u00e1nem v souvislosti s transakcemi mezi prod\u00e1vaj\u00edc\u00edm a kupuj\u00edc\u00edm hrad\u00ed kupuj\u00edc\u00ed, pokud prod\u00e1vaj\u00edc\u00ed v\u00fdslovn\u011b neuvede, \u017ee takov\u00e9 poplatky jsou zahrnuty v cen\u011b smlouvy, nebo kupuj\u00edc\u00ed nep\u0159edlo\u017e\u00ed platn\u00e9 osv\u011bd\u010den\u00ed o osvobozen\u00ed od dan\u011b v dob\u011b objedn\u00e1vky. Kupuj\u00edc\u00ed uhrad\u00ed prod\u00e1vaj\u00edc\u00edmu na vy\u017e\u00e1d\u00e1n\u00ed takov\u00e9 poplatky.<\/p>\n<p data-start=\"2933\" data-end=\"3141\"><strong data-start=\"2933\" data-end=\"2969\">Autorizace vr\u00e1cen\u00ed zbo\u017e\u00ed<\/strong><br data-start=\"2969\" data-end=\"2972\" \/>V\u0161echny vratky mus\u00ed b\u00fdt p\u0159edem schv\u00e1leny. Pokud je vr\u00e1cen\u00ed schv\u00e1leno, bude vyd\u00e1no \u010d\u00edslo autorizace vr\u00e1cen\u00ed zbo\u017e\u00ed (RMA) spolu s podrobn\u00fdmi pokyny pro vr\u00e1cen\u00ed.<\/p>\n<p data-start=\"3143\" data-end=\"3578\"><strong data-start=\"3143\" data-end=\"3153\">Reklamace<\/strong><br data-start=\"3153\" data-end=\"3156\" \/>V\u0161echny produkty jsou vyr\u00e1b\u011bny a baleny s velkou p\u00e9\u010d\u00ed a p\u0159ed odesl\u00e1n\u00edm proch\u00e1zej\u00ed pe\u010dlivou kontrolou. Jak\u00e9koli reklamace z d\u016fvodu chyb\u011bj\u00edc\u00edho zbo\u017e\u00ed, nespr\u00e1vn\u00fdch materi\u00e1l\u016f nebo vad kvality mus\u00ed b\u00fdt uplatn\u011bny p\u00edsemn\u011b do t\u0159\u00ed dn\u016f od doru\u010den\u00ed. Uschovejte pros\u00edm ve\u0161ker\u00fd obal pro kontrolu. Odpov\u011bdnost prod\u00e1vaj\u00edc\u00edho za takov\u00e9 reklamace je omezena na bezplatnou v\u00fdm\u011bnu zbo\u017e\u00ed nebo vystaven\u00ed dobropisu odpov\u00eddaj\u00edc\u00edho hodnot\u011b faktury.<\/p>\n<p data-start=\"3580\" data-end=\"3781\"><strong data-start=\"3580\" data-end=\"3596\">Chyby v objedn\u00e1vce<\/strong><br data-start=\"3596\" data-end=\"3599\" \/>Kupuj\u00edc\u00ed je odpov\u011bdn\u00fd za jak\u00e9koli chyby v objedn\u00e1vce. Zda bude poskytnut dobropis za vr\u00e1cen\u00e9 zbo\u017e\u00ed, je na v\u00fdhradn\u00edm uv\u00e1\u017een\u00ed prod\u00e1vaj\u00edc\u00edho. Pokud je vr\u00e1cen\u00ed akceptov\u00e1no, bude \u00fa\u010dtov\u00e1n poplatek za op\u011btovn\u00e9 naskladn\u011bn\u00ed.<\/p>\n<p data-start=\"3783\" data-end=\"4031\"><strong data-start=\"3783\" data-end=\"3831\">Certifik\u00e1t o anal\u00fdze a prohl\u00e1\u0161en\u00ed o \u010distot\u011b<\/strong><br data-start=\"3831\" data-end=\"3834\" \/>V\u0161echny odeslan\u00e9 materi\u00e1ly jsou doprov\u00e1zeny certifik\u00e1tem o anal\u00fdze poskytnut\u00fdm v\u00fdrobcem. Anal\u00fdza odr\u00e1\u017e\u00ed konkr\u00e9tn\u00ed odeslanou \u0161ar\u017ei, a nikoli \u201etypickou anal\u00fdzu\u201c, pokud nen\u00ed uvedeno jinak.<\/p>\n<p data-start=\"4033\" data-end=\"5413\"><strong data-start=\"4033\" data-end=\"4045\">Z\u00e1ruka<\/strong><br data-start=\"4045\" data-end=\"4048\" \/>Prod\u00e1vaj\u00edc\u00ed zaru\u010duje, \u017ee jeho produkty budou spl\u0148ovat specifikace v\u00fdslovn\u011b definovan\u00e9 v jeho katalogu, certifik\u00e1tu o anal\u00fdze nebo p\u00edsemn\u00e9m n\u00e1vrhu od autorizovan\u00e9ho z\u00e1stupce po dobu t\u0159iceti (30) dn\u016f po obdr\u017een\u00ed kupuj\u00edc\u00edm. Tato z\u00e1ruka pozb\u00fdv\u00e1 platnosti, pokud bylo zbo\u017e\u00ed upraveno nebo pokud lze vr\u00e1tit m\u00e9n\u011b ne\u017e 75 % p\u016fvodn\u00edho zbo\u017e\u00ed. Prod\u00e1vaj\u00edc\u00ed nezaru\u010duje v\u00fdkon nebo v\u00fdsledky z kone\u010dn\u00e9ho pou\u017eit\u00ed jak\u00e9hokoli produktu. Reklamace z d\u016fvodu chyb, vad nebo po\u0161kozen\u00ed mus\u00ed b\u00fdt p\u0159edlo\u017eeny p\u00edsemn\u011b do 30 dn\u016f od obdr\u017een\u00ed, jinak se m\u00e1 za to, \u017ee byly prominuty. Odpov\u011bdnost prod\u00e1vaj\u00edc\u00edho je omezena na v\u00fdm\u011bnu produktu nebo vystaven\u00ed dobropisu za p\u0159edpokladu, \u017ee kupuj\u00edc\u00ed neprodlen\u011b za\u0161le ozn\u00e1men\u00ed a vr\u00e1t\u00ed zbo\u017e\u00ed, pokud je to po\u017eadov\u00e1no. Neautorizovan\u00e9 vratky nebudou akceptov\u00e1ny a budou vr\u00e1ceny na n\u00e1klady p\u0159\u00edjemce. Prod\u00e1vaj\u00edc\u00ed si vyhrazuje pr\u00e1vo na odstran\u011bn\u00ed jak\u00e9koli vady v p\u0159im\u011b\u0159en\u00e9 dob\u011b. V\u00fdhradn\u00ed n\u00e1prava kupuj\u00edc\u00edho, bez ohledu na p\u0159\u00ed\u010dinu nebo n\u00e1rok, v\u010detn\u011b poru\u0161en\u00ed z\u00e1ruky, odpov\u011bdnosti za v\u00fdrobek nebo nedbalosti, bude omezena na kupn\u00ed cenu produktu. Prod\u00e1vaj\u00edc\u00ed nenese odpov\u011bdnost za \u017e\u00e1dn\u00e9 zvl\u00e1\u0161tn\u00ed, n\u00e1hodn\u00e9 nebo n\u00e1sledn\u00e9 \u0161kody. Kupuj\u00edc\u00ed souhlas\u00ed s t\u00edm, \u017ee od\u0161kodn\u00ed a ochr\u00e1n\u00ed prod\u00e1vaj\u00edc\u00edho p\u0159ed ve\u0161ker\u00fdmi n\u00e1roky, ztr\u00e1tami a z\u00e1vazky vypl\u00fdvaj\u00edc\u00edmi z pou\u017e\u00edv\u00e1n\u00ed nebo manipulace s produktem kupuj\u00edc\u00edm, a\u0165 u\u017e je pou\u017e\u00edv\u00e1n samostatn\u011b nebo v kombinaci s jin\u00fdmi l\u00e1tkami.<\/p>\n<p data-start=\"5415\" data-end=\"5559\"><strong data-start=\"5415\" data-end=\"5436\">Patenty a pou\u017eit\u00ed<\/strong><br data-start=\"5436\" data-end=\"5439\" \/>Nab\u00eddka jak\u00e9hokoliv materi\u00e1lu nezakl\u00e1d\u00e1 ani nenazna\u010duje \u017e\u00e1dnou licenci nebo poru\u0161en\u00ed jak\u00fdchkoliv prob\u00edhaj\u00edc\u00edch nebo vydan\u00fdch patent\u016f.<\/p>\n<p data-start=\"5561\" data-end=\"5809\" data-is-last-node=\"\" data-is-only-node=\"\"><strong data-start=\"5561\" data-end=\"5586\">P\u0159evod a vzd\u00e1n\u00ed se pr\u00e1v<\/strong><br data-start=\"5586\" data-end=\"5589\" \/>Kupuj\u00edc\u00ed nesm\u00ed postoupit tuto smlouvu ani \u017e\u00e1dn\u00fd jej\u00ed pod\u00edl bez p\u0159edchoz\u00ed p\u00edsemn\u00e9 souhlasu Prod\u00e1vaj\u00edc\u00edho. Nepou\u017eit\u00ed jak\u00e9hokoliv uplatn\u011bn\u00ed jak\u00e9hokoliv ustanoven\u00ed v jak\u00e9mkoli \u010dase nebude pova\u017eov\u00e1no za vzd\u00e1n\u00ed se jak\u00e9hokoliv n\u00e1sledn\u00e9ho poru\u0161en\u00ed.<\/p>","protected":false},"excerpt":{"rendered":"<p>V\u0161echna objedn\u00e1vky jsou p\u0159ij\u00edm\u00e1ny a odes\u00edl\u00e1ny p\u0159\u00edsn\u011b za podm\u00ednek n\u00e1sleduj\u00edc\u00edch v\u0161eobecn\u00fdch obchodn\u00edch podm\u00ednek. \u017d\u00e1dn\u00e9 dodate\u010dn\u00e9 nebo odli\u0161n\u00e9 podm\u00ednky navr\u017een\u00e9 Kupuj\u00edc\u00edm nebudou platn\u00e9, pokud s nimi nesouhlas\u00ed p\u00edsemn\u011b opr\u00e1vn\u011bn\u00fd z\u00e1stupce Prod\u00e1vaj\u00edc\u00edho. Ceny a mno\u017estv\u00ed objedn\u00e1vek Uveden\u00e9 ceny nezahrnuj\u00ed dopravu, manipulaci, [\u2026]<\/p>","protected":false},"author":1,"featured_media":0,"parent":0,"menu_order":0,"comment_status":"closed","ping_status":"closed","template":"","meta":{"om_disable_all_campaigns":false,"_mi_skip_tracking":false,"footnotes":""},"class_list":["post-2189","page","type-page","status-publish","hentry"],"rankMath":{"parentDomain":"nbaem.com","noFollowDomains":[],"noFollowExcludeDomains":[],"noFollowExternalLinks":false,"featuredImageNotice":"Doporu\u010den\u00fd obr\u00e1zek by m\u011bl b\u00fdt alespo\u0148 200 x 200 pixel\u016f, aby jej bylo mo\u017en\u00e9 zachytit na Facebooku a na jin\u00fdch soci\u00e1ln\u00edch s\u00edt\u00edch.","pluginReviewed":false,"postSettings":{"linkSuggestions":true,"useFocusKeyword":false},"frontEndScore":false,"postName":"terms-conditions","permalinkFormat":"https:\/\/nbaem.com\/cs\/%pagename%\/","showLockModifiedDate":true,"assessor":{"focusKeywordLink":"https:\/\/nbaem.com\/wp-admin\/edit.php?focus_keyword=%focus_keyword%&post_type=%post_type%","hasTOCPlugin":{"luckywp-table-of-contents\/luckywp-table-of-contents.php":"LuckyWP Table of Contents"},"primaryTaxonomy":false,"serpData":{"title":"","description":"","focusKeywords":"","pillarContent":false,"canonicalUrl":"","breadcrumbTitle":"","advancedRobots":[],"facebookTitle":"","facebookDescription":"","facebookImage":"","facebookImageID":"","facebookHasOverlay":false,"facebookImageOverlay":"","facebookAuthor":"","twitterCardType":"","twitterUseFacebook":true,"twitterTitle":"","twitterDescription":"","twitterImage":"","twitterImageID":"","twitterHasOverlay":false,"twitterImageOverlay":"","twitterPlayerUrl":"","twitterPlayerSize":"","twitterPlayerStream":"","twitterPlayerStreamCtype":"","twitterAppDescription":"","twitterAppIphoneName":"","twitterAppIphoneID":"","twitterAppIphoneUrl":"","twitterAppIpadName":"","twitterAppIpadID":"","twitterAppIpadUrl":"","twitterAppGoogleplayName":"","twitterAppGoogleplayID":"","twitterAppGoogleplayUrl":"","twitterAppCountry":"","robots":{"index":true},"twitterAuthor":"u\u017eivatelsk\u00e9 jm\u00e9no","primaryTerm":0,"authorName":"nbaem01","titleTemplate":"%title% %page% %sep% %sitename%","descriptionTemplate":"","showScoreFrontend":true,"lockModifiedDate":false},"powerWords":[],"diacritics":{"A":"[\\u0041\\u24B6\\uFF21\\u00C0\\u00C1\\u00C2\\u1EA6\\u1EA4\\u1EAA\\u1EA8\\u00C3\\u0100\\u0102\\u1EB0\\u1EAE\\u1EB4\\u1EB2\\u0226\\u01E0\\u00C4\\u01DE\\u1EA2\\u00C5\\u01FA\\u01CD\\u0200\\u0202\\u1EA0\\u1EAC\\u1EB6\\u1E00\\u0104\\u023A\\u2C6F]","AA":"[\\uA732]","AE":"[\\u00C6\\u01FC\\u01E2]","AO":"[\\uA734]","AU":"[\\uA736]","AV":"[\\uA738\\uA73A]","AY":"[\\uA73C]","B":"[\\u0042\\u24B7\\uFF22\\u1E02\\u1E04\\u1E06\\u0243\\u0182\\u0181]","C":"[\\u0043\\u24B8\\uFF23\\u0106\\u0108\\u010A\\u010C\\u00C7\\u1E08\\u0187\\u023B\\uA73E]","D":"[\\u0044\\u24B9\\uFF24\\u1E0A\\u010E\\u1E0C\\u1E10\\u1E12\\u1E0E\\u0110\\u018B\\u018A\\u0189\\uA779]","DZ":"[\\u01F1\\u01C4]","Dz":"[\\u01F2\\u01C5]","E":"[\\u0045\\u24BA\\uFF25\\u00C8\\u00C9\\u00CA\\u1EC0\\u1EBE\\u1EC4\\u1EC2\\u1EBC\\u0112\\u1E14\\u1E16\\u0114\\u0116\\u00CB\\u1EBA\\u011A\\u0204\\u0206\\u1EB8\\u1EC6\\u0228\\u1E1C\\u0118\\u1E18\\u1E1A\\u0190\\u018E]","F":"[\\u0046\\u24BB\\uFF26\\u1E1E\\u0191\\uA77B]","G":"[\\u0047\\u24BC\\uFF27\\u01F4\\u011C\\u1E20\\u011E\\u0120\\u01E6\\u0122\\u01E4\\u0193\\uA7A0\\uA77D\\uA77E]","H":"[\\u0048\\u24BD\\uFF28\\u0124\\u1E22\\u1E26\\u021E\\u1E24\\u1E28\\u1E2A\\u0126\\u2C67\\u2C75\\uA78D]","I":"[\\u0049\\u24BE\\uFF29\\u00CC\\u00CD\\u00CE\\u0128\\u012A\\u012C\\u0130\\u00CF\\u1E2E\\u1EC8\\u01CF\\u0208\\u020A\\u1ECA\\u012E\\u1E2C\\u0197]","J":"[\\u004A\\u24BF\\uFF2A\\u0134\\u0248]","K":"[\\u004B\\u24C0\\uFF2B\\u1E30\\u01E8\\u1E32\\u0136\\u1E34\\u0198\\u2C69\\uA740\\uA742\\uA744\\uA7A2]","L":"[\\u004C\\u24C1\\uFF2C\\u013F\\u0139\\u013D\\u1E36\\u1E38\\u013B\\u1E3C\\u1E3A\\u0141\\u023D\\u2C62\\u2C60\\uA748\\uA746\\uA780]","LJ":"[\\u01C7]","Lj":"[\\u01C8]","M":"[\\u004D\\u24C2\\uFF2D\\u1E3E\\u1E40\\u1E42\\u2C6E\\u019C]","N":"[\\u004E\\u24C3\\uFF2E\\u01F8\\u0143\\u00D1\\u1E44\\u0147\\u1E46\\u0145\\u1E4A\\u1E48\\u0220\\u019D\\uA790\\uA7A4]","NJ":"[\\u01CA]","Nj":"[\\u01CB]","O":"[\\u004F\\u24C4\\uFF2F\\u00D2\\u00D3\\u00D4\\u1ED2\\u1ED0\\u1ED6\\u1ED4\\u00D5\\u1E4C\\u022C\\u1E4E\\u014C\\u1E50\\u1E52\\u014E\\u022E\\u0230\\u00D6\\u022A\\u1ECE\\u0150\\u01D1\\u020C\\u020E\\u01A0\\u1EDC\\u1EDA\\u1EE0\\u1EDE\\u1EE2\\u1ECC\\u1ED8\\u01EA\\u01EC\\u00D8\\u01FE\\u0186\\u019F\\uA74A\\uA74C]","OI":"[\\u01A2]","OO":"[\\uA74E]","OU":"[\\u0222]","P":"[\\u0050\\u24C5\\uFF30\\u1E54\\u1E56\\u01A4\\u2C63\\uA750\\uA752\\uA754]","Q":"[\\u0051\\u24C6\\uFF31\\uA756\\uA758\\u024A]","R":"[\\u0052\\u24C7\\uFF32\\u0154\\u1E58\\u0158\\u0210\\u0212\\u1E5A\\u1E5C\\u0156\\u1E5E\\u024C\\u2C64\\uA75A\\uA7A6\\uA782]","S":"[\\u0053\\u24C8\\uFF33\\u1E9E\\u015A\\u1E64\\u015C\\u1E60\\u0160\\u1E66\\u1E62\\u1E68\\u0218\\u015E\\u2C7E\\uA7A8\\uA784]","T":"[\\u0054\\u24C9\\uFF34\\u1E6A\\u0164\\u1E6C\\u021A\\u0162\\u1E70\\u1E6E\\u0166\\u01AC\\u01AE\\u023E\\uA786]","TZ":"[\\uA728]","U":"[\\u0055\\u24CA\\uFF35\\u00D9\\u00DA\\u00DB\\u0168\\u1E78\\u016A\\u1E7A\\u016C\\u00DC\\u01DB\\u01D7\\u01D5\\u01D9\\u1EE6\\u016E\\u0170\\u01D3\\u0214\\u0216\\u01AF\\u1EEA\\u1EE8\\u1EEE\\u1EEC\\u1EF0\\u1EE4\\u1E72\\u0172\\u1E76\\u1E74\\u0244]","V":"[\\u0056\\u24CB\\uFF36\\u1E7C\\u1E7E\\u01B2\\uA75E\\u0245]","VY":"[\\uA760]","W":"[\\u0057\\u24CC\\uFF37\\u1E80\\u1E82\\u0174\\u1E86\\u1E84\\u1E88\\u2C72]","X":"[\\u0058\\u24CD\\uFF38\\u1E8A\\u1E8C]","Y":"[\\u0059\\u24CE\\uFF39\\u1EF2\\u00DD\\u0176\\u1EF8\\u0232\\u1E8E\\u0178\\u1EF6\\u1EF4\\u01B3\\u024E\\u1EFE]","Z":"[\\u005A\\u24CF\\uFF3A\\u0179\\u1E90\\u017B\\u017D\\u1E92\\u1E94\\u01B5\\u0224\\u2C7F\\u2C6B\\uA762]","a":"[\\u0061\\u24D0\\uFF41\\u1E9A\\u00E0\\u00E1\\u00E2\\u1EA7\\u1EA5\\u1EAB\\u1EA9\\u00E3\\u0101\\u0103\\u1EB1\\u1EAF\\u1EB5\\u1EB3\\u0227\\u01E1\\u00E4\\u01DF\\u1EA3\\u00E5\\u01FB\\u01CE\\u0201\\u0203\\u1EA1\\u1EAD\\u1EB7\\u1E01\\u0105\\u2C65\\u0250]","aa":"[\\uA733]","ae":"[\\u00E6\\u01FD\\u01E3]","ao":"[\\uA735]","au":"[\\uA737]","av":"[\\uA739\\uA73B]","ay":"[\\uA73D]","b":"[\\u0062\\u24D1\\uFF42\\u1E03\\u1E05\\u1E07\\u0180\\u0183\\u0253]","c":"[\\u0063\\u24D2\\uFF43\\u0107\\u0109\\u010B\\u010D\\u00E7\\u1E09\\u0188\\u023C\\uA73F\\u2184]","d":"[\\u0064\\u24D3\\uFF44\\u1E0B\\u010F\\u1E0D\\u1E11\\u1E13\\u1E0F\\u0111\\u018C\\u0256\\u0257\\uA77A]","dz":"[\\u01F3\\u01C6]","e":"[\\u0065\\u24D4\\uFF45\\u00E8\\u00E9\\u00EA\\u1EC1\\u1EBF\\u1EC5\\u1EC3\\u1EBD\\u0113\\u1E15\\u1E17\\u0115\\u0117\\u00EB\\u1EBB\\u011B\\u0205\\u0207\\u1EB9\\u1EC7\\u0229\\u1E1D\\u0119\\u1E19\\u1E1B\\u0247\\u025B\\u01DD]","f":"[\\u0066\\u24D5\\uFF46\\u1E1F\\u0192\\uA77C]","g":"[\\u0067\\u24D6\\uFF47\\u01F5\\u011D\\u1E21\\u011F\\u0121\\u01E7\\u0123\\u01E5\\u0260\\uA7A1\\u1D79\\uA77F]","h":"[\\u0068\\u24D7\\uFF48\\u0125\\u1E23\\u1E27\\u021F\\u1E25\\u1E29\\u1E2B\\u1E96\\u0127\\u2C68\\u2C76\\u0265]","hv":"[\\u0195]","i":"[\\u0069\\u24D8\\uFF49\\u00EC\\u00ED\\u00EE\\u0129\\u012B\\u012D\\u00EF\\u1E2F\\u1EC9\\u01D0\\u0209\\u020B\\u1ECB\\u012F\\u1E2D\\u0268\\u0131]","j":"[\\u006A\\u24D9\\uFF4A\\u0135\\u01F0\\u0249]","k":"[\\u006B\\u24DA\\uFF4B\\u1E31\\u01E9\\u1E33\\u0137\\u1E35\\u0199\\u2C6A\\uA741\\uA743\\uA745\\uA7A3]","l":"[\\u006C\\u24DB\\uFF4C\\u0140\\u013A\\u013E\\u1E37\\u1E39\\u013C\\u1E3D\\u1E3B\\u017F\\u0142\\u019A\\u026B\\u2C61\\uA749\\uA781\\uA747]","lj":"[\\u01C9]","m":"[\\u006D\\u24DC\\uFF4D\\u1E3F\\u1E41\\u1E43\\u0271\\u026F]","n":"[\\u006E\\u24DD\\uFF4E\\u01F9\\u0144\\u00F1\\u1E45\\u0148\\u1E47\\u0146\\u1E4B\\u1E49\\u019E\\u0272\\u0149\\uA791\\uA7A5]","nj":"[\\u01CC]","o":"[\\u006F\\u24DE\\uFF4F\\u00F2\\u00F3\\u00F4\\u1ED3\\u1ED1\\u1ED7\\u1ED5\\u00F5\\u1E4D\\u022D\\u1E4F\\u014D\\u1E51\\u1E53\\u014F\\u022F\\u0231\\u00F6\\u022B\\u1ECF\\u0151\\u01D2\\u020D\\u020F\\u01A1\\u1EDD\\u1EDB\\u1EE1\\u1EDF\\u1EE3\\u1ECD\\u1ED9\\u01EB\\u01ED\\u00F8\\u01FF\\u0254\\uA74B\\uA74D\\u0275]","oi":"[\\u01A3]","ou":"[\\u0223]","oo":"[\\uA74F]","p":"[\\u0070\\u24DF\\uFF50\\u1E55\\u1E57\\u01A5\\u1D7D\\uA751\\uA753\\uA755]","q":"[\\u0071\\u24E0\\uFF51\\u024B\\uA757\\uA759]","r":"[\\u0072\\u24E1\\uFF52\\u0155\\u1E59\\u0159\\u0211\\u0213\\u1E5B\\u1E5D\\u0157\\u1E5F\\u024D\\u027D\\uA75B\\uA7A7\\uA783]","s":"[\\u0073\\u24E2\\uFF53\\u015B\\u1E65\\u015D\\u1E61\\u0161\\u1E67\\u1E63\\u1E69\\u0219\\u015F\\u023F\\uA7A9\\uA785\\u1E9B]","ss":"[\\u00DF]","t":"[\\u0074\\u24E3\\uFF54\\u1E6B\\u1E97\\u0165\\u1E6D\\u021B\\u0163\\u1E71\\u1E6F\\u0167\\u01AD\\u0288\\u2C66\\uA787]","tz":"[\\uA729]","u":"[\\u0075\\u24E4\\uFF55\\u00F9\\u00FA\\u00FB\\u0169\\u1E79\\u016B\\u1E7B\\u016D\\u00FC\\u01DC\\u01D8\\u01D6\\u01DA\\u1EE7\\u016F\\u0171\\u01D4\\u0215\\u0217\\u01B0\\u1EEB\\u1EE9\\u1EEF\\u1EED\\u1EF1\\u1EE5\\u1E73\\u0173\\u1E77\\u1E75\\u0289]","v":"[\\u0076\\u24E5\\uFF56\\u1E7D\\u1E7F\\u028B\\uA75F\\u028C]","vy":"[\\uA761]","w":"[\\u0077\\u24E6\\uFF57\\u1E81\\u1E83\\u0175\\u1E87\\u1E85\\u1E98\\u1E89\\u2C73]","x":"[\\u0078\\u24E7\\uFF58\\u1E8B\\u1E8D]","y":"[\\u0079\\u24E8\\uFF59\\u1EF3\\u00FD\\u0177\\u1EF9\\u0233\\u1E8F\\u00FF\\u1EF7\\u1E99\\u1EF5\\u01B4\\u024F\\u1EFF]","z":"[\\u007A\\u24E9\\uFF5A\\u017A\\u1E91\\u017C\\u017E\\u1E93\\u1E95\\u01B6\\u0225\\u0240\\u2C6C\\uA763]"},"researchesTests":["contentHasTOC","contentHasShortParagraphs","contentHasAssets","keywordInTitle","keywordInMetaDescription","keywordInPermalink","keywordIn10Percent","keywordInContent","keywordInSubheadings","keywordInImageAlt","keywordDensity","keywordNotUsed","lengthContent","lengthPermalink","linksHasInternal","linksHasExternals","linksNotAllExternals","titleStartWithKeyword","titleSentiment","titleHasPowerWords","titleHasNumber","hasContentAI"],"hasRedirection":true,"hasBreadcrumb":true},"homeUrl":"https:\/\/nbaem.com\/cs","objectID":2189,"objectType":"post","locale":"cs","localeFull":"cs_CZ","overlayImages":{"play":{"name":"Ikona p\u0159ehr\u00e1v\u00e1n\u00ed","url":"https:\/\/nbaem.com\/wp-content\/plugins\/seo-by-rank-math\/assets\/admin\/img\/icon-play.png","path":"\/home\/u209265392\/domains\/nbaem.com\/public_html\/wp-content\/plugins\/seo-by-rank-math\/assets\/admin\/img\/icon-play.png","position":"middle_center"},"gif":{"name":"GIF ikona","url":"https:\/\/nbaem.com\/wp-content\/plugins\/seo-by-rank-math\/assets\/admin\/img\/icon-gif.png","path":"\/home\/u209265392\/domains\/nbaem.com\/public_html\/wp-content\/plugins\/seo-by-rank-math\/assets\/admin\/img\/icon-gif.png","position":"middle_center"}},"defautOgImage":"https:\/\/nbaem.com\/wp-content\/plugins\/seo-by-rank-math\/assets\/admin\/img\/social-placeholder.jpg","customPermalinks":true,"isUserRegistered":false,"autoSuggestKeywords":false,"connectSiteUrl":"https:\/\/rankmath.com\/auth?site=https%3A%2F%2Fnbaem.com%2Fcs&r=https%3A%2F%2Fnbaem.com%2Fcs%2Fwp-json%2Fwp%2Fv2%2Fpages%2F2189%3Fnonce%3De5116f22b4","maxTags":5,"trendsIcon":"<svg viewBox=\"0 0 610 610\"><path d=\"M18.85,446,174.32,290.48l58.08,58.08L76.93,504a14.54,14.54,0,0,1-20.55,0L18.83,466.48a14.54,14.54,0,0,1,0-20.55Z\" style=\"fill:#4285f4\"\/><path d=\"M242.65,242.66,377.59,377.6l-47.75,47.75a14.54,14.54,0,0,1-20.55,0L174.37,290.43l47.75-47.75A14.52,14.52,0,0,1,242.65,242.66Z\" style=\"fill:#ea4335\"\/><polygon points=\"319.53 319.53 479.26 159.8 537.34 217.88 377.61 377.62 319.53 319.53\" style=\"fill:#fabb05\"\/><path d=\"M594.26,262.73V118.61h0a16.94,16.94,0,0,0-16.94-16.94H433.2a16.94,16.94,0,0,0-12,28.92L565.34,274.71h0a16.94,16.94,0,0,0,28.92-12Z\" style=\"fill:#34a853\"\/><rect width=\"610\" height=\"610\" style=\"fill:none\"\/><\/svg>","showScore":true,"siteFavIcon":"data:image\/png;base64,iVBORw0KGgoAAAANSUhEUgAAABAAAAAQCAYAAAAf8\/9hAAABs0lEQVR4AWL4\/\/8\/RRjO8Iucx+noO0MWUDo16FYABMGP6ZfUcRnWtm27jVPbtm3bttuH2t3eFPcY9pLz7NxiLjCyVd87pKnHyqXyxtCs8APd0rnyxiu4qSeA3QEDrAwBDrT1s1Rc\/OrjLZwqVmOSu6+Lamcpp2KKMA9PH1BYXMe1mUP5qotvXTywsOEEYHXxrY+3cqk6TMkYpNr2FeoY3KIr0RPtn9wQ2unlA+GMkRw6+9TFw4YTwDUzx\/JVvARj9KaedXRO8P5B1Du2S32smzqUrcKGEyA+uAgQjKX7zf0boWHGfn71jIKj2689gxp7OAGShNcBUmLMPVjZuiKcA2vuWHHDCQxMCz629kXAIU4ApY15QwggAFbfOP9DhgBJ+nWVJ1AZAfICAj1pAlY6hCADZnveQf7bQIwzVONGJonhLIlS9gr5mFg44Xd+4S3XHoGNPdJl1INIwKyEgHckEhgTe1bGiFY9GSFBYUwLh1IkiJUbY407E7syBSFxKTszEoiE\/YdrgCEayDmtaJwCI9uu8TKMuZSVfSa4BpGgzvomBR\/INhLGzrqDotp01ZR8pn\/1L0JN9d9XNyx0AAAAAElFTkSuQmCC","canUser":{"general":false,"advanced":false,"snippet":false,"social":false,"analysis":false,"analytics":false,"content_ai":false},"showKeywordIntent":true,"isPro":false,"is_front_page":false,"trendsUpgradeLink":"https:\/\/rankmath.com\/pricing\/?utm_source=Plugin&utm_medium=CE%20General%20Tab%20Trends&utm_campaign=WP","trendsUpgradeLabel":"Upgradovat","trendsPreviewImage":"https:\/\/nbaem.com\/wp-content\/plugins\/seo-by-rank-math\/assets\/admin\/img\/trends-preview.jpg","currentEditor":false,"homepageData":{"assessor":{"powerWords":[],"diacritics":true,"researchesTests":["contentHasTOC","contentHasShortParagraphs","contentHasAssets","keywordInTitle","keywordInMetaDescription","keywordInPermalink","keywordIn10Percent","keywordInContent","keywordInSubheadings","keywordInImageAlt","keywordDensity","keywordNotUsed","lengthContent","lengthPermalink","linksHasInternal","linksHasExternals","linksNotAllExternals","titleStartWithKeyword","titleSentiment","titleHasPowerWords","titleHasNumber","hasContentAI"],"hasBreadcrumb":true,"serpData":{"title":"%sitename% %page% %sep% %sitedesc%","description":"","titleTemplate":"%sitename% %page% %sep% %sitedesc%","descriptionTemplate":"","focusKeywords":"","breadcrumbTitle":"Home","robots":{"index":true},"advancedRobots":[],"facebookTitle":"","facebookDescription":"","facebookImage":"","facebookImageID":""}}},"tocTitle":"Table of Contents","tocExcludeHeadings":[],"listStyle":"ul"},"_links":{"self":[{"href":"https:\/\/nbaem.com\/cs\/wp-json\/wp\/v2\/pages\/2189","targetHints":{"allow":["GET"]}}],"collection":[{"href":"https:\/\/nbaem.com\/cs\/wp-json\/wp\/v2\/pages"}],"about":[{"href":"https:\/\/nbaem.com\/cs\/wp-json\/wp\/v2\/types\/page"}],"author":[{"embeddable":true,"href":"https:\/\/nbaem.com\/cs\/wp-json\/wp\/v2\/users\/1"}],"replies":[{"embeddable":true,"href":"https:\/\/nbaem.com\/cs\/wp-json\/wp\/v2\/comments?post=2189"}],"version-history":[{"count":1,"href":"https:\/\/nbaem.com\/cs\/wp-json\/wp\/v2\/pages\/2189\/revisions"}],"predecessor-version":[{"id":2190,"href":"https:\/\/nbaem.com\/cs\/wp-json\/wp\/v2\/pages\/2189\/revisions\/2190"}],"wp:attachment":[{"href":"https:\/\/nbaem.com\/cs\/wp-json\/wp\/v2\/media?parent=2189"}],"curies":[{"name":"wp","href":"https:\/\/api.w.org\/{rel}","templated":true}]}}