{"id":2189,"date":"2025-09-09T04:16:16","date_gmt":"2025-09-09T04:16:16","guid":{"rendered":"https:\/\/nbaem.com\/?page_id=2189"},"modified":"2025-09-09T04:16:16","modified_gmt":"2025-09-09T04:16:16","slug":"terms-conditions","status":"publish","type":"page","link":"https:\/\/nbaem.com\/es_es\/terms-conditions\/","title":{"rendered":"T\u00e9rminos y Condiciones"},"content":{"rendered":"<p data-start=\"0\" data-end=\"256\">Todos los pedidos se aceptan y env\u00edan estrictamente sujetos a los siguientes t\u00e9rminos y condiciones generales. No se aplicar\u00e1n t\u00e9rminos y condiciones adicionales o diferentes propuestos por el Comprador a menos que sean acordados por escrito por un representante autorizado del Vendedor.<\/p>\n<p data-start=\"258\" data-end=\"1034\"><strong data-start=\"258\" data-end=\"290\">Precios y Cantidades de Pedido<\/strong><br data-start=\"290\" data-end=\"293\" \/>Los precios listados no incluyen gastos de env\u00edo, manipulaci\u00f3n, impuestos, aranceles, tasas de corretaje, flete o cargos de seguro. La mayor\u00eda de los materiales listados pueden ser solicitados en diferentes cantidades. Para precios de cantidades no listadas, por favor contacte al Vendedor para informaci\u00f3n detallada. Todos los precios listados son FOB China. El Vendedor puede proporcionar precios bajo otros t\u00e9rminos comerciales por escrito a solicitud del Comprador. Si as\u00ed lo requiere el Comprador, el Vendedor tambi\u00e9n puede enviar el env\u00edo con flete a cobro. Las cotizaciones son v\u00e1lidas por siete (7) d\u00edas a partir de la fecha de emisi\u00f3n, a menos que se indique lo contrario. Si el precio de materiales cr\u00edticos est\u00e1 sujeto a fluctuaciones significativas del mercado, el Vendedor se reserva el derecho de ajustar los precios en el momento del pedido seg\u00fan las condiciones actuales del mercado.<\/p>\n<p data-start=\"1036\" data-end=\"1804\"><strong data-start=\"1036\" data-end=\"1066\">M\u00e9todos y T\u00e9rminos de Env\u00edo<\/strong><br data-start=\"1066\" data-end=\"1069\" \/>El Vendedor enviar\u00e1 todos los materiales solicitados seg\u00fan las instrucciones del Comprador. En ausencia de instrucciones espec\u00edficas, el Vendedor utilizar\u00e1 el m\u00e9todo de env\u00edo considerado apropiado. Todas las fechas estimadas de env\u00edo son aproximadas. El Vendedor no ser\u00e1 responsable por retrasos debido a incendios, huelgas, disputas laborales, actos de la naturaleza, escasez de materiales, retrasos de proveedores u otras circunstancias fuera de su control razonable, ni estos retrasos ser\u00e1n motivo de reclamaciones por parte del Comprador. Bajo ninguna circunstancia el Vendedor ser\u00e1 responsable por da\u00f1os incidentales o consecuentes causados por retrasos. El riesgo de p\u00e9rdida pasa al Comprador al momento de la entrega al transportista. El Comprador asume todos los riesgos de escasez, p\u00e9rdida, retraso o da\u00f1o durante el tr\u00e1nsito.<\/p>\n<p data-start=\"1806\" data-end=\"2422\"><strong data-start=\"1806\" data-end=\"1842\">Pago y Deterioro de Cr\u00e9dito<\/strong><br data-start=\"1842\" data-end=\"1845\" \/>La fecha de vencimiento del pago ser\u00e1 especificada por escrito en la cotizaci\u00f3n y factura del Vendedor. Los t\u00e9rminos de pago neto comienzan desde la fecha de la factura. Los montos vencidos pueden generar cargos por intereses hasta 15% por a\u00f1o. El Comprador reembolsar\u00e1 al Vendedor a demanda por cualquier costo de cobranza, incluyendo honorarios razonables de abogados. Si el Comprador se vuelve insolvente, no puede pagar sus deudas a medida que vencen, presenta o ha presentado procedimientos de quiebra en su contra, o si el Vendedor tiene dudas razonables sobre la solvencia del Comprador, el Vendedor podr\u00e1 exigir el pago por adelantado antes de realizar el env\u00edo.<\/p>\n<p data-start=\"2424\" data-end=\"2931\"><strong data-start=\"2424\" data-end=\"2433\">Impuestos<\/strong><br data-start=\"2433\" data-end=\"2436\" \/>Cualquier impuesto de fabricaci\u00f3n, minorista, ocupaci\u00f3n, uso, ventas o excise, aranceles, aduanas, tasas de inspecci\u00f3n o prueba, o cualquier otro impuesto o tasa impuesto por una autoridad gubernamental relacionada con transacciones entre el Vendedor y el Comprador ser\u00e1 pagado por este \u00faltimo, a menos que el Vendedor indique expresamente que dichos cargos est\u00e1n incluidos en el precio del contrato, o el Comprador proporcione un certificado de exenci\u00f3n v\u00e1lido en el momento del pedido. El Comprador reembolsar\u00e1 al Vendedor a solicitud por dichos cargos.<\/p>\n<p data-start=\"2933\" data-end=\"3141\"><strong data-start=\"2933\" data-end=\"2969\">Autorizaci\u00f3n de Devoluci\u00f3n de Mercanc\u00eda<\/strong><br data-start=\"2969\" data-end=\"2972\" \/>Todas las devoluciones deben ser aprobadas con antelaci\u00f3n. Si una devoluci\u00f3n es aprobada, se emitir\u00e1 un n\u00famero de Autorizaci\u00f3n de Devoluci\u00f3n de Mercanc\u00eda (RMA) junto con instrucciones detalladas para la devoluci\u00f3n.<\/p>\n<p data-start=\"3143\" data-end=\"3578\"><strong data-start=\"3143\" data-end=\"3153\">Reclamaciones<\/strong><br data-start=\"3153\" data-end=\"3156\" \/>Todos los productos son fabricados y empaquetados con gran cuidado y pasan una inspecci\u00f3n cuidadosa antes del env\u00edo. Cualquier reclamaci\u00f3n por env\u00edo incompleto, materiales incorrectos o defectos de calidad debe hacerse por escrito dentro de los tres d\u00edas posteriores a la entrega. Por favor, conserve todo el embalaje para la inspecci\u00f3n. La responsabilidad del Vendedor por dichas reclamaciones se limita a la sustituci\u00f3n de los bienes sin coste o a emitir un cr\u00e9dito por el valor de la factura.<\/p>\n<p data-start=\"3580\" data-end=\"3781\"><strong data-start=\"3580\" data-end=\"3596\">Errores en el Pedido<\/strong><br data-start=\"3596\" data-end=\"3599\" \/>El Comprador es responsable de cualquier error en el pedido. La decisi\u00f3n de conceder cr\u00e9dito por los bienes devueltos queda a discreci\u00f3n exclusiva del Vendedor. Si se acepta una devoluci\u00f3n, se aplicar\u00e1 una tarifa de reposici\u00f3n.<\/p>\n<p data-start=\"3783\" data-end=\"4031\"><strong data-start=\"3783\" data-end=\"3831\">Certificado de An\u00e1lisis y Declaraci\u00f3n de Pureza<\/strong><br data-start=\"3831\" data-end=\"3834\" \/>Todos los materiales enviados van acompa\u00f1ados de un certificado de an\u00e1lisis proporcionado por el fabricante. El an\u00e1lisis refleja el lote espec\u00edfico enviado y no un \u201can\u00e1lisis t\u00edpico\u201d a menos que se indique lo contrario.<\/p>\n<p data-start=\"4033\" data-end=\"5413\"><strong data-start=\"4033\" data-end=\"4045\">Garant\u00eda<\/strong><br data-start=\"4045\" data-end=\"4048\" \/>El Vendedor garantiza que sus productos cumplir\u00e1n con las especificaciones expl\u00edcitamente definidas en su cat\u00e1logo, certificado de an\u00e1lisis o propuesta escrita de un representante autorizado por un per\u00edodo de treinta (30) d\u00edas despu\u00e9s de la recepci\u00f3n por parte del Comprador. Esta garant\u00eda queda sin efecto si los bienes han sido alterados o si se puede devolver menos del 75% de los bienes originales. El Vendedor no garantiza el rendimiento o los resultados del uso final de ning\u00fan producto. Las reclamaciones por errores, defectos o da\u00f1os deben presentarse por escrito dentro de los 30 d\u00edas posteriores a la recepci\u00f3n, o se considerar\u00e1n renunciadas. La responsabilidad del Vendedor se limita a reemplazar el producto o emitir un cr\u00e9dito, siempre que el Comprador notifique con prontitud y devuelva los bienes si es necesario. Las devoluciones no autorizadas no ser\u00e1n aceptadas y ser\u00e1n devueltas con flete a cobro. El Vendedor se reserva el derecho de remediar cualquier defecto en un plazo razonable. La \u00fanica reparaci\u00f3n del Comprador, independientemente de la causa o reclamaci\u00f3n, incluyendo incumplimiento de garant\u00eda, responsabilidad del producto o negligencia, estar\u00e1 limitada al precio de compra del producto. El Vendedor no ser\u00e1 responsable por da\u00f1os especiales, incidentales o consecuentes. El Comprador acepta indemnizar y mantener indemne al Vendedor de todas las reclamaciones, p\u00e9rdidas y responsabilidades derivadas del uso o manejo del producto, ya sea solo o en combinaci\u00f3n con otras sustancias.<\/p>\n<p data-start=\"5415\" data-end=\"5559\"><strong data-start=\"5415\" data-end=\"5436\">Patentes y Uso<\/strong><br data-start=\"5436\" data-end=\"5439\" \/>La oferta de cualquier material no constituye ni implica ninguna licencia o infracci\u00f3n de patentes pendientes o emitidas.<\/p>\n<p data-start=\"5561\" data-end=\"5809\" data-is-last-node=\"\" data-is-only-node=\"\"><strong data-start=\"5561\" data-end=\"5586\">Cesi\u00f3n y Renuncia<\/strong><br data-start=\"5586\" data-end=\"5589\" \/>El Comprador no podr\u00e1 ceder este acuerdo ni ning\u00fan inter\u00e9s en \u00e9l sin el consentimiento previo por escrito del Vendedor. La falta del Vendedor en hacer cumplir cualquier t\u00e9rmino en cualquier momento no se considerar\u00e1 una renuncia a ninguna infracci\u00f3n posterior.<\/p>","protected":false},"excerpt":{"rendered":"<p>Todos los pedidos son aceptados y enviados estrictamente sujetos a los siguientes t\u00e9rminos y condiciones generales. Ning\u00fan t\u00e9rmino y condici\u00f3n adicional o diferente propuesto por el Comprador ser\u00e1 aplicable a menos que sea acordado por escrito por un representante autorizado del Vendedor. Precios y Cantidades de Pedido Los precios listados no incluyen env\u00edo, manejo, [\u2026]<\/p>","protected":false},"author":1,"featured_media":0,"parent":0,"menu_order":0,"comment_status":"closed","ping_status":"closed","template":"","meta":{"om_disable_all_campaigns":false,"_mi_skip_tracking":false,"footnotes":""},"class_list":["post-2189","page","type-page","status-publish","hentry"],"rankMath":{"parentDomain":"nbaem.com","noFollowDomains":[],"noFollowExcludeDomains":[],"noFollowExternalLinks":false,"featuredImageNotice":"The featured image should be at least 200 by 200 pixels to be picked up by Facebook and other social media sites.","pluginReviewed":false,"postSettings":{"linkSuggestions":true,"useFocusKeyword":false},"frontEndScore":false,"postName":"terms-conditions","permalinkFormat":"https:\/\/nbaem.com\/es_es\/%pagename%\/","showLockModifiedDate":true,"assessor":{"focusKeywordLink":"https:\/\/nbaem.com\/wp-admin\/edit.php?focus_keyword=%focus_keyword%&post_type=%post_type%","hasTOCPlugin":{"luckywp-table-of-contents\/luckywp-table-of-contents.php":"LuckyWP Tabla de contenidos"},"primaryTaxonomy":false,"serpData":{"title":"","description":"","focusKeywords":"","pillarContent":false,"canonicalUrl":"","breadcrumbTitle":"","advancedRobots":[],"facebookTitle":"","facebookDescription":"","facebookImage":"","facebookImageID":"","facebookHasOverlay":false,"facebookImageOverlay":"","facebookAuthor":"","twitterCardType":"","twitterUseFacebook":true,"twitterTitle":"","twitterDescription":"","twitterImage":"","twitterImageID":"","twitterHasOverlay":false,"twitterImageOverlay":"","twitterPlayerUrl":"","twitterPlayerSize":"","twitterPlayerStream":"","twitterPlayerStreamCtype":"","twitterAppDescription":"","twitterAppIphoneName":"","twitterAppIphoneID":"","twitterAppIphoneUrl":"","twitterAppIpadName":"","twitterAppIpadID":"","twitterAppIpadUrl":"","twitterAppGoogleplayName":"","twitterAppGoogleplayID":"","twitterAppGoogleplayUrl":"","twitterAppCountry":"","robots":{"index":true},"twitterAuthor":"username","primaryTerm":0,"authorName":"nbaem01","titleTemplate":"%title% %page% %sep% %sitename%","descriptionTemplate":"","showScoreFrontend":true,"lockModifiedDate":false},"powerWords":["incre\u00edble","asombroso","maravilloso","\u00fanico","hermoso","felicidad","brillante","cautivador","carism\u00e1tico","impactante","claro","completamente","confidencial","confianza","significativo","creativo","definitivamente","delicioso","demostrar","apres\u00farate","decidido","digno","din\u00e1mico","impresionante","esencial","inspirador","innovador","intenso","eficaz","m\u00e1gico","magn\u00edfico","hist\u00f3rico","importante","incre\u00edble","indispensable","inolvidable","irresistible","legendario","luminoso","lujo","m\u00e1gico","magn\u00edfico","majestuoso","memorable","maravilloso","milagroso","motivador","necesario","nuevo","oficial","perfecto","apasionado","persuasivo","fenomenal","placer","popular","poder","prestigioso","prodigioso","profundo","pr\u00f3spero","poderoso","calidad","radiante","r\u00e1pido","exitoso","revolucionario","satisfecho","seguridad","sensacional","sereno","suntuoso","espl\u00e9ndido","sublime","sorprendente","talentoso","terror\u00edfico","\u00fanico","valor","vibrante","victorioso","vivo","verdaderamente","celoso","aut\u00e9ntico","aventurero","espectacular","exclusivo","garantizado","extraordinario","fabuloso","fascinante","formidable","genial","grandioso","gratuito","h\u00e1bil","ilimitado","impecable","infalible","infinitamente","influyente","ingenioso","inolvidable","irremplazable","l\u00edder","maestro","notable","novedoso","pionero","poderoso","reconocido","revolucionario","sorprendente","superior","triunfante","ultra","valiente","valioso","vanguardista","vigoroso","visionario","voluntad","vital","triunfo","glorioso","imparable","inigualable","inteligente","invencible","libertad","orgullo","paz","progreso","renovado","sabidur\u00eda","satisfacci\u00f3n","seguro","serenidad","superaci\u00f3n","talento","transcendente","transformador","valent\u00eda","victoria"],"diacritics":{"A":"[\\u0041\\u24B6\\uFF21\\u00C0\\u00C1\\u00C2\\u1EA6\\u1EA4\\u1EAA\\u1EA8\\u00C3\\u0100\\u0102\\u1EB0\\u1EAE\\u1EB4\\u1EB2\\u0226\\u01E0\\u00C4\\u01DE\\u1EA2\\u00C5\\u01FA\\u01CD\\u0200\\u0202\\u1EA0\\u1EAC\\u1EB6\\u1E00\\u0104\\u023A\\u2C6F]","AA":"[\\uA732]","AE":"[\\u00C6\\u01FC\\u01E2]","AO":"[\\uA734]","AU":"[\\uA736]","AV":"[\\uA738\\uA73A]","AY":"[\\uA73C]","B":"[\\u0042\\u24B7\\uFF22\\u1E02\\u1E04\\u1E06\\u0243\\u0182\\u0181]","C":"[\\u0043\\u24B8\\uFF23\\u0106\\u0108\\u010A\\u010C\\u00C7\\u1E08\\u0187\\u023B\\uA73E]","D":"[\\u0044\\u24B9\\uFF24\\u1E0A\\u010E\\u1E0C\\u1E10\\u1E12\\u1E0E\\u0110\\u018B\\u018A\\u0189\\uA779]","DZ":"[\\u01F1\\u01C4]","Dz":"[\\u01F2\\u01C5]","E":"[\\u0045\\u24BA\\uFF25\\u00C8\\u00C9\\u00CA\\u1EC0\\u1EBE\\u1EC4\\u1EC2\\u1EBC\\u0112\\u1E14\\u1E16\\u0114\\u0116\\u00CB\\u1EBA\\u011A\\u0204\\u0206\\u1EB8\\u1EC6\\u0228\\u1E1C\\u0118\\u1E18\\u1E1A\\u0190\\u018E]","F":"[\\u0046\\u24BB\\uFF26\\u1E1E\\u0191\\uA77B]","G":"[\\u0047\\u24BC\\uFF27\\u01F4\\u011C\\u1E20\\u011E\\u0120\\u01E6\\u0122\\u01E4\\u0193\\uA7A0\\uA77D\\uA77E]","H":"[\\u0048\\u24BD\\uFF28\\u0124\\u1E22\\u1E26\\u021E\\u1E24\\u1E28\\u1E2A\\u0126\\u2C67\\u2C75\\uA78D]","I":"[\\u0049\\u24BE\\uFF29\\u00CC\\u00CD\\u00CE\\u0128\\u012A\\u012C\\u0130\\u00CF\\u1E2E\\u1EC8\\u01CF\\u0208\\u020A\\u1ECA\\u012E\\u1E2C\\u0197]","J":"[\\u004A\\u24BF\\uFF2A\\u0134\\u0248]","K":"[\\u004B\\u24C0\\uFF2B\\u1E30\\u01E8\\u1E32\\u0136\\u1E34\\u0198\\u2C69\\uA740\\uA742\\uA744\\uA7A2]","L":"[\\u004C\\u24C1\\uFF2C\\u013F\\u0139\\u013D\\u1E36\\u1E38\\u013B\\u1E3C\\u1E3A\\u0141\\u023D\\u2C62\\u2C60\\uA748\\uA746\\uA780]","LJ":"[\\u01C7]","Lj":"[\\u01C8]","M":"[\\u004D\\u24C2\\uFF2D\\u1E3E\\u1E40\\u1E42\\u2C6E\\u019C]","N":"[\\u004E\\u24C3\\uFF2E\\u01F8\\u0143\\u00D1\\u1E44\\u0147\\u1E46\\u0145\\u1E4A\\u1E48\\u0220\\u019D\\uA790\\uA7A4]","NJ":"[\\u01CA]","Nj":"[\\u01CB]","O":"[\\u004F\\u24C4\\uFF2F\\u00D2\\u00D3\\u00D4\\u1ED2\\u1ED0\\u1ED6\\u1ED4\\u00D5\\u1E4C\\u022C\\u1E4E\\u014C\\u1E50\\u1E52\\u014E\\u022E\\u0230\\u00D6\\u022A\\u1ECE\\u0150\\u01D1\\u020C\\u020E\\u01A0\\u1EDC\\u1EDA\\u1EE0\\u1EDE\\u1EE2\\u1ECC\\u1ED8\\u01EA\\u01EC\\u00D8\\u01FE\\u0186\\u019F\\uA74A\\uA74C]","OI":"[\\u01A2]","OO":"[\\uA74E]","OU":"[\\u0222]","P":"[\\u0050\\u24C5\\uFF30\\u1E54\\u1E56\\u01A4\\u2C63\\uA750\\uA752\\uA754]","Q":"[\\u0051\\u24C6\\uFF31\\uA756\\uA758\\u024A]","R":"[\\u0052\\u24C7\\uFF32\\u0154\\u1E58\\u0158\\u0210\\u0212\\u1E5A\\u1E5C\\u0156\\u1E5E\\u024C\\u2C64\\uA75A\\uA7A6\\uA782]","S":"[\\u0053\\u24C8\\uFF33\\u1E9E\\u015A\\u1E64\\u015C\\u1E60\\u0160\\u1E66\\u1E62\\u1E68\\u0218\\u015E\\u2C7E\\uA7A8\\uA784]","T":"[\\u0054\\u24C9\\uFF34\\u1E6A\\u0164\\u1E6C\\u021A\\u0162\\u1E70\\u1E6E\\u0166\\u01AC\\u01AE\\u023E\\uA786]","TZ":"[\\uA728]","U":"[\\u0055\\u24CA\\uFF35\\u00D9\\u00DA\\u00DB\\u0168\\u1E78\\u016A\\u1E7A\\u016C\\u00DC\\u01DB\\u01D7\\u01D5\\u01D9\\u1EE6\\u016E\\u0170\\u01D3\\u0214\\u0216\\u01AF\\u1EEA\\u1EE8\\u1EEE\\u1EEC\\u1EF0\\u1EE4\\u1E72\\u0172\\u1E76\\u1E74\\u0244]","V":"[\\u0056\\u24CB\\uFF36\\u1E7C\\u1E7E\\u01B2\\uA75E\\u0245]","VY":"[\\uA760]","W":"[\\u0057\\u24CC\\uFF37\\u1E80\\u1E82\\u0174\\u1E86\\u1E84\\u1E88\\u2C72]","X":"[\\u0058\\u24CD\\uFF38\\u1E8A\\u1E8C]","Y":"[\\u0059\\u24CE\\uFF39\\u1EF2\\u00DD\\u0176\\u1EF8\\u0232\\u1E8E\\u0178\\u1EF6\\u1EF4\\u01B3\\u024E\\u1EFE]","Z":"[\\u005A\\u24CF\\uFF3A\\u0179\\u1E90\\u017B\\u017D\\u1E92\\u1E94\\u01B5\\u0224\\u2C7F\\u2C6B\\uA762]","a":"[\\u0061\\u24D0\\uFF41\\u1E9A\\u00E0\\u00E1\\u00E2\\u1EA7\\u1EA5\\u1EAB\\u1EA9\\u00E3\\u0101\\u0103\\u1EB1\\u1EAF\\u1EB5\\u1EB3\\u0227\\u01E1\\u00E4\\u01DF\\u1EA3\\u00E5\\u01FB\\u01CE\\u0201\\u0203\\u1EA1\\u1EAD\\u1EB7\\u1E01\\u0105\\u2C65\\u0250]","aa":"[\\uA733]","ae":"[\\u00E6\\u01FD\\u01E3]","ao":"[\\uA735]","au":"[\\uA737]","av":"[\\uA739\\uA73B]","ay":"[\\uA73D]","b":"[\\u0062\\u24D1\\uFF42\\u1E03\\u1E05\\u1E07\\u0180\\u0183\\u0253]","c":"[\\u0063\\u24D2\\uFF43\\u0107\\u0109\\u010B\\u010D\\u00E7\\u1E09\\u0188\\u023C\\uA73F\\u2184]","d":"[\\u0064\\u24D3\\uFF44\\u1E0B\\u010F\\u1E0D\\u1E11\\u1E13\\u1E0F\\u0111\\u018C\\u0256\\u0257\\uA77A]","dz":"[\\u01F3\\u01C6]","e":"[\\u0065\\u24D4\\uFF45\\u00E8\\u00E9\\u00EA\\u1EC1\\u1EBF\\u1EC5\\u1EC3\\u1EBD\\u0113\\u1E15\\u1E17\\u0115\\u0117\\u00EB\\u1EBB\\u011B\\u0205\\u0207\\u1EB9\\u1EC7\\u0229\\u1E1D\\u0119\\u1E19\\u1E1B\\u0247\\u025B\\u01DD]","f":"[\\u0066\\u24D5\\uFF46\\u1E1F\\u0192\\uA77C]","g":"[\\u0067\\u24D6\\uFF47\\u01F5\\u011D\\u1E21\\u011F\\u0121\\u01E7\\u0123\\u01E5\\u0260\\uA7A1\\u1D79\\uA77F]","h":"[\\u0068\\u24D7\\uFF48\\u0125\\u1E23\\u1E27\\u021F\\u1E25\\u1E29\\u1E2B\\u1E96\\u0127\\u2C68\\u2C76\\u0265]","hv":"[\\u0195]","i":"[\\u0069\\u24D8\\uFF49\\u00EC\\u00ED\\u00EE\\u0129\\u012B\\u012D\\u00EF\\u1E2F\\u1EC9\\u01D0\\u0209\\u020B\\u1ECB\\u012F\\u1E2D\\u0268\\u0131]","j":"[\\u006A\\u24D9\\uFF4A\\u0135\\u01F0\\u0249]","k":"[\\u006B\\u24DA\\uFF4B\\u1E31\\u01E9\\u1E33\\u0137\\u1E35\\u0199\\u2C6A\\uA741\\uA743\\uA745\\uA7A3]","l":"[\\u006C\\u24DB\\uFF4C\\u0140\\u013A\\u013E\\u1E37\\u1E39\\u013C\\u1E3D\\u1E3B\\u017F\\u0142\\u019A\\u026B\\u2C61\\uA749\\uA781\\uA747]","lj":"[\\u01C9]","m":"[\\u006D\\u24DC\\uFF4D\\u1E3F\\u1E41\\u1E43\\u0271\\u026F]","n":"[\\u006E\\u24DD\\uFF4E\\u01F9\\u0144\\u00F1\\u1E45\\u0148\\u1E47\\u0146\\u1E4B\\u1E49\\u019E\\u0272\\u0149\\uA791\\uA7A5]","nj":"[\\u01CC]","o":"[\\u006F\\u24DE\\uFF4F\\u00F2\\u00F3\\u00F4\\u1ED3\\u1ED1\\u1ED7\\u1ED5\\u00F5\\u1E4D\\u022D\\u1E4F\\u014D\\u1E51\\u1E53\\u014F\\u022F\\u0231\\u00F6\\u022B\\u1ECF\\u0151\\u01D2\\u020D\\u020F\\u01A1\\u1EDD\\u1EDB\\u1EE1\\u1EDF\\u1EE3\\u1ECD\\u1ED9\\u01EB\\u01ED\\u00F8\\u01FF\\u0254\\uA74B\\uA74D\\u0275]","oi":"[\\u01A3]","ou":"[\\u0223]","oo":"[\\uA74F]","p":"[\\u0070\\u24DF\\uFF50\\u1E55\\u1E57\\u01A5\\u1D7D\\uA751\\uA753\\uA755]","q":"[\\u0071\\u24E0\\uFF51\\u024B\\uA757\\uA759]","r":"[\\u0072\\u24E1\\uFF52\\u0155\\u1E59\\u0159\\u0211\\u0213\\u1E5B\\u1E5D\\u0157\\u1E5F\\u024D\\u027D\\uA75B\\uA7A7\\uA783]","s":"[\\u0073\\u24E2\\uFF53\\u015B\\u1E65\\u015D\\u1E61\\u0161\\u1E67\\u1E63\\u1E69\\u0219\\u015F\\u023F\\uA7A9\\uA785\\u1E9B]","ss":"[\\u00DF]","t":"[\\u0074\\u24E3\\uFF54\\u1E6B\\u1E97\\u0165\\u1E6D\\u021B\\u0163\\u1E71\\u1E6F\\u0167\\u01AD\\u0288\\u2C66\\uA787]","tz":"[\\uA729]","u":"[\\u0075\\u24E4\\uFF55\\u00F9\\u00FA\\u00FB\\u0169\\u1E79\\u016B\\u1E7B\\u016D\\u00FC\\u01DC\\u01D8\\u01D6\\u01DA\\u1EE7\\u016F\\u0171\\u01D4\\u0215\\u0217\\u01B0\\u1EEB\\u1EE9\\u1EEF\\u1EED\\u1EF1\\u1EE5\\u1E73\\u0173\\u1E77\\u1E75\\u0289]","v":"[\\u0076\\u24E5\\uFF56\\u1E7D\\u1E7F\\u028B\\uA75F\\u028C]","vy":"[\\uA761]","w":"[\\u0077\\u24E6\\uFF57\\u1E81\\u1E83\\u0175\\u1E87\\u1E85\\u1E98\\u1E89\\u2C73]","x":"[\\u0078\\u24E7\\uFF58\\u1E8B\\u1E8D]","y":"[\\u0079\\u24E8\\uFF59\\u1EF3\\u00FD\\u0177\\u1EF9\\u0233\\u1E8F\\u00FF\\u1EF7\\u1E99\\u1EF5\\u01B4\\u024F\\u1EFF]","z":"[\\u007A\\u24E9\\uFF5A\\u017A\\u1E91\\u017C\\u017E\\u1E93\\u1E95\\u01B6\\u0225\\u0240\\u2C6C\\uA763]"},"researchesTests":["contentHasTOC","contentHasShortParagraphs","contentHasAssets","keywordInTitle","keywordInMetaDescription","keywordInPermalink","keywordIn10Percent","keywordInContent","keywordInSubheadings","keywordInImageAlt","keywordDensity","keywordNotUsed","lengthContent","lengthPermalink","linksHasInternal","linksHasExternals","linksNotAllExternals","titleStartWithKeyword","titleSentiment","titleHasPowerWords","titleHasNumber","hasContentAI"],"hasRedirection":true,"hasBreadcrumb":true},"homeUrl":"https:\/\/nbaem.com\/es_es","objectID":2189,"objectType":"post","locale":"es","localeFull":"es_ES","overlayImages":{"play":{"name":"Play icon","url":"https:\/\/nbaem.com\/wp-content\/plugins\/seo-by-rank-math\/assets\/admin\/img\/icon-play.png","path":"\/home\/u209265392\/domains\/nbaem.com\/public_html\/wp-content\/plugins\/seo-by-rank-math\/assets\/admin\/img\/icon-play.png","position":"middle_center"},"gif":{"name":"GIF icon","url":"https:\/\/nbaem.com\/wp-content\/plugins\/seo-by-rank-math\/assets\/admin\/img\/icon-gif.png","path":"\/home\/u209265392\/domains\/nbaem.com\/public_html\/wp-content\/plugins\/seo-by-rank-math\/assets\/admin\/img\/icon-gif.png","position":"middle_center"}},"defautOgImage":"https:\/\/nbaem.com\/wp-content\/plugins\/seo-by-rank-math\/assets\/admin\/img\/social-placeholder.jpg","customPermalinks":true,"isUserRegistered":false,"autoSuggestKeywords":false,"connectSiteUrl":"https:\/\/rankmath.com\/auth?site=https%3A%2F%2Fnbaem.com%2Fes_es&r=https%3A%2F%2Fnbaem.com%2Fes_es%2Fwp-json%2Fwp%2Fv2%2Fpages%2F2189%3Fnonce%3De5116f22b4","maxTags":5,"trendsIcon":"<svg viewBox=\"0 0 610 610\"><path d=\"M18.85,446,174.32,290.48l58.08,58.08L76.93,504a14.54,14.54,0,0,1-20.55,0L18.83,466.48a14.54,14.54,0,0,1,0-20.55Z\" style=\"fill:#4285f4\"\/><path d=\"M242.65,242.66,377.59,377.6l-47.75,47.75a14.54,14.54,0,0,1-20.55,0L174.37,290.43l47.75-47.75A14.52,14.52,0,0,1,242.65,242.66Z\" style=\"fill:#ea4335\"\/><polygon points=\"319.53 319.53 479.26 159.8 537.34 217.88 377.61 377.62 319.53 319.53\" style=\"fill:#fabb05\"\/><path d=\"M594.26,262.73V118.61h0a16.94,16.94,0,0,0-16.94-16.94H433.2a16.94,16.94,0,0,0-12,28.92L565.34,274.71h0a16.94,16.94,0,0,0,28.92-12Z\" style=\"fill:#34a853\"\/><rect width=\"610\" height=\"610\" style=\"fill:none\"\/><\/svg>","showScore":true,"siteFavIcon":"data:image\/png;base64,iVBORw0KGgoAAAANSUhEUgAAABAAAAAQCAYAAAAf8\/9hAAABs0lEQVR4AWL4\/\/8\/RRjO8Iucx+noO0MWUDo16FYABMGP6ZfUcRnWtm27jVPbtm3bttuH2t3eFPcY9pLz7NxiLjCyVd87pKnHyqXyxtCs8APd0rnyxiu4qSeA3QEDrAwBDrT1s1Rc\/OrjLZwqVmOSu6+Lamcpp2KKMA9PH1BYXMe1mUP5qotvXTywsOEEYHXxrY+3cqk6TMkYpNr2FeoY3KIr0RPtn9wQ2unlA+GMkRw6+9TFw4YTwDUzx\/JVvARj9KaedXRO8P5B1Du2S32smzqUrcKGEyA+uAgQjKX7zf0boWHGfn71jIKj2689gxp7OAGShNcBUmLMPVjZuiKcA2vuWHHDCQxMCz629kXAIU4ApY15QwggAFbfOP9DhgBJ+nWVJ1AZAfICAj1pAlY6hCADZnveQf7bQIwzVONGJonhLIlS9gr5mFg44Xd+4S3XHoGNPdJl1INIwKyEgHckEhgTe1bGiFY9GSFBYUwLh1IkiJUbY407E7syBSFxKTszEoiE\/YdrgCEayDmtaJwCI9uu8TKMuZSVfSa4BpGgzvomBR\/INhLGzrqDotp01ZR8pn\/1L0JN9d9XNyx0AAAAAElFTkSuQmCC","canUser":{"general":false,"advanced":false,"snippet":false,"social":false,"analysis":false,"analytics":false,"content_ai":false},"showKeywordIntent":true,"isPro":false,"is_front_page":false,"trendsUpgradeLink":"https:\/\/rankmath.com\/pricing\/?utm_source=Plugin&utm_medium=CE%20General%20Tab%20Trends&utm_campaign=WP","trendsUpgradeLabel":"Upgrade","trendsPreviewImage":"https:\/\/nbaem.com\/wp-content\/plugins\/seo-by-rank-math\/assets\/admin\/img\/trends-preview.jpg","currentEditor":false,"homepageData":{"assessor":{"powerWords":["incre\u00edble","asombroso","maravilloso","\u00fanico","hermoso","felicidad","brillante","cautivador","carism\u00e1tico","impactante","claro","completamente","confidencial","confianza","significativo","creativo","definitivamente","delicioso","demostrar","apres\u00farate","decidido","digno","din\u00e1mico","impresionante","esencial","inspirador","innovador","intenso","eficaz","m\u00e1gico","magn\u00edfico","hist\u00f3rico","importante","incre\u00edble","indispensable","inolvidable","irresistible","legendario","luminoso","lujo","m\u00e1gico","magn\u00edfico","majestuoso","memorable","maravilloso","milagroso","motivador","necesario","nuevo","oficial","perfecto","apasionado","persuasivo","fenomenal","placer","popular","poder","prestigioso","prodigioso","profundo","pr\u00f3spero","poderoso","calidad","radiante","r\u00e1pido","exitoso","revolucionario","satisfecho","seguridad","sensacional","sereno","suntuoso","espl\u00e9ndido","sublime","sorprendente","talentoso","terror\u00edfico","\u00fanico","valor","vibrante","victorioso","vivo","verdaderamente","celoso","aut\u00e9ntico","aventurero","espectacular","exclusivo","garantizado","extraordinario","fabuloso","fascinante","formidable","genial","grandioso","gratuito","h\u00e1bil","ilimitado","impecable","infalible","infinitamente","influyente","ingenioso","inolvidable","irremplazable","l\u00edder","maestro","notable","novedoso","pionero","poderoso","reconocido","revolucionario","sorprendente","superior","triunfante","ultra","valiente","valioso","vanguardista","vigoroso","visionario","voluntad","vital","triunfo","glorioso","imparable","inigualable","inteligente","invencible","libertad","orgullo","paz","progreso","renovado","sabidur\u00eda","satisfacci\u00f3n","seguro","serenidad","superaci\u00f3n","talento","transcendente","transformador","valent\u00eda","victoria"],"diacritics":true,"researchesTests":["contentHasTOC","contentHasShortParagraphs","contentHasAssets","keywordInTitle","keywordInMetaDescription","keywordInPermalink","keywordIn10Percent","keywordInContent","keywordInSubheadings","keywordInImageAlt","keywordDensity","keywordNotUsed","lengthContent","lengthPermalink","linksHasInternal","linksHasExternals","linksNotAllExternals","titleStartWithKeyword","titleSentiment","titleHasPowerWords","titleHasNumber","hasContentAI"],"hasBreadcrumb":true,"serpData":{"title":"%sitename% %page% %sep% %sitedesc%","description":"","titleTemplate":"%sitename% %page% %sep% %sitedesc%","descriptionTemplate":"","focusKeywords":"","breadcrumbTitle":"Home","robots":{"index":true},"advancedRobots":[],"facebookTitle":"","facebookDescription":"","facebookImage":"","facebookImageID":""}}},"tocTitle":"Table of Contents","tocExcludeHeadings":[],"listStyle":"ul"},"_links":{"self":[{"href":"https:\/\/nbaem.com\/es_es\/wp-json\/wp\/v2\/pages\/2189","targetHints":{"allow":["GET"]}}],"collection":[{"href":"https:\/\/nbaem.com\/es_es\/wp-json\/wp\/v2\/pages"}],"about":[{"href":"https:\/\/nbaem.com\/es_es\/wp-json\/wp\/v2\/types\/page"}],"author":[{"embeddable":true,"href":"https:\/\/nbaem.com\/es_es\/wp-json\/wp\/v2\/users\/1"}],"replies":[{"embeddable":true,"href":"https:\/\/nbaem.com\/es_es\/wp-json\/wp\/v2\/comments?post=2189"}],"version-history":[{"count":1,"href":"https:\/\/nbaem.com\/es_es\/wp-json\/wp\/v2\/pages\/2189\/revisions"}],"predecessor-version":[{"id":2190,"href":"https:\/\/nbaem.com\/es_es\/wp-json\/wp\/v2\/pages\/2189\/revisions\/2190"}],"wp:attachment":[{"href":"https:\/\/nbaem.com\/es_es\/wp-json\/wp\/v2\/media?parent=2189"}],"curies":[{"name":"wp","href":"https:\/\/api.w.org\/{rel}","templated":true}]}}