{"id":2189,"date":"2025-09-09T04:16:16","date_gmt":"2025-09-09T04:16:16","guid":{"rendered":"https:\/\/nbaem.com\/?page_id=2189"},"modified":"2025-09-09T04:16:16","modified_gmt":"2025-09-09T04:16:16","slug":"terms-conditions","status":"publish","type":"page","link":"https:\/\/nbaem.com\/fi\/terms-conditions\/","title":{"rendered":"Ehdot ja edellytykset"},"content":{"rendered":"<p data-start=\"0\" data-end=\"256\">Kaikki tilaukset hyv\u00e4ksyt\u00e4\u00e4n ja l\u00e4hetet\u00e4\u00e4n tiukasti seuraavien yleisten ehtojen mukaisesti. Ostajan ehdottamat lis\u00e4- tai poikkeavat ehdot eiv\u00e4t ole voimassa, ellei myyj\u00e4n valtuutettu edustaja ole niist\u00e4 kirjallisesti sopinut.<\/p>\n<p data-start=\"258\" data-end=\"1034\"><strong data-start=\"258\" data-end=\"290\">Hinnoittelu ja tilausm\u00e4\u00e4r\u00e4t<\/strong><br data-start=\"290\" data-end=\"293\" \/>Luetellut hinnat eiv\u00e4t sis\u00e4ll\u00e4 toimituskuluja, k\u00e4sittelymaksuja, veroja, tulleja, v\u00e4lityspalkkioita, rahtia tai vakuutusmaksuja. Suurin osa luetelluista materiaaleista voidaan tilata eri m\u00e4\u00e4riss\u00e4. M\u00e4\u00e4rien hinnoittelusta, joita ei ole lueteltu, ota yhteytt\u00e4 Myyj\u00e4\u00e4n saadaksesi tarkempia tietoja. Kaikki luetellut hinnat ovat FOB China. Myyj\u00e4 voi toimittaa hinnat muilla kauppaehtojen mukaisesti kirjallisesti Ostajan pyynn\u00f6st\u00e4. Tarvittaessa Myyj\u00e4 voi my\u00f6s l\u00e4hett\u00e4\u00e4 rahtimaksun vastaanottajalta. Tarjoukset ovat voimassa seitsem\u00e4n (7) p\u00e4iv\u00e4\u00e4 my\u00f6nt\u00e4misp\u00e4iv\u00e4st\u00e4, ellei toisin mainita. Jos kriittisten materiaalien hinta on alttiina merkitt\u00e4ville markkinavaihteluille, Myyj\u00e4ll\u00e4 on oikeus s\u00e4\u00e4t\u00e4\u00e4 hintoja tilaushetkell\u00e4 nykyisten markkinaolosuhteiden perusteella.<\/p>\n<p data-start=\"1036\" data-end=\"1804\"><strong data-start=\"1036\" data-end=\"1066\">Toimitustavat ja ehdot<\/strong><br data-start=\"1066\" data-end=\"1069\" \/>Myyj\u00e4 toimittaa kaikki tilatut materiaalit Ostajan ohjeiden mukaisesti. Mik\u00e4li erityisi\u00e4 ohjeita ei ole annettu, Myyj\u00e4 k\u00e4ytt\u00e4\u00e4 katsomaansa sopivaa toimitustapaa. Kaikki arvioidut toimitusp\u00e4iv\u00e4t ovat likim\u00e4\u00e4r\u00e4isi\u00e4. Myyj\u00e4 ei ole vastuussa viiv\u00e4styksist\u00e4, jotka johtuvat tulipalosta, lakosta, ty\u00f6riidoista, ylivoimaisesta esteest\u00e4, materiaalipulasta, toimittajien viiv\u00e4styksist\u00e4 tai muista Myyj\u00e4n kohtuullisen hallinnan ulkopuolisista olosuhteista, eik\u00e4 t\u00e4llaiset viiv\u00e4stykset oikeuta Ostajaa vaatimaan korvauksia. Myyj\u00e4 ei miss\u00e4\u00e4n olosuhteissa ole vastuussa mist\u00e4\u00e4n viiv\u00e4styksist\u00e4 aiheutuneista satunnaisista tai v\u00e4lillisist\u00e4 vahingoista. Vahingonvaara siirtyy Ostajalle, kun tavara on luovutettu kuljetusyhti\u00f6lle. Ostaja vastaa kaikista kuljetuksen aikaisista puutteista, katoamisista, viiv\u00e4styksist\u00e4 tai vahingoista.<\/p>\n<p data-start=\"1806\" data-end=\"2422\"><strong data-start=\"1806\" data-end=\"1842\">Maksu ja luottotappio<\/strong><br data-start=\"1842\" data-end=\"1845\" \/>Maksun er\u00e4p\u00e4iv\u00e4 ilmoitetaan myyj\u00e4n tarjouksessa ja laskussa kirjallisesti. Netto maksuehdot alkavat laskun p\u00e4iv\u00e4yksest\u00e4. My\u00f6h\u00e4styneist\u00e4 maksuista voidaan peri\u00e4 korkoa enint\u00e4\u00e4n 15 % vuodessa. Ostajan on korvattava myyj\u00e4lle pyynn\u00f6st\u00e4 kaikki perint\u00e4kulut, mukaan lukien kohtuulliset asianajokulut. Jos ostaja tulee maksukyvytt\u00f6m\u00e4ksi, ei pysty maksamaan velkojaan er\u00e4\u00e4ntyess\u00e4\u00e4n, hakee tai h\u00e4nen puolestaan haetaan konkurssia, tai jos myyj\u00e4ll\u00e4 on perusteltuja ep\u00e4ilyksi\u00e4 ostajan luottokelpoisuudesta, myyj\u00e4 voi vaatia ennakkomaksua ennen toimitusta.<\/p>\n<p data-start=\"2424\" data-end=\"2931\"><strong data-start=\"2424\" data-end=\"2433\">Verot<\/strong><br data-start=\"2433\" data-end=\"2436\" \/>Kaikki valmistajan, j\u00e4lleenmyyj\u00e4n, ammatin, k\u00e4yt\u00f6n, myynnin tai valmisteverot, tullimaksut, tarkastus- tai testausmaksut tai muut hallinnollisen viranomaisen asettamat verot tai maksut, jotka liittyv\u00e4t myyj\u00e4n ja ostajan v\u00e4lisiin kauppoihin, maksetaan ostajan toimesta, ellei myyj\u00e4 nimenomaisesti ilmoita, ett\u00e4 t\u00e4llaiset maksut sis\u00e4ltyv\u00e4t sopimushintaan, tai ostaja toimita voimassa olevaa vapautustodistusta tilauksen yhteydess\u00e4. Ostaja korvaa myyj\u00e4lle pyydett\u00e4ess\u00e4 t\u00e4llaiset maksut.<\/p>\n<p data-start=\"2933\" data-end=\"3141\"><strong data-start=\"2933\" data-end=\"2969\">Palautuslupatunnus<\/strong><br data-start=\"2969\" data-end=\"2972\" \/>Kaikki palautukset on hyv\u00e4ksytt\u00e4v\u00e4 etuk\u00e4teen. Jos palautus hyv\u00e4ksyt\u00e4\u00e4n, palautuslupatunnus (RMA-numero) annetaan yhdess\u00e4 yksityiskohtaisten palautusohjeiden kanssa.<\/p>\n<p data-start=\"3143\" data-end=\"3578\"><strong data-start=\"3143\" data-end=\"3153\">Vaatimukset<\/strong><br data-start=\"3153\" data-end=\"3156\" \/>Kaikki tuotteet valmistetaan ja pakataan huolellisesti, ja ne tarkastetaan perusteellisesti ennen l\u00e4hetyst\u00e4. Kaikki vaatimukset puutteellisesta toimituksesta, virheellisist\u00e4 materiaaleista tai laatuvioista on teht\u00e4v\u00e4 kirjallisesti kolmen p\u00e4iv\u00e4n kuluessa toimituksesta. S\u00e4ilyt\u00e4 kaikki pakkaukset tarkastusta varten. Myyj\u00e4n vastuu t\u00e4llaisista vaatimuksista rajoittuu tavaroiden veloituksettomaan vaihtoon tai laskuarvoa vastaavan hyvityksen my\u00f6nt\u00e4miseen.<\/p>\n<p data-start=\"3580\" data-end=\"3781\"><strong data-start=\"3580\" data-end=\"3596\">Tilausvirheet<\/strong><br data-start=\"3596\" data-end=\"3599\" \/>Ostaja on vastuussa kaikista tilausvirheist\u00e4. Palautettujen tavaroiden hyvityksen my\u00f6nt\u00e4minen on myyj\u00e4n yksinomaisessa harkinnassa. Jos palautus hyv\u00e4ksyt\u00e4\u00e4n, varastointimaksu veloitetaan.<\/p>\n<p data-start=\"3783\" data-end=\"4031\"><strong data-start=\"3783\" data-end=\"3831\">Analyysi- ja puhtauslausunto<\/strong><br data-start=\"3831\" data-end=\"3834\" \/>Kaikki l\u00e4hetetyt materiaalit toimitetaan valmistajan toimittaman analyysitodistuksen kanssa. Analyysi koskee l\u00e4hetetty\u00e4 er\u00e4\u00e4 eik\u00e4 \"tyypillist\u00e4 analyysi\u00e4\", ellei toisin mainita.<\/p>\n<p data-start=\"4033\" data-end=\"5413\"><strong data-start=\"4033\" data-end=\"4045\">Takuu<\/strong><br data-start=\"4045\" data-end=\"4048\" \/>Myyj\u00e4 takaa, ett\u00e4 sen tuotteet t\u00e4ytt\u00e4v\u00e4t ne vaatimukset, jotka on nimenomaisesti m\u00e4\u00e4ritelty sen luettelossa, analyysitodistuksessa tai valtuutetun edustajan kirjallisessa tarjouksessa kolmenkymmenen (30) p\u00e4iv\u00e4n ajan siit\u00e4, kun Ostaja on vastaanottanut tuotteen. T\u00e4m\u00e4 takuu raukeaa, jos tavaroita on muutettu tai jos alle 75 % alkuper\u00e4isist\u00e4 tavaroista voidaan palauttaa. Myyj\u00e4 ei takaa tuotteen loppuk\u00e4yt\u00f6n suorituskyky\u00e4 tai tuloksia. Virheist\u00e4, puutteista tai vahingoista on teht\u00e4v\u00e4 kirjallinen ilmoitus 30 p\u00e4iv\u00e4n kuluessa vastaanottamisesta, muuten oikeus reklamaatioon raukeaa. Myyj\u00e4n vastuu rajoittuu tuotteen vaihtamiseen tai hyvityksen my\u00f6nt\u00e4miseen, edellytt\u00e4en ett\u00e4 Ostaja ilmoittaa viipym\u00e4tt\u00e4 ja palauttaa tavarat tarvittaessa. Luvattomia palautuksia ei hyv\u00e4ksyt\u00e4 ja ne palautetaan rahtivastoin. Myyj\u00e4ll\u00e4 on oikeus korjata mahdollinen virhe kohtuullisessa ajassa. Ostajan ainoa oikeuskeino, riippumatta syyst\u00e4 tai vaatimuksesta, mukaan lukien takuun rikkominen, tuotevastuu tai huolimattomuus, rajoittuu tuotteen ostohintaan. Myyj\u00e4 ei ole vastuussa erityisist\u00e4, satunnaisista tai v\u00e4lillisist\u00e4 vahingoista. Ostaja sitoutuu korvaamaan ja pit\u00e4m\u00e4\u00e4n Myyj\u00e4n vahingoittumattomana kaikista vaatimuksista, menetyksist\u00e4 ja vastuista, jotka johtuvat Ostajan tuotteen k\u00e4yt\u00f6st\u00e4 tai k\u00e4sittelyst\u00e4, k\u00e4ytettiinp\u00e4 tuotetta yksin\u00e4\u00e4n tai yhdess\u00e4 muiden aineiden kanssa.<\/p>\n<p data-start=\"5415\" data-end=\"5559\"><strong data-start=\"5415\" data-end=\"5436\">Patentit ja k\u00e4ytt\u00f6<\/strong><br data-start=\"5436\" data-end=\"5439\" \/>Mink\u00e4\u00e4n materiaalin tarjoaminen ei muodosta eik\u00e4 tarkoita lupaa tai loukkausta mihink\u00e4\u00e4n vireill\u00e4 oleviin tai my\u00f6nnettyihin patentteihin.<\/p>\n<p data-start=\"5561\" data-end=\"5809\" data-is-last-node=\"\" data-is-only-node=\"\"><strong data-start=\"5561\" data-end=\"5586\">Luovutus ja luopuminen<\/strong><br data-start=\"5586\" data-end=\"5589\" \/>Ostaja ei saa siirt\u00e4\u00e4 t\u00e4t\u00e4 sopimusta tai siihen liittyv\u00e4\u00e4 etua ilman myyj\u00e4n etuk\u00e4teen antamaa kirjallista suostumusta. Myyj\u00e4n laiminly\u00f6nti panna t\u00e4yt\u00e4nt\u00f6\u00f6n mit\u00e4 tahansa ehtoa milloin tahansa ei katsota luopumiseksi mist\u00e4\u00e4n my\u00f6hemm\u00e4st\u00e4 rikkomuksesta.<\/p>","protected":false},"excerpt":{"rendered":"<p>Kaikki tilaukset hyv\u00e4ksyt\u00e4\u00e4n ja l\u00e4hetet\u00e4\u00e4n ehdottomasti seuraavien yleisten ehtojen mukaisesti. Ostajan ehdottamat lis\u00e4- tai poikkeavat ehdot eiv\u00e4t ole voimassa, ellei myyj\u00e4n valtuutettu edustaja ole niist\u00e4 kirjallisesti sopinut. Hinnoittelu ja tilausm\u00e4\u00e4r\u00e4tLuetellut hinnat eiv\u00e4t sis\u00e4ll\u00e4 toimituskuluja, k\u00e4sittely\u00e4, [\u2026]<\/p>","protected":false},"author":1,"featured_media":0,"parent":0,"menu_order":0,"comment_status":"closed","ping_status":"closed","template":"","meta":{"om_disable_all_campaigns":false,"_mi_skip_tracking":false,"footnotes":""},"class_list":["post-2189","page","type-page","status-publish","hentry"],"rankMath":{"parentDomain":"nbaem.com","noFollowDomains":[],"noFollowExcludeDomains":[],"noFollowExternalLinks":false,"featuredImageNotice":"The featured image should be at least 200 by 200 pixels to be picked up by Facebook and other social media sites.","pluginReviewed":false,"postSettings":{"linkSuggestions":true,"useFocusKeyword":false},"frontEndScore":false,"postName":"terms-conditions","permalinkFormat":"https:\/\/nbaem.com\/fi\/%pagename%\/","showLockModifiedDate":true,"assessor":{"focusKeywordLink":"https:\/\/nbaem.com\/wp-admin\/edit.php?focus_keyword=%focus_keyword%&post_type=%post_type%","hasTOCPlugin":{"luckywp-table-of-contents\/luckywp-table-of-contents.php":"LuckyWP Table of Contents"},"primaryTaxonomy":false,"serpData":{"title":"","description":"","focusKeywords":"","pillarContent":false,"canonicalUrl":"","breadcrumbTitle":"","advancedRobots":[],"facebookTitle":"","facebookDescription":"","facebookImage":"","facebookImageID":"","facebookHasOverlay":false,"facebookImageOverlay":"","facebookAuthor":"","twitterCardType":"","twitterUseFacebook":true,"twitterTitle":"","twitterDescription":"","twitterImage":"","twitterImageID":"","twitterHasOverlay":false,"twitterImageOverlay":"","twitterPlayerUrl":"","twitterPlayerSize":"","twitterPlayerStream":"","twitterPlayerStreamCtype":"","twitterAppDescription":"","twitterAppIphoneName":"","twitterAppIphoneID":"","twitterAppIphoneUrl":"","twitterAppIpadName":"","twitterAppIpadID":"","twitterAppIpadUrl":"","twitterAppGoogleplayName":"","twitterAppGoogleplayID":"","twitterAppGoogleplayUrl":"","twitterAppCountry":"","robots":{"index":true},"twitterAuthor":"username","primaryTerm":0,"authorName":"nbaem01","titleTemplate":"%title% %page% %sep% %sitename%","descriptionTemplate":"","showScoreFrontend":true,"lockModifiedDate":false},"powerWords":["uskomaton","h\u00e4mm\u00e4stytt\u00e4v\u00e4","ihmeellinen","ainutlaatuinen","kaunis","onnellisuus","loistava","kiehtova","karismaattinen","j\u00e4rkytt\u00e4v\u00e4","selke\u00e4","t\u00e4ysin","luottamuksellinen","luottamus","merkitt\u00e4v\u00e4","luova","ehdottomasti","herkullinen","todistaa","kiirehdi","p\u00e4\u00e4tt\u00e4v\u00e4inen","arvokas","dynaaminen","vaikuttava","v\u00e4ltt\u00e4m\u00e4t\u00f6n","inspiroiva","innovatiivinen","intensiivinen","tehokas","taianomainen","mahtava","historiallinen","t\u00e4rke\u00e4","uskomaton","v\u00e4ltt\u00e4m\u00e4t\u00f6n","unohtumaton","vastustamaton","legendaarinen","valoisa","ylellisyys","taianomainen","mahtava","majesteettinen","ikimuistoinen","ihmeellinen","ihmeellinen","motivoi","tarpeellinen","uusi","virallinen","t\u00e4ydellinen","intohimoinen","vakuuttava","ilmi\u00f6m\u00e4inen","ilo","suosittu","voima","arvostettu","ihmeellinen","syv\u00e4llinen","vauras","voimakas","laatu","s\u00e4teilev\u00e4","nopea","menestys","vallankumouksellinen","tyytyv\u00e4inen","turvallisuus","sensaatio","rauhallinen","ylellinen","loistava","jalo","yll\u00e4tt\u00e4v\u00e4","lahjakas","pelottava","ainutlaatuinen","arvo","eloisa","voittoisa","el\u00e4v\u00e4","todella","innostunut","aitoa","seikkailunhaluinen","upea","ainutlaatuinen","taattu","erityinen","fiksu","loistava","suuri","ilmainen","taitava","rajaton","virheet\u00f6n","pett\u00e4m\u00e4t\u00f6n","loputon","vaikutusvaltainen","nokkelia","ikimuistoinen","korvaamaton","johtaja","mestari","huomattava","uusi","uraauurtava","voimakas","tunnustettu","vallankumouksellinen","yll\u00e4tt\u00e4v\u00e4","ylivoimainen","voittoisa","ultra","rohkea","arvokas","edistyksellinen","voimakas","n\u00e4kemyksellinen","tahto","elint\u00e4rke\u00e4","voitto","kunniallinen","pys\u00e4ytt\u00e4m\u00e4t\u00f6n","verraton","\u00e4lyk\u00e4s","voittamaton","vapaus","ylpeys","rauha","edistys","uudistettu","viisaus","tyydytys","turvallinen","rauhallisuus","ylitys","lahjakkuus","ylitt\u00e4\u00e4","muutoksen","rohkeus","voitto"],"diacritics":{"A":"[\\u0041\\u24B6\\uFF21\\u00C0\\u00C1\\u00C2\\u1EA6\\u1EA4\\u1EAA\\u1EA8\\u00C3\\u0100\\u0102\\u1EB0\\u1EAE\\u1EB4\\u1EB2\\u0226\\u01E0\\u00C4\\u01DE\\u1EA2\\u00C5\\u01FA\\u01CD\\u0200\\u0202\\u1EA0\\u1EAC\\u1EB6\\u1E00\\u0104\\u023A\\u2C6F]","AA":"[\\uA732]","AE":"[\\u00C6\\u01FC\\u01E2]","AO":"[\\uA734]","AU":"[\\uA736]","AV":"[\\uA738\\uA73A]","AY":"[\\uA73C]","B":"[\\u0042\\u24B7\\uFF22\\u1E02\\u1E04\\u1E06\\u0243\\u0182\\u0181]","C":"[\\u0043\\u24B8\\uFF23\\u0106\\u0108\\u010A\\u010C\\u00C7\\u1E08\\u0187\\u023B\\uA73E]","D":"[\\u0044\\u24B9\\uFF24\\u1E0A\\u010E\\u1E0C\\u1E10\\u1E12\\u1E0E\\u0110\\u018B\\u018A\\u0189\\uA779]","DZ":"[\\u01F1\\u01C4]","Dz":"[\\u01F2\\u01C5]","E":"[\\u0045\\u24BA\\uFF25\\u00C8\\u00C9\\u00CA\\u1EC0\\u1EBE\\u1EC4\\u1EC2\\u1EBC\\u0112\\u1E14\\u1E16\\u0114\\u0116\\u00CB\\u1EBA\\u011A\\u0204\\u0206\\u1EB8\\u1EC6\\u0228\\u1E1C\\u0118\\u1E18\\u1E1A\\u0190\\u018E]","F":"[\\u0046\\u24BB\\uFF26\\u1E1E\\u0191\\uA77B]","G":"[\\u0047\\u24BC\\uFF27\\u01F4\\u011C\\u1E20\\u011E\\u0120\\u01E6\\u0122\\u01E4\\u0193\\uA7A0\\uA77D\\uA77E]","H":"[\\u0048\\u24BD\\uFF28\\u0124\\u1E22\\u1E26\\u021E\\u1E24\\u1E28\\u1E2A\\u0126\\u2C67\\u2C75\\uA78D]","I":"[\\u0049\\u24BE\\uFF29\\u00CC\\u00CD\\u00CE\\u0128\\u012A\\u012C\\u0130\\u00CF\\u1E2E\\u1EC8\\u01CF\\u0208\\u020A\\u1ECA\\u012E\\u1E2C\\u0197]","J":"[\\u004A\\u24BF\\uFF2A\\u0134\\u0248]","K":"[\\u004B\\u24C0\\uFF2B\\u1E30\\u01E8\\u1E32\\u0136\\u1E34\\u0198\\u2C69\\uA740\\uA742\\uA744\\uA7A2]","L":"[\\u004C\\u24C1\\uFF2C\\u013F\\u0139\\u013D\\u1E36\\u1E38\\u013B\\u1E3C\\u1E3A\\u0141\\u023D\\u2C62\\u2C60\\uA748\\uA746\\uA780]","LJ":"[\\u01C7]","Lj":"[\\u01C8]","M":"[\\u004D\\u24C2\\uFF2D\\u1E3E\\u1E40\\u1E42\\u2C6E\\u019C]","N":"[\\u004E\\u24C3\\uFF2E\\u01F8\\u0143\\u00D1\\u1E44\\u0147\\u1E46\\u0145\\u1E4A\\u1E48\\u0220\\u019D\\uA790\\uA7A4]","NJ":"[\\u01CA]","Nj":"[\\u01CB]","O":"[\\u004F\\u24C4\\uFF2F\\u00D2\\u00D3\\u00D4\\u1ED2\\u1ED0\\u1ED6\\u1ED4\\u00D5\\u1E4C\\u022C\\u1E4E\\u014C\\u1E50\\u1E52\\u014E\\u022E\\u0230\\u00D6\\u022A\\u1ECE\\u0150\\u01D1\\u020C\\u020E\\u01A0\\u1EDC\\u1EDA\\u1EE0\\u1EDE\\u1EE2\\u1ECC\\u1ED8\\u01EA\\u01EC\\u00D8\\u01FE\\u0186\\u019F\\uA74A\\uA74C]","OI":"[\\u01A2]","OO":"[\\uA74E]","OU":"[\\u0222]","P":"[\\u0050\\u24C5\\uFF30\\u1E54\\u1E56\\u01A4\\u2C63\\uA750\\uA752\\uA754]","Q":"[\\u0051\\u24C6\\uFF31\\uA756\\uA758\\u024A]","R":"[\\u0052\\u24C7\\uFF32\\u0154\\u1E58\\u0158\\u0210\\u0212\\u1E5A\\u1E5C\\u0156\\u1E5E\\u024C\\u2C64\\uA75A\\uA7A6\\uA782]","S":"[\\u0053\\u24C8\\uFF33\\u1E9E\\u015A\\u1E64\\u015C\\u1E60\\u0160\\u1E66\\u1E62\\u1E68\\u0218\\u015E\\u2C7E\\uA7A8\\uA784]","T":"[\\u0054\\u24C9\\uFF34\\u1E6A\\u0164\\u1E6C\\u021A\\u0162\\u1E70\\u1E6E\\u0166\\u01AC\\u01AE\\u023E\\uA786]","TZ":"[\\uA728]","U":"[\\u0055\\u24CA\\uFF35\\u00D9\\u00DA\\u00DB\\u0168\\u1E78\\u016A\\u1E7A\\u016C\\u00DC\\u01DB\\u01D7\\u01D5\\u01D9\\u1EE6\\u016E\\u0170\\u01D3\\u0214\\u0216\\u01AF\\u1EEA\\u1EE8\\u1EEE\\u1EEC\\u1EF0\\u1EE4\\u1E72\\u0172\\u1E76\\u1E74\\u0244]","V":"[\\u0056\\u24CB\\uFF36\\u1E7C\\u1E7E\\u01B2\\uA75E\\u0245]","VY":"[\\uA760]","W":"[\\u0057\\u24CC\\uFF37\\u1E80\\u1E82\\u0174\\u1E86\\u1E84\\u1E88\\u2C72]","X":"[\\u0058\\u24CD\\uFF38\\u1E8A\\u1E8C]","Y":"[\\u0059\\u24CE\\uFF39\\u1EF2\\u00DD\\u0176\\u1EF8\\u0232\\u1E8E\\u0178\\u1EF6\\u1EF4\\u01B3\\u024E\\u1EFE]","Z":"[\\u005A\\u24CF\\uFF3A\\u0179\\u1E90\\u017B\\u017D\\u1E92\\u1E94\\u01B5\\u0224\\u2C7F\\u2C6B\\uA762]","a":"[\\u0061\\u24D0\\uFF41\\u1E9A\\u00E0\\u00E1\\u00E2\\u1EA7\\u1EA5\\u1EAB\\u1EA9\\u00E3\\u0101\\u0103\\u1EB1\\u1EAF\\u1EB5\\u1EB3\\u0227\\u01E1\\u00E4\\u01DF\\u1EA3\\u00E5\\u01FB\\u01CE\\u0201\\u0203\\u1EA1\\u1EAD\\u1EB7\\u1E01\\u0105\\u2C65\\u0250]","aa":"[\\uA733]","ae":"[\\u00E6\\u01FD\\u01E3]","ao":"[\\uA735]","au":"[\\uA737]","av":"[\\uA739\\uA73B]","ay":"[\\uA73D]","b":"[\\u0062\\u24D1\\uFF42\\u1E03\\u1E05\\u1E07\\u0180\\u0183\\u0253]","c":"[\\u0063\\u24D2\\uFF43\\u0107\\u0109\\u010B\\u010D\\u00E7\\u1E09\\u0188\\u023C\\uA73F\\u2184]","d":"[\\u0064\\u24D3\\uFF44\\u1E0B\\u010F\\u1E0D\\u1E11\\u1E13\\u1E0F\\u0111\\u018C\\u0256\\u0257\\uA77A]","dz":"[\\u01F3\\u01C6]","e":"[\\u0065\\u24D4\\uFF45\\u00E8\\u00E9\\u00EA\\u1EC1\\u1EBF\\u1EC5\\u1EC3\\u1EBD\\u0113\\u1E15\\u1E17\\u0115\\u0117\\u00EB\\u1EBB\\u011B\\u0205\\u0207\\u1EB9\\u1EC7\\u0229\\u1E1D\\u0119\\u1E19\\u1E1B\\u0247\\u025B\\u01DD]","f":"[\\u0066\\u24D5\\uFF46\\u1E1F\\u0192\\uA77C]","g":"[\\u0067\\u24D6\\uFF47\\u01F5\\u011D\\u1E21\\u011F\\u0121\\u01E7\\u0123\\u01E5\\u0260\\uA7A1\\u1D79\\uA77F]","h":"[\\u0068\\u24D7\\uFF48\\u0125\\u1E23\\u1E27\\u021F\\u1E25\\u1E29\\u1E2B\\u1E96\\u0127\\u2C68\\u2C76\\u0265]","hv":"[\\u0195]","i":"[\\u0069\\u24D8\\uFF49\\u00EC\\u00ED\\u00EE\\u0129\\u012B\\u012D\\u00EF\\u1E2F\\u1EC9\\u01D0\\u0209\\u020B\\u1ECB\\u012F\\u1E2D\\u0268\\u0131]","j":"[\\u006A\\u24D9\\uFF4A\\u0135\\u01F0\\u0249]","k":"[\\u006B\\u24DA\\uFF4B\\u1E31\\u01E9\\u1E33\\u0137\\u1E35\\u0199\\u2C6A\\uA741\\uA743\\uA745\\uA7A3]","l":"[\\u006C\\u24DB\\uFF4C\\u0140\\u013A\\u013E\\u1E37\\u1E39\\u013C\\u1E3D\\u1E3B\\u017F\\u0142\\u019A\\u026B\\u2C61\\uA749\\uA781\\uA747]","lj":"[\\u01C9]","m":"[\\u006D\\u24DC\\uFF4D\\u1E3F\\u1E41\\u1E43\\u0271\\u026F]","n":"[\\u006E\\u24DD\\uFF4E\\u01F9\\u0144\\u00F1\\u1E45\\u0148\\u1E47\\u0146\\u1E4B\\u1E49\\u019E\\u0272\\u0149\\uA791\\uA7A5]","nj":"[\\u01CC]","o":"[\\u006F\\u24DE\\uFF4F\\u00F2\\u00F3\\u00F4\\u1ED3\\u1ED1\\u1ED7\\u1ED5\\u00F5\\u1E4D\\u022D\\u1E4F\\u014D\\u1E51\\u1E53\\u014F\\u022F\\u0231\\u00F6\\u022B\\u1ECF\\u0151\\u01D2\\u020D\\u020F\\u01A1\\u1EDD\\u1EDB\\u1EE1\\u1EDF\\u1EE3\\u1ECD\\u1ED9\\u01EB\\u01ED\\u00F8\\u01FF\\u0254\\uA74B\\uA74D\\u0275]","oi":"[\\u01A3]","ou":"[\\u0223]","oo":"[\\uA74F]","p":"[\\u0070\\u24DF\\uFF50\\u1E55\\u1E57\\u01A5\\u1D7D\\uA751\\uA753\\uA755]","q":"[\\u0071\\u24E0\\uFF51\\u024B\\uA757\\uA759]","r":"[\\u0072\\u24E1\\uFF52\\u0155\\u1E59\\u0159\\u0211\\u0213\\u1E5B\\u1E5D\\u0157\\u1E5F\\u024D\\u027D\\uA75B\\uA7A7\\uA783]","s":"[\\u0073\\u24E2\\uFF53\\u015B\\u1E65\\u015D\\u1E61\\u0161\\u1E67\\u1E63\\u1E69\\u0219\\u015F\\u023F\\uA7A9\\uA785\\u1E9B]","ss":"[\\u00DF]","t":"[\\u0074\\u24E3\\uFF54\\u1E6B\\u1E97\\u0165\\u1E6D\\u021B\\u0163\\u1E71\\u1E6F\\u0167\\u01AD\\u0288\\u2C66\\uA787]","tz":"[\\uA729]","u":"[\\u0075\\u24E4\\uFF55\\u00F9\\u00FA\\u00FB\\u0169\\u1E79\\u016B\\u1E7B\\u016D\\u00FC\\u01DC\\u01D8\\u01D6\\u01DA\\u1EE7\\u016F\\u0171\\u01D4\\u0215\\u0217\\u01B0\\u1EEB\\u1EE9\\u1EEF\\u1EED\\u1EF1\\u1EE5\\u1E73\\u0173\\u1E77\\u1E75\\u0289]","v":"[\\u0076\\u24E5\\uFF56\\u1E7D\\u1E7F\\u028B\\uA75F\\u028C]","vy":"[\\uA761]","w":"[\\u0077\\u24E6\\uFF57\\u1E81\\u1E83\\u0175\\u1E87\\u1E85\\u1E98\\u1E89\\u2C73]","x":"[\\u0078\\u24E7\\uFF58\\u1E8B\\u1E8D]","y":"[\\u0079\\u24E8\\uFF59\\u1EF3\\u00FD\\u0177\\u1EF9\\u0233\\u1E8F\\u00FF\\u1EF7\\u1E99\\u1EF5\\u01B4\\u024F\\u1EFF]","z":"[\\u007A\\u24E9\\uFF5A\\u017A\\u1E91\\u017C\\u017E\\u1E93\\u1E95\\u01B6\\u0225\\u0240\\u2C6C\\uA763]"},"researchesTests":["contentHasTOC","contentHasShortParagraphs","contentHasAssets","keywordInTitle","keywordInMetaDescription","keywordInPermalink","keywordIn10Percent","keywordInContent","keywordInSubheadings","keywordInImageAlt","keywordDensity","keywordNotUsed","lengthContent","lengthPermalink","linksHasInternal","linksHasExternals","linksNotAllExternals","titleStartWithKeyword","titleSentiment","titleHasPowerWords","titleHasNumber","hasContentAI"],"hasRedirection":true,"hasBreadcrumb":true},"homeUrl":"https:\/\/nbaem.com\/fi","objectID":2189,"objectType":"post","locale":"fi","localeFull":"fi","overlayImages":{"play":{"name":"Play icon","url":"https:\/\/nbaem.com\/wp-content\/plugins\/seo-by-rank-math\/assets\/admin\/img\/icon-play.png","path":"\/home\/u209265392\/domains\/nbaem.com\/public_html\/wp-content\/plugins\/seo-by-rank-math\/assets\/admin\/img\/icon-play.png","position":"middle_center"},"gif":{"name":"GIF icon","url":"https:\/\/nbaem.com\/wp-content\/plugins\/seo-by-rank-math\/assets\/admin\/img\/icon-gif.png","path":"\/home\/u209265392\/domains\/nbaem.com\/public_html\/wp-content\/plugins\/seo-by-rank-math\/assets\/admin\/img\/icon-gif.png","position":"middle_center"}},"defautOgImage":"https:\/\/nbaem.com\/wp-content\/plugins\/seo-by-rank-math\/assets\/admin\/img\/social-placeholder.jpg","customPermalinks":true,"isUserRegistered":false,"autoSuggestKeywords":false,"connectSiteUrl":"https:\/\/rankmath.com\/auth?site=https%3A%2F%2Fnbaem.com%2Ffi&r=https%3A%2F%2Fnbaem.com%2Ffi%2Fwp-json%2Fwp%2Fv2%2Fpages%2F2189%3Fnonce%3De5116f22b4","maxTags":5,"trendsIcon":"<svg viewBox=\"0 0 610 610\"><path d=\"M18.85,446,174.32,290.48l58.08,58.08L76.93,504a14.54,14.54,0,0,1-20.55,0L18.83,466.48a14.54,14.54,0,0,1,0-20.55Z\" style=\"fill:#4285f4\"\/><path d=\"M242.65,242.66,377.59,377.6l-47.75,47.75a14.54,14.54,0,0,1-20.55,0L174.37,290.43l47.75-47.75A14.52,14.52,0,0,1,242.65,242.66Z\" style=\"fill:#ea4335\"\/><polygon points=\"319.53 319.53 479.26 159.8 537.34 217.88 377.61 377.62 319.53 319.53\" style=\"fill:#fabb05\"\/><path d=\"M594.26,262.73V118.61h0a16.94,16.94,0,0,0-16.94-16.94H433.2a16.94,16.94,0,0,0-12,28.92L565.34,274.71h0a16.94,16.94,0,0,0,28.92-12Z\" style=\"fill:#34a853\"\/><rect width=\"610\" height=\"610\" style=\"fill:none\"\/><\/svg>","showScore":true,"siteFavIcon":"data:image\/png;base64,iVBORw0KGgoAAAANSUhEUgAAABAAAAAQCAYAAAAf8\/9hAAABs0lEQVR4AWL4\/\/8\/RRjO8Iucx+noO0MWUDo16FYABMGP6ZfUcRnWtm27jVPbtm3bttuH2t3eFPcY9pLz7NxiLjCyVd87pKnHyqXyxtCs8APd0rnyxiu4qSeA3QEDrAwBDrT1s1Rc\/OrjLZwqVmOSu6+Lamcpp2KKMA9PH1BYXMe1mUP5qotvXTywsOEEYHXxrY+3cqk6TMkYpNr2FeoY3KIr0RPtn9wQ2unlA+GMkRw6+9TFw4YTwDUzx\/JVvARj9KaedXRO8P5B1Du2S32smzqUrcKGEyA+uAgQjKX7zf0boWHGfn71jIKj2689gxp7OAGShNcBUmLMPVjZuiKcA2vuWHHDCQxMCz629kXAIU4ApY15QwggAFbfOP9DhgBJ+nWVJ1AZAfICAj1pAlY6hCADZnveQf7bQIwzVONGJonhLIlS9gr5mFg44Xd+4S3XHoGNPdJl1INIwKyEgHckEhgTe1bGiFY9GSFBYUwLh1IkiJUbY407E7syBSFxKTszEoiE\/YdrgCEayDmtaJwCI9uu8TKMuZSVfSa4BpGgzvomBR\/INhLGzrqDotp01ZR8pn\/1L0JN9d9XNyx0AAAAAElFTkSuQmCC","canUser":{"general":false,"advanced":false,"snippet":false,"social":false,"analysis":false,"analytics":false,"content_ai":false},"showKeywordIntent":true,"isPro":false,"is_front_page":false,"trendsUpgradeLink":"https:\/\/rankmath.com\/pricing\/?utm_source=Plugin&utm_medium=CE%20General%20Tab%20Trends&utm_campaign=WP","trendsUpgradeLabel":"Upgrade","trendsPreviewImage":"https:\/\/nbaem.com\/wp-content\/plugins\/seo-by-rank-math\/assets\/admin\/img\/trends-preview.jpg","currentEditor":false,"homepageData":{"assessor":{"powerWords":["uskomaton","h\u00e4mm\u00e4stytt\u00e4v\u00e4","ihmeellinen","ainutlaatuinen","kaunis","onnellisuus","loistava","kiehtova","karismaattinen","j\u00e4rkytt\u00e4v\u00e4","selke\u00e4","t\u00e4ysin","luottamuksellinen","luottamus","merkitt\u00e4v\u00e4","luova","ehdottomasti","herkullinen","todistaa","kiirehdi","p\u00e4\u00e4tt\u00e4v\u00e4inen","arvokas","dynaaminen","vaikuttava","v\u00e4ltt\u00e4m\u00e4t\u00f6n","inspiroiva","innovatiivinen","intensiivinen","tehokas","taianomainen","mahtava","historiallinen","t\u00e4rke\u00e4","uskomaton","v\u00e4ltt\u00e4m\u00e4t\u00f6n","unohtumaton","vastustamaton","legendaarinen","valoisa","ylellisyys","taianomainen","mahtava","majesteettinen","ikimuistoinen","ihmeellinen","ihmeellinen","motivoi","tarpeellinen","uusi","virallinen","t\u00e4ydellinen","intohimoinen","vakuuttava","ilmi\u00f6m\u00e4inen","ilo","suosittu","voima","arvostettu","ihmeellinen","syv\u00e4llinen","vauras","voimakas","laatu","s\u00e4teilev\u00e4","nopea","menestys","vallankumouksellinen","tyytyv\u00e4inen","turvallisuus","sensaatio","rauhallinen","ylellinen","loistava","jalo","yll\u00e4tt\u00e4v\u00e4","lahjakas","pelottava","ainutlaatuinen","arvo","eloisa","voittoisa","el\u00e4v\u00e4","todella","innostunut","aitoa","seikkailunhaluinen","upea","ainutlaatuinen","taattu","erityinen","fiksu","loistava","suuri","ilmainen","taitava","rajaton","virheet\u00f6n","pett\u00e4m\u00e4t\u00f6n","loputon","vaikutusvaltainen","nokkelia","ikimuistoinen","korvaamaton","johtaja","mestari","huomattava","uusi","uraauurtava","voimakas","tunnustettu","vallankumouksellinen","yll\u00e4tt\u00e4v\u00e4","ylivoimainen","voittoisa","ultra","rohkea","arvokas","edistyksellinen","voimakas","n\u00e4kemyksellinen","tahto","elint\u00e4rke\u00e4","voitto","kunniallinen","pys\u00e4ytt\u00e4m\u00e4t\u00f6n","verraton","\u00e4lyk\u00e4s","voittamaton","vapaus","ylpeys","rauha","edistys","uudistettu","viisaus","tyydytys","turvallinen","rauhallisuus","ylitys","lahjakkuus","ylitt\u00e4\u00e4","muutoksen","rohkeus","voitto"],"diacritics":true,"researchesTests":["contentHasTOC","contentHasShortParagraphs","contentHasAssets","keywordInTitle","keywordInMetaDescription","keywordInPermalink","keywordIn10Percent","keywordInContent","keywordInSubheadings","keywordInImageAlt","keywordDensity","keywordNotUsed","lengthContent","lengthPermalink","linksHasInternal","linksHasExternals","linksNotAllExternals","titleStartWithKeyword","titleSentiment","titleHasPowerWords","titleHasNumber","hasContentAI"],"hasBreadcrumb":true,"serpData":{"title":"%sitename% %page% %sep% %sitedesc%","description":"","titleTemplate":"%sitename% %page% %sep% %sitedesc%","descriptionTemplate":"","focusKeywords":"","breadcrumbTitle":"Home","robots":{"index":true},"advancedRobots":[],"facebookTitle":"","facebookDescription":"","facebookImage":"","facebookImageID":""}}},"tocTitle":"Table of Contents","tocExcludeHeadings":[],"listStyle":"ul"},"_links":{"self":[{"href":"https:\/\/nbaem.com\/fi\/wp-json\/wp\/v2\/pages\/2189","targetHints":{"allow":["GET"]}}],"collection":[{"href":"https:\/\/nbaem.com\/fi\/wp-json\/wp\/v2\/pages"}],"about":[{"href":"https:\/\/nbaem.com\/fi\/wp-json\/wp\/v2\/types\/page"}],"author":[{"embeddable":true,"href":"https:\/\/nbaem.com\/fi\/wp-json\/wp\/v2\/users\/1"}],"replies":[{"embeddable":true,"href":"https:\/\/nbaem.com\/fi\/wp-json\/wp\/v2\/comments?post=2189"}],"version-history":[{"count":1,"href":"https:\/\/nbaem.com\/fi\/wp-json\/wp\/v2\/pages\/2189\/revisions"}],"predecessor-version":[{"id":2190,"href":"https:\/\/nbaem.com\/fi\/wp-json\/wp\/v2\/pages\/2189\/revisions\/2190"}],"wp:attachment":[{"href":"https:\/\/nbaem.com\/fi\/wp-json\/wp\/v2\/media?parent=2189"}],"curies":[{"name":"wp","href":"https:\/\/api.w.org\/{rel}","templated":true}]}}