{"id":2189,"date":"2025-09-09T04:16:16","date_gmt":"2025-09-09T04:16:16","guid":{"rendered":"https:\/\/nbaem.com\/?page_id=2189"},"modified":"2025-09-09T04:16:16","modified_gmt":"2025-09-09T04:16:16","slug":"terms-conditions","status":"publish","type":"page","link":"https:\/\/nbaem.com\/gd\/terms-conditions\/","title":{"rendered":"Tearmaichean is C\u00f9mhnantan"},"content":{"rendered":"<p data-start=\"0\" data-end=\"256\">Gach \u00f2rdugh ga gabhail agus ga chuir air falbh gu teann fo na cumhachan agus cumhaichean coitcheann a leanas. Cha bhi cumhachan agus cumhaichean a bharrachd no eadar-dhealaichte a mholar leis an Ceannachadair a' buntainn ach ma tha iad air an aontachadh ann an sgr\u00ecobhadh le riochdaire \u00f9ghdarraichte den Chuirtear.<\/p>\n<p data-start=\"258\" data-end=\"1034\"><strong data-start=\"258\" data-end=\"290\">Pr\u00ecsean agus Meudan \u00d2rdugh<\/strong><br data-start=\"290\" data-end=\"293\" \/>Chan eil pr\u00ecsean liosta a\u2019 gabhail a-steach luingearachd, l\u00e0imhseachadh, c\u00ecsean, c\u00ecsean, c\u00ecsean brokering, luchdachadh, no cosgaisean \u00e0rachais. Faodaidh a\u2019 mh\u00f2r-chuid de na stuthan liostadh a bhith \u00f2rdail ann an diofar shusbaint. Airson pr\u00ecsean airson susbaint nach eil air an liostadh, cuir fios chun an t-Solaraiche airson fiosrachadh mionaideach. Tha na pr\u00ecsean liostadh uile FOB sa Ch\u00ecne. Dh\u2019fhaodadh an t-Solaraiche pr\u00ecsean a thoirt seachad fo ch\u00f9mhnantan malairt eile ann an sgr\u00ecobhadh air iarrtas an Ceannachadair. Ma tha sin riatanach leis an Ceannachadair, faodaidh an t-Solaraiche cuideachd luingearachd a chur air adhart le c\u00ecs. Tha na luachan ag obair airson seachd (7) l\u00e0 bho l\u00e0 a\u2019 ghairm mura h-eil sin air a sh\u00f2nrachadh gu h-\u00ecseal. Ma tha pr\u00ecs nam stuthan cudromach fo dh\u00f9bhlain m\u00f2r margaidh, tha an t-Solaraiche a\u2019 cumail c\u00f2ir airson pr\u00ecsean atharrachadh aig \u00e0m an \u00f2rduigh st\u00e8idhichte air suidheachaidhean margaidh an-dr\u00e0sta.<\/p>\n<p data-start=\"1036\" data-end=\"1804\"><strong data-start=\"1036\" data-end=\"1066\">D\u00f2ighean agus Teirmichean Luingearachd<\/strong><br data-start=\"1066\" data-end=\"1069\" \/>Bidh an Neach-reic a\u2019 cur a-mach na stuthan uile a chaidh \u00f2rdachadh a r\u00e8ir sti\u00f9iridhean an Neach-ceannaich. Mura h-eil sti\u00f9iridhean s\u00f2nraichte ann, cleachdaidh an Neach-reic an d\u00f2igh luingeis a tha e fh\u00e8in a\u2019 meas freagarrach. Tha na cinn-latha luingeis a thathar a\u2019 meas d\u00ecreach tuairmseach. Chan eil an Neach-reic an urra ri d\u00e0il sam bith a thig bho theine, stailc, connspaidean-obrach, gn\u00ecomhan n\u00e0dair, gainnead stuthan, d\u00e0il bho sholaraichean, no suidheachaidhean eile nach eil fo smachd reusanta an Neach-reic, agus cha bhi d\u00e0il mar sin nan adhbhar airson tagraidhean bhon Neach-ceannaich. Ann an suidheachadh sam bith, cha bhi an Neach-reic an urra ri milleadh sam bith a thachras gu tuiteamach no mar thoradh air d\u00e0il. Th\u00e8id cunnart call a ghluasad chun an Neach-ceannaich nuair a th\u00e8id a l\u00ecbhrigeadh don ghi\u00f9ladair. Gabhaidh an Neach-ceannaich ris a h-uile cunnart a thaobh gainnead, call, d\u00e0il, no milleadh r\u00e8 c\u00f2mhdhail.<\/p>\n<p data-start=\"1806\" data-end=\"2422\"><strong data-start=\"1806\" data-end=\"1842\">P\u00e0igheadh agus L\u00f9ghdachadh Creideis<\/strong><br data-start=\"1842\" data-end=\"1845\" \/>Th\u00e8id an ceann-l\u00f2in p\u00e0ighidh a sh\u00f2nrachadh ann an sgr\u00ecobhadh anns an luachan agus an t-\u00e8isginn an t-Solaraiche. Bidh cumhachan p\u00e0ighidh glan a\u2019 t\u00f2iseachadh bhon cheann-l\u00f2in an t-\u00e8isginn. Dh\u2019fhaodadh suimean ro-foirfe a bhith a\u2019 cosg c\u00ecsean \u00f9ine suas ri 15% gach bliadhna. Bu ch\u00f2ir don Cheannach an Solaraiche a thoirt air ais air iarrtas airson cosgaisean cruinneachaidh sam bith, a\u2019 gabhail a-steach c\u00ecsean lagha iomchaidh. Ma th\u00e8id an Ceannachair a dh\u00e8anamh neo-th\u00e8arainte, nach urrainn p\u00e0igheadh a dh\u00e8anamh air na h-iuchraichean nuair a thig iad gu bhith freagairteach, a\u2019 cur a-steach no a tha air a chur an aghaidh a\u2019 ch\u00f9is faillteachais sam bith, no ma tha am Solaraiche a\u2019 faighinn amharas iomchaidh mu chreideasachd an Cheannachair, faodaidh an Solaraiche iarraidh p\u00e0igheadh ro-l\u00e0imh mus t\u00e8id bathar a chuir.<\/p>\n<p data-start=\"2424\" data-end=\"2931\"><strong data-start=\"2424\" data-end=\"2433\">C\u00ecsean<\/strong><br data-start=\"2433\" data-end=\"2436\" \/>Bidh an t-\u00f9ghdarras, an neach-reic, an dreuchd, an cleachdadh, reic, no c\u00ecsean excise, dhleastanasan, custam, c\u00ecsean sgr\u00f9daidh no deuchainn, no c\u00ecs no dhleastanas sam bith eile a th\u00e8id a chuir air a\u2019 ch\u00f2ir-bh\u00f2tais le \u00f9ghdarras riaghaltais sam bith co-cheangailte ri gnothaichean eadar an t-Solaraiche agus an Ceannachadair, p\u00e0ighte leis an Ceannachadair, mura h-eil an t-Solaraiche gu soilleir ag r\u00e0dh gu bheil na cosgaisean sin air an gabhail a-steach anns a\u2019 phr\u00ecs ch\u00f9mhnant, no ma tha an Ceannachadair a\u2019 toirt seachad teisteanas e\u00f2las-dligheach aig \u00e0m an \u00f2rduigh. Bidh an Ceannachadair a\u2019 toirt air ais don t-Solaraiche air iarrtas airson na cosgaisean sin.<\/p>\n<p data-start=\"2933\" data-end=\"3141\"><strong data-start=\"2933\" data-end=\"2969\">\u00d9ghdarrachadh Ceadachaidh Thairis air Tilleadh Bathar<\/strong><br data-start=\"2969\" data-end=\"2972\" \/>Feumaidh a h-uile tilleadh a bhith air an cead ro-l\u00e0imh. Ma tha tilleadh air aontachadh, th\u00e8id \u00e0ireamh Ceadachd Tilleadh Bathar (RMA) a thoirt seachad c\u00f2mhla ri sti\u00f9ireadh tilleadh mionaideach.<\/p>\n<p data-start=\"3143\" data-end=\"3578\"><strong data-start=\"3143\" data-end=\"3153\">Iarrtasan<\/strong><br data-start=\"3153\" data-end=\"3156\" \/>Tha a h-uile toradh air a dh\u00e8anamh agus air a phacaigeadh le m\u00f2r-ch\u00f9ram agus a\u2019 dol tro sgr\u00f9dadh c\u00f9ramach mus t\u00e8id a chur air falbh. Feumar tagraidhean sam bith airson l\u00ecbhrigeadh ghoirid, stuthan ce\u00e0rr, no lochdan c\u00e0ileachd a dh\u00e8anamh ann an sgr\u00ecobhadh taobh a-staigh tr\u00ec latha bho l\u00ecbhrigeadh. Feuch gun c\u00f9m thu a h-uile pacaigeadh airson sgr\u00f9dadh. Tha uallach a\u2019 Reiceadair airson tagraidhean mar sin cuingealaichte ri ath-nuadhachadh a\u2019 bhathair gun chosgais no creideas a thoirt seachad co-ionann ri luach na f\u00e0irdeal.<\/p>\n<p data-start=\"3580\" data-end=\"3781\"><strong data-start=\"3580\" data-end=\"3596\">Mearachdan \u00d2rduigh<\/strong><br data-start=\"3596\" data-end=\"3599\" \/>Tha am Buyeir uallach airson a h-uile mearachd \u00f2rdachaidh. Tha an co-dh\u00f9nadh a bheil creideas airson bathar air ais ri cho-dh\u00f9naidh an t-Solaraiche. Ma th\u00e8id bathar air ais a ghabhail, th\u00e8id c\u00ecs st\u00f2raidh a chur ris.<\/p>\n<p data-start=\"3783\" data-end=\"4031\"><strong data-start=\"3783\" data-end=\"3831\">Teisteanas Mion-sgr\u00f9daidh agus Aithris Soilleireachd<\/strong><br data-start=\"3831\" data-end=\"3834\" \/>Gach stuth a chaidh a chuir air falbh tha teisteanas mion-sgr\u00f9daidh ga leantainn le neach-d\u00e8anamh. Tha anailis a\u2019 nochdadh an lot s\u00f2nraichte a chaidh a chuir air falbh agus chan e \u201cmion-sgr\u00f9dadh \u00e0bhaisteach\u201d mura h-eil air a r\u00e0dh gu h-\u00ecosal.<\/p>\n<p data-start=\"4033\" data-end=\"5413\"><strong data-start=\"4033\" data-end=\"4045\">Barantas<\/strong><br data-start=\"4045\" data-end=\"4048\" \/>Tha an Reiceadair a\u2019 gealltainn gum bi a bhathar a\u2019 coinneachadh ris na s\u00f2nrachaidhean a tha air am m\u00ecneachadh gu soilleir anns a\u2019 chatalog aige, teisteanas anailis, no moladh sgr\u00ecobhte bho riochdaire \u00f9ghdarraichte airson \u00f9ine de thr\u00ec fichead (30) latha \u00e0s d\u00e8idh don Cheannaiche am bathar fhaighinn. Bidh an gealltanas seo falamh ma chaidh am bathar atharrachadh no mura gabh nas lugha na 75% den bhathar t\u00f9sail a thilleadh. Chan eil an Reiceadair a\u2019 gealltainn coileanadh no toraidhean bho chleachdadh deireannach sam bith den bhathar. Feumar tagraidhean airson mearachdan, lochdan, no milleadh a chur a-steach ann an sgr\u00ecobhadh taobh a-staigh 30 latha bho fhuair thu am bathar, air neo th\u00e8id an leigeil seachad. Tha uallach an Reiceadair cuingealaichte ri bhith a\u2019 cur an \u00e0ite a\u2019 bhathair no a\u2019 toirt creideas, fhad \u2019s a bheir an Ceannaiche fios sgiobalta agus gun till e am bathar ma th\u00e8id iarraidh. Cha ghabhar ri tilleadh gun chead agus th\u00e8id am bathar a thilleadh air ais le cosgais bathair air a\u2019 Cheannaiche. Tha c\u00f2ir aig an Reiceadair locht sam bith a cheartachadh taobh a-staigh \u00f9ine reusanta. Is e an aon leigheas a th\u2019 aig a\u2019 Cheannaiche, ge bith d\u00e8 an adhbhar no tagradh, a\u2019 gabhail a-steach briseadh gealltanais, uallach toraidh, no dearmad, a bhith cuingealaichte ri pr\u00ecs ceannach a\u2019 bhathair. Chan eil an Reiceadair an urra ri milleadh s\u00f2nraichte, tuiteamach, no co-thachartach sam bith. Tha an Ceannaiche ag aontachadh d\u00econ agus cumail saor an Reiceadair bho gach tagradh, call, agus uallach a thig bho chleachdadh no l\u00e0imhseachadh a\u2019 bhathair leis a\u2019 Cheannaiche, ge bith an deach a chleachdadh leis fh\u00e8in no c\u00f2mhla ri stuthan eile.<\/p>\n<p data-start=\"5415\" data-end=\"5559\"><strong data-start=\"5415\" data-end=\"5436\">Poileasaidhean agus Cleachdadh<\/strong><br data-start=\"5436\" data-end=\"5439\" \/>Chan eil an tabhartas de stuthan sam bith a' toirt a-steach no a' nochdadh cead no briseadh air cead no p\u00e0tentaichean sam bith a tha ri thighinn no a tha air an toirt a-mach.<\/p>\n<p data-start=\"5561\" data-end=\"5809\" data-is-last-node=\"\" data-is-only-node=\"\"><strong data-start=\"5561\" data-end=\"5586\">Cur \u00e0s agus Leigheas<\/strong><br data-start=\"5586\" data-end=\"5589\" \/>Chan urrainn don Cheannachadah an aonta seo no \u00f9idh sam bith ann a shuidheachadh \u00e0s aonais an cead sgr\u00ecobhte roimhe bho'n t-Solaraiche. Chan eil call an t-Solaraiche ri cur an gn\u00ecomh sam bith de na teirmean sam bith aig \u00e0m sam bith a' ciallachadh leigheas air briseadh sam bith \u00e0s d\u00e8idh sin.<\/p>","protected":false},"excerpt":{"rendered":"<p>Gabhadh agus luingearachd a h-uile \u00f2rdugh gu d\u00ecreach fo na teirmean agus cumhaichean coitcheann a leanas. Cha bhiodh teirmean agus cumhaichean a bharrachd no eadar-dhealaichte a mholadh leis an Cheannachadair a' buntainn mura h-eil iad air an aontachadh ann an sgr\u00ecobhadh le riochdaire \u00f9ghdarraichte den t-Solaraiche. Pr\u00ecsean agus Meudachan \u00d2rdughChan eil pr\u00ecsean liosta a' gabhail a-steach luingearachd, l\u00e0imhseachadh, [\u2026]<\/p>","protected":false},"author":1,"featured_media":0,"parent":0,"menu_order":0,"comment_status":"closed","ping_status":"closed","template":"","meta":{"om_disable_all_campaigns":false,"_mi_skip_tracking":false,"footnotes":""},"class_list":["post-2189","page","type-page","status-publish","hentry"],"rankMath":{"parentDomain":"nbaem.com","noFollowDomains":[],"noFollowExcludeDomains":[],"noFollowExternalLinks":false,"featuredImageNotice":"The featured image should be at least 200 by 200 pixels to be picked up by Facebook and other social media sites.","pluginReviewed":false,"postSettings":{"linkSuggestions":true,"useFocusKeyword":false},"frontEndScore":false,"postName":"terms-conditions","permalinkFormat":"https:\/\/nbaem.com\/gd\/%pagename%\/","showLockModifiedDate":true,"assessor":{"focusKeywordLink":"https:\/\/nbaem.com\/wp-admin\/edit.php?focus_keyword=%focus_keyword%&post_type=%post_type%","hasTOCPlugin":{"luckywp-table-of-contents\/luckywp-table-of-contents.php":"LuckyWP Table of Contents"},"primaryTaxonomy":false,"serpData":{"title":"","description":"","focusKeywords":"","pillarContent":false,"canonicalUrl":"","breadcrumbTitle":"","advancedRobots":[],"facebookTitle":"","facebookDescription":"","facebookImage":"","facebookImageID":"","facebookHasOverlay":false,"facebookImageOverlay":"","facebookAuthor":"","twitterCardType":"","twitterUseFacebook":true,"twitterTitle":"","twitterDescription":"","twitterImage":"","twitterImageID":"","twitterHasOverlay":false,"twitterImageOverlay":"","twitterPlayerUrl":"","twitterPlayerSize":"","twitterPlayerStream":"","twitterPlayerStreamCtype":"","twitterAppDescription":"","twitterAppIphoneName":"","twitterAppIphoneID":"","twitterAppIphoneUrl":"","twitterAppIpadName":"","twitterAppIpadID":"","twitterAppIpadUrl":"","twitterAppGoogleplayName":"","twitterAppGoogleplayID":"","twitterAppGoogleplayUrl":"","twitterAppCountry":"","robots":{"index":true},"twitterAuthor":"username","primaryTerm":0,"authorName":"nbaem01","titleTemplate":"%title% %page% %sep% %sitename%","descriptionTemplate":"","showScoreFrontend":true,"lockModifiedDate":false},"powerWords":[],"diacritics":{"A":"[\\u0041\\u24B6\\uFF21\\u00C0\\u00C1\\u00C2\\u1EA6\\u1EA4\\u1EAA\\u1EA8\\u00C3\\u0100\\u0102\\u1EB0\\u1EAE\\u1EB4\\u1EB2\\u0226\\u01E0\\u00C4\\u01DE\\u1EA2\\u00C5\\u01FA\\u01CD\\u0200\\u0202\\u1EA0\\u1EAC\\u1EB6\\u1E00\\u0104\\u023A\\u2C6F]","AA":"[\\uA732]","AE":"[\\u00C6\\u01FC\\u01E2]","AO":"[\\uA734]","AU":"[\\uA736]","AV":"[\\uA738\\uA73A]","AY":"[\\uA73C]","B":"[\\u0042\\u24B7\\uFF22\\u1E02\\u1E04\\u1E06\\u0243\\u0182\\u0181]","C":"[\\u0043\\u24B8\\uFF23\\u0106\\u0108\\u010A\\u010C\\u00C7\\u1E08\\u0187\\u023B\\uA73E]","D":"[\\u0044\\u24B9\\uFF24\\u1E0A\\u010E\\u1E0C\\u1E10\\u1E12\\u1E0E\\u0110\\u018B\\u018A\\u0189\\uA779]","DZ":"[\\u01F1\\u01C4]","Dz":"[\\u01F2\\u01C5]","E":"[\\u0045\\u24BA\\uFF25\\u00C8\\u00C9\\u00CA\\u1EC0\\u1EBE\\u1EC4\\u1EC2\\u1EBC\\u0112\\u1E14\\u1E16\\u0114\\u0116\\u00CB\\u1EBA\\u011A\\u0204\\u0206\\u1EB8\\u1EC6\\u0228\\u1E1C\\u0118\\u1E18\\u1E1A\\u0190\\u018E]","F":"[\\u0046\\u24BB\\uFF26\\u1E1E\\u0191\\uA77B]","G":"[\\u0047\\u24BC\\uFF27\\u01F4\\u011C\\u1E20\\u011E\\u0120\\u01E6\\u0122\\u01E4\\u0193\\uA7A0\\uA77D\\uA77E]","H":"[\\u0048\\u24BD\\uFF28\\u0124\\u1E22\\u1E26\\u021E\\u1E24\\u1E28\\u1E2A\\u0126\\u2C67\\u2C75\\uA78D]","I":"[\\u0049\\u24BE\\uFF29\\u00CC\\u00CD\\u00CE\\u0128\\u012A\\u012C\\u0130\\u00CF\\u1E2E\\u1EC8\\u01CF\\u0208\\u020A\\u1ECA\\u012E\\u1E2C\\u0197]","J":"[\\u004A\\u24BF\\uFF2A\\u0134\\u0248]","K":"[\\u004B\\u24C0\\uFF2B\\u1E30\\u01E8\\u1E32\\u0136\\u1E34\\u0198\\u2C69\\uA740\\uA742\\uA744\\uA7A2]","L":"[\\u004C\\u24C1\\uFF2C\\u013F\\u0139\\u013D\\u1E36\\u1E38\\u013B\\u1E3C\\u1E3A\\u0141\\u023D\\u2C62\\u2C60\\uA748\\uA746\\uA780]","LJ":"[\\u01C7]","Lj":"[\\u01C8]","M":"[\\u004D\\u24C2\\uFF2D\\u1E3E\\u1E40\\u1E42\\u2C6E\\u019C]","N":"[\\u004E\\u24C3\\uFF2E\\u01F8\\u0143\\u00D1\\u1E44\\u0147\\u1E46\\u0145\\u1E4A\\u1E48\\u0220\\u019D\\uA790\\uA7A4]","NJ":"[\\u01CA]","Nj":"[\\u01CB]","O":"[\\u004F\\u24C4\\uFF2F\\u00D2\\u00D3\\u00D4\\u1ED2\\u1ED0\\u1ED6\\u1ED4\\u00D5\\u1E4C\\u022C\\u1E4E\\u014C\\u1E50\\u1E52\\u014E\\u022E\\u0230\\u00D6\\u022A\\u1ECE\\u0150\\u01D1\\u020C\\u020E\\u01A0\\u1EDC\\u1EDA\\u1EE0\\u1EDE\\u1EE2\\u1ECC\\u1ED8\\u01EA\\u01EC\\u00D8\\u01FE\\u0186\\u019F\\uA74A\\uA74C]","OI":"[\\u01A2]","OO":"[\\uA74E]","OU":"[\\u0222]","P":"[\\u0050\\u24C5\\uFF30\\u1E54\\u1E56\\u01A4\\u2C63\\uA750\\uA752\\uA754]","Q":"[\\u0051\\u24C6\\uFF31\\uA756\\uA758\\u024A]","R":"[\\u0052\\u24C7\\uFF32\\u0154\\u1E58\\u0158\\u0210\\u0212\\u1E5A\\u1E5C\\u0156\\u1E5E\\u024C\\u2C64\\uA75A\\uA7A6\\uA782]","S":"[\\u0053\\u24C8\\uFF33\\u1E9E\\u015A\\u1E64\\u015C\\u1E60\\u0160\\u1E66\\u1E62\\u1E68\\u0218\\u015E\\u2C7E\\uA7A8\\uA784]","T":"[\\u0054\\u24C9\\uFF34\\u1E6A\\u0164\\u1E6C\\u021A\\u0162\\u1E70\\u1E6E\\u0166\\u01AC\\u01AE\\u023E\\uA786]","TZ":"[\\uA728]","U":"[\\u0055\\u24CA\\uFF35\\u00D9\\u00DA\\u00DB\\u0168\\u1E78\\u016A\\u1E7A\\u016C\\u00DC\\u01DB\\u01D7\\u01D5\\u01D9\\u1EE6\\u016E\\u0170\\u01D3\\u0214\\u0216\\u01AF\\u1EEA\\u1EE8\\u1EEE\\u1EEC\\u1EF0\\u1EE4\\u1E72\\u0172\\u1E76\\u1E74\\u0244]","V":"[\\u0056\\u24CB\\uFF36\\u1E7C\\u1E7E\\u01B2\\uA75E\\u0245]","VY":"[\\uA760]","W":"[\\u0057\\u24CC\\uFF37\\u1E80\\u1E82\\u0174\\u1E86\\u1E84\\u1E88\\u2C72]","X":"[\\u0058\\u24CD\\uFF38\\u1E8A\\u1E8C]","Y":"[\\u0059\\u24CE\\uFF39\\u1EF2\\u00DD\\u0176\\u1EF8\\u0232\\u1E8E\\u0178\\u1EF6\\u1EF4\\u01B3\\u024E\\u1EFE]","Z":"[\\u005A\\u24CF\\uFF3A\\u0179\\u1E90\\u017B\\u017D\\u1E92\\u1E94\\u01B5\\u0224\\u2C7F\\u2C6B\\uA762]","a":"[\\u0061\\u24D0\\uFF41\\u1E9A\\u00E0\\u00E1\\u00E2\\u1EA7\\u1EA5\\u1EAB\\u1EA9\\u00E3\\u0101\\u0103\\u1EB1\\u1EAF\\u1EB5\\u1EB3\\u0227\\u01E1\\u00E4\\u01DF\\u1EA3\\u00E5\\u01FB\\u01CE\\u0201\\u0203\\u1EA1\\u1EAD\\u1EB7\\u1E01\\u0105\\u2C65\\u0250]","aa":"[\\uA733]","ae":"[\\u00E6\\u01FD\\u01E3]","ao":"[\\uA735]","au":"[\\uA737]","av":"[\\uA739\\uA73B]","ay":"[\\uA73D]","b":"[\\u0062\\u24D1\\uFF42\\u1E03\\u1E05\\u1E07\\u0180\\u0183\\u0253]","c":"[\\u0063\\u24D2\\uFF43\\u0107\\u0109\\u010B\\u010D\\u00E7\\u1E09\\u0188\\u023C\\uA73F\\u2184]","d":"[\\u0064\\u24D3\\uFF44\\u1E0B\\u010F\\u1E0D\\u1E11\\u1E13\\u1E0F\\u0111\\u018C\\u0256\\u0257\\uA77A]","dz":"[\\u01F3\\u01C6]","e":"[\\u0065\\u24D4\\uFF45\\u00E8\\u00E9\\u00EA\\u1EC1\\u1EBF\\u1EC5\\u1EC3\\u1EBD\\u0113\\u1E15\\u1E17\\u0115\\u0117\\u00EB\\u1EBB\\u011B\\u0205\\u0207\\u1EB9\\u1EC7\\u0229\\u1E1D\\u0119\\u1E19\\u1E1B\\u0247\\u025B\\u01DD]","f":"[\\u0066\\u24D5\\uFF46\\u1E1F\\u0192\\uA77C]","g":"[\\u0067\\u24D6\\uFF47\\u01F5\\u011D\\u1E21\\u011F\\u0121\\u01E7\\u0123\\u01E5\\u0260\\uA7A1\\u1D79\\uA77F]","h":"[\\u0068\\u24D7\\uFF48\\u0125\\u1E23\\u1E27\\u021F\\u1E25\\u1E29\\u1E2B\\u1E96\\u0127\\u2C68\\u2C76\\u0265]","hv":"[\\u0195]","i":"[\\u0069\\u24D8\\uFF49\\u00EC\\u00ED\\u00EE\\u0129\\u012B\\u012D\\u00EF\\u1E2F\\u1EC9\\u01D0\\u0209\\u020B\\u1ECB\\u012F\\u1E2D\\u0268\\u0131]","j":"[\\u006A\\u24D9\\uFF4A\\u0135\\u01F0\\u0249]","k":"[\\u006B\\u24DA\\uFF4B\\u1E31\\u01E9\\u1E33\\u0137\\u1E35\\u0199\\u2C6A\\uA741\\uA743\\uA745\\uA7A3]","l":"[\\u006C\\u24DB\\uFF4C\\u0140\\u013A\\u013E\\u1E37\\u1E39\\u013C\\u1E3D\\u1E3B\\u017F\\u0142\\u019A\\u026B\\u2C61\\uA749\\uA781\\uA747]","lj":"[\\u01C9]","m":"[\\u006D\\u24DC\\uFF4D\\u1E3F\\u1E41\\u1E43\\u0271\\u026F]","n":"[\\u006E\\u24DD\\uFF4E\\u01F9\\u0144\\u00F1\\u1E45\\u0148\\u1E47\\u0146\\u1E4B\\u1E49\\u019E\\u0272\\u0149\\uA791\\uA7A5]","nj":"[\\u01CC]","o":"[\\u006F\\u24DE\\uFF4F\\u00F2\\u00F3\\u00F4\\u1ED3\\u1ED1\\u1ED7\\u1ED5\\u00F5\\u1E4D\\u022D\\u1E4F\\u014D\\u1E51\\u1E53\\u014F\\u022F\\u0231\\u00F6\\u022B\\u1ECF\\u0151\\u01D2\\u020D\\u020F\\u01A1\\u1EDD\\u1EDB\\u1EE1\\u1EDF\\u1EE3\\u1ECD\\u1ED9\\u01EB\\u01ED\\u00F8\\u01FF\\u0254\\uA74B\\uA74D\\u0275]","oi":"[\\u01A3]","ou":"[\\u0223]","oo":"[\\uA74F]","p":"[\\u0070\\u24DF\\uFF50\\u1E55\\u1E57\\u01A5\\u1D7D\\uA751\\uA753\\uA755]","q":"[\\u0071\\u24E0\\uFF51\\u024B\\uA757\\uA759]","r":"[\\u0072\\u24E1\\uFF52\\u0155\\u1E59\\u0159\\u0211\\u0213\\u1E5B\\u1E5D\\u0157\\u1E5F\\u024D\\u027D\\uA75B\\uA7A7\\uA783]","s":"[\\u0073\\u24E2\\uFF53\\u015B\\u1E65\\u015D\\u1E61\\u0161\\u1E67\\u1E63\\u1E69\\u0219\\u015F\\u023F\\uA7A9\\uA785\\u1E9B]","ss":"[\\u00DF]","t":"[\\u0074\\u24E3\\uFF54\\u1E6B\\u1E97\\u0165\\u1E6D\\u021B\\u0163\\u1E71\\u1E6F\\u0167\\u01AD\\u0288\\u2C66\\uA787]","tz":"[\\uA729]","u":"[\\u0075\\u24E4\\uFF55\\u00F9\\u00FA\\u00FB\\u0169\\u1E79\\u016B\\u1E7B\\u016D\\u00FC\\u01DC\\u01D8\\u01D6\\u01DA\\u1EE7\\u016F\\u0171\\u01D4\\u0215\\u0217\\u01B0\\u1EEB\\u1EE9\\u1EEF\\u1EED\\u1EF1\\u1EE5\\u1E73\\u0173\\u1E77\\u1E75\\u0289]","v":"[\\u0076\\u24E5\\uFF56\\u1E7D\\u1E7F\\u028B\\uA75F\\u028C]","vy":"[\\uA761]","w":"[\\u0077\\u24E6\\uFF57\\u1E81\\u1E83\\u0175\\u1E87\\u1E85\\u1E98\\u1E89\\u2C73]","x":"[\\u0078\\u24E7\\uFF58\\u1E8B\\u1E8D]","y":"[\\u0079\\u24E8\\uFF59\\u1EF3\\u00FD\\u0177\\u1EF9\\u0233\\u1E8F\\u00FF\\u1EF7\\u1E99\\u1EF5\\u01B4\\u024F\\u1EFF]","z":"[\\u007A\\u24E9\\uFF5A\\u017A\\u1E91\\u017C\\u017E\\u1E93\\u1E95\\u01B6\\u0225\\u0240\\u2C6C\\uA763]"},"researchesTests":["contentHasTOC","contentHasShortParagraphs","contentHasAssets","keywordInTitle","keywordInMetaDescription","keywordInPermalink","keywordIn10Percent","keywordInContent","keywordInSubheadings","keywordInImageAlt","keywordDensity","keywordNotUsed","lengthContent","lengthPermalink","linksHasInternal","linksHasExternals","linksNotAllExternals","titleStartWithKeyword","titleSentiment","titleHasPowerWords","titleHasNumber","hasContentAI"],"hasRedirection":true,"hasBreadcrumb":true},"homeUrl":"https:\/\/nbaem.com\/gd","objectID":2189,"objectType":"post","locale":"gd","localeFull":"gd","overlayImages":{"play":{"name":"Play icon","url":"https:\/\/nbaem.com\/wp-content\/plugins\/seo-by-rank-math\/assets\/admin\/img\/icon-play.png","path":"\/home\/u209265392\/domains\/nbaem.com\/public_html\/wp-content\/plugins\/seo-by-rank-math\/assets\/admin\/img\/icon-play.png","position":"middle_center"},"gif":{"name":"GIF icon","url":"https:\/\/nbaem.com\/wp-content\/plugins\/seo-by-rank-math\/assets\/admin\/img\/icon-gif.png","path":"\/home\/u209265392\/domains\/nbaem.com\/public_html\/wp-content\/plugins\/seo-by-rank-math\/assets\/admin\/img\/icon-gif.png","position":"middle_center"}},"defautOgImage":"https:\/\/nbaem.com\/wp-content\/plugins\/seo-by-rank-math\/assets\/admin\/img\/social-placeholder.jpg","customPermalinks":true,"isUserRegistered":false,"autoSuggestKeywords":false,"connectSiteUrl":"https:\/\/rankmath.com\/auth?site=https%3A%2F%2Fnbaem.com%2Fgd&r=https%3A%2F%2Fnbaem.com%2Fgd%2Fwp-json%2Fwp%2Fv2%2Fpages%2F2189%3Fnonce%3De5116f22b4","maxTags":5,"trendsIcon":"<svg viewBox=\"0 0 610 610\"><path d=\"M18.85,446,174.32,290.48l58.08,58.08L76.93,504a14.54,14.54,0,0,1-20.55,0L18.83,466.48a14.54,14.54,0,0,1,0-20.55Z\" style=\"fill:#4285f4\"\/><path d=\"M242.65,242.66,377.59,377.6l-47.75,47.75a14.54,14.54,0,0,1-20.55,0L174.37,290.43l47.75-47.75A14.52,14.52,0,0,1,242.65,242.66Z\" style=\"fill:#ea4335\"\/><polygon points=\"319.53 319.53 479.26 159.8 537.34 217.88 377.61 377.62 319.53 319.53\" style=\"fill:#fabb05\"\/><path d=\"M594.26,262.73V118.61h0a16.94,16.94,0,0,0-16.94-16.94H433.2a16.94,16.94,0,0,0-12,28.92L565.34,274.71h0a16.94,16.94,0,0,0,28.92-12Z\" style=\"fill:#34a853\"\/><rect width=\"610\" height=\"610\" style=\"fill:none\"\/><\/svg>","showScore":true,"siteFavIcon":"data:image\/png;base64,iVBORw0KGgoAAAANSUhEUgAAABAAAAAQCAYAAAAf8\/9hAAABs0lEQVR4AWL4\/\/8\/RRjO8Iucx+noO0MWUDo16FYABMGP6ZfUcRnWtm27jVPbtm3bttuH2t3eFPcY9pLz7NxiLjCyVd87pKnHyqXyxtCs8APd0rnyxiu4qSeA3QEDrAwBDrT1s1Rc\/OrjLZwqVmOSu6+Lamcpp2KKMA9PH1BYXMe1mUP5qotvXTywsOEEYHXxrY+3cqk6TMkYpNr2FeoY3KIr0RPtn9wQ2unlA+GMkRw6+9TFw4YTwDUzx\/JVvARj9KaedXRO8P5B1Du2S32smzqUrcKGEyA+uAgQjKX7zf0boWHGfn71jIKj2689gxp7OAGShNcBUmLMPVjZuiKcA2vuWHHDCQxMCz629kXAIU4ApY15QwggAFbfOP9DhgBJ+nWVJ1AZAfICAj1pAlY6hCADZnveQf7bQIwzVONGJonhLIlS9gr5mFg44Xd+4S3XHoGNPdJl1INIwKyEgHckEhgTe1bGiFY9GSFBYUwLh1IkiJUbY407E7syBSFxKTszEoiE\/YdrgCEayDmtaJwCI9uu8TKMuZSVfSa4BpGgzvomBR\/INhLGzrqDotp01ZR8pn\/1L0JN9d9XNyx0AAAAAElFTkSuQmCC","canUser":{"general":false,"advanced":false,"snippet":false,"social":false,"analysis":false,"analytics":false,"content_ai":false},"showKeywordIntent":true,"isPro":false,"is_front_page":false,"trendsUpgradeLink":"https:\/\/rankmath.com\/pricing\/?utm_source=Plugin&utm_medium=CE%20General%20Tab%20Trends&utm_campaign=WP","trendsUpgradeLabel":"Upgrade","trendsPreviewImage":"https:\/\/nbaem.com\/wp-content\/plugins\/seo-by-rank-math\/assets\/admin\/img\/trends-preview.jpg","currentEditor":false,"homepageData":{"assessor":{"powerWords":[],"diacritics":true,"researchesTests":["contentHasTOC","contentHasShortParagraphs","contentHasAssets","keywordInTitle","keywordInMetaDescription","keywordInPermalink","keywordIn10Percent","keywordInContent","keywordInSubheadings","keywordInImageAlt","keywordDensity","keywordNotUsed","lengthContent","lengthPermalink","linksHasInternal","linksHasExternals","linksNotAllExternals","titleStartWithKeyword","titleSentiment","titleHasPowerWords","titleHasNumber","hasContentAI"],"hasBreadcrumb":true,"serpData":{"title":"%sitename% %page% %sep% %sitedesc%","description":"","titleTemplate":"%sitename% %page% %sep% %sitedesc%","descriptionTemplate":"","focusKeywords":"","breadcrumbTitle":"Home","robots":{"index":true},"advancedRobots":[],"facebookTitle":"","facebookDescription":"","facebookImage":"","facebookImageID":""}}},"tocTitle":"Table of Contents","tocExcludeHeadings":[],"listStyle":"ul"},"_links":{"self":[{"href":"https:\/\/nbaem.com\/gd\/wp-json\/wp\/v2\/pages\/2189","targetHints":{"allow":["GET"]}}],"collection":[{"href":"https:\/\/nbaem.com\/gd\/wp-json\/wp\/v2\/pages"}],"about":[{"href":"https:\/\/nbaem.com\/gd\/wp-json\/wp\/v2\/types\/page"}],"author":[{"embeddable":true,"href":"https:\/\/nbaem.com\/gd\/wp-json\/wp\/v2\/users\/1"}],"replies":[{"embeddable":true,"href":"https:\/\/nbaem.com\/gd\/wp-json\/wp\/v2\/comments?post=2189"}],"version-history":[{"count":1,"href":"https:\/\/nbaem.com\/gd\/wp-json\/wp\/v2\/pages\/2189\/revisions"}],"predecessor-version":[{"id":2190,"href":"https:\/\/nbaem.com\/gd\/wp-json\/wp\/v2\/pages\/2189\/revisions\/2190"}],"wp:attachment":[{"href":"https:\/\/nbaem.com\/gd\/wp-json\/wp\/v2\/media?parent=2189"}],"curies":[{"name":"wp","href":"https:\/\/api.w.org\/{rel}","templated":true}]}}