{"id":2189,"date":"2025-09-09T04:16:16","date_gmt":"2025-09-09T04:16:16","guid":{"rendered":"https:\/\/nbaem.com\/?page_id=2189"},"modified":"2025-09-09T04:16:16","modified_gmt":"2025-09-09T04:16:16","slug":"terms-conditions","status":"publish","type":"page","link":"https:\/\/nbaem.com\/pl\/terms-conditions\/","title":{"rendered":"Warunki i zasady"},"content":{"rendered":"<p data-start=\"0\" data-end=\"256\">Wszystkie zam\u00f3wienia s\u0105 przyjmowane i wysy\u0142ane wy\u0142\u0105cznie na poni\u017cszych og\u00f3lnych warunkach handlowych. \u017badne dodatkowe ani odmienne warunki handlowe proponowane przez Nabywc\u0119 nie maj\u0105 zastosowania, chyba \u017ce zostan\u0105 uzgodnione na pi\u015bmie przez upowa\u017cnionego przedstawiciela Sprzedawcy.<\/p>\n<p data-start=\"258\" data-end=\"1034\"><strong data-start=\"258\" data-end=\"290\">Ceny i ilo\u015bci zam\u00f3wie\u0144<\/strong><br data-start=\"290\" data-end=\"293\" \/>Podane ceny nie zawieraj\u0105 koszt\u00f3w wysy\u0142ki, obs\u0142ugi, podatk\u00f3w, ce\u0142, op\u0142at brokerskich, frachtu ani ubezpieczenia. Wi\u0119kszo\u015b\u0107 wymienionych materia\u0142\u00f3w mo\u017cna zamawia\u0107 w r\u00f3\u017cnych ilo\u015bciach. W celu ustalenia cen dla ilo\u015bci niewymienionych, prosimy o kontakt ze Sprzedawc\u0105 w celu uzyskania szczeg\u00f3\u0142owych informacji. Wszystkie podane ceny to FOB China. Na \u017cyczenie Nabywcy Sprzedawca mo\u017ce poda\u0107 ceny na pi\u015bmie na podstawie innych warunk\u00f3w handlowych. Na \u017cyczenie Nabywcy Sprzedawca mo\u017ce r\u00f3wnie\u017c wys\u0142a\u0107 towar na koszt odbiorcy. Oferty s\u0105 wa\u017cne przez siedem (7) dni od daty wystawienia, chyba \u017ce okre\u015blono inaczej. Je\u015bli cena kluczowych materia\u0142\u00f3w podlega znacznym wahaniom rynkowym, Sprzedawca zastrzega sobie prawo do dostosowania cen w momencie zam\u00f3wienia w oparciu o aktualne warunki rynkowe.<\/p>\n<p data-start=\"1036\" data-end=\"1804\"><strong data-start=\"1036\" data-end=\"1066\">Metody i warunki wysy\u0142ki<\/strong><br data-start=\"1066\" data-end=\"1069\" \/>Sprzedawca wy\u015ble wszystkie zam\u00f3wione materia\u0142y zgodnie z instrukcjami Nabywcy. W przypadku braku szczeg\u00f3\u0142owych instrukcji, Sprzedawca u\u017cyje metody wysy\u0142ki uznanej za odpowiedni\u0105. Wszystkie szacunkowe daty wysy\u0142ki s\u0105 przybli\u017cone. Sprzedawca nie ponosi odpowiedzialno\u015bci za op\u00f3\u017anienia spowodowane po\u017carem, strajkiem, sporami pracowniczymi, si\u0142\u0105 wy\u017csz\u0105, brakami materia\u0142owymi, op\u00f3\u017anieniami dostawc\u00f3w lub innymi okoliczno\u015bciami, na kt\u00f3re Sprzedawca nie ma wp\u0142ywu, ani takie op\u00f3\u017anienia nie stanowi\u0105 podstawy do roszcze\u0144 ze strony Nabywcy. W \u017cadnym wypadku Sprzedawca nie ponosi odpowiedzialno\u015bci za przypadkowe lub wt\u00f3rne szkody spowodowane op\u00f3\u017anieniami. Ryzyko utraty przechodzi na Nabywc\u0119 w momencie dostarczenia towaru przewo\u017anikowi. Nabywca ponosi wszelkie ryzyko niedoboru, utraty, op\u00f3\u017anienia lub uszkodzenia podczas transportu.<\/p>\n<p data-start=\"1806\" data-end=\"2422\"><strong data-start=\"1806\" data-end=\"1842\">P\u0142atno\u015b\u0107 i utrata zdolno\u015bci kredytowej<\/strong><br data-start=\"1842\" data-end=\"1845\" \/>Termin p\u0142atno\u015bci zostanie okre\u015blony na pi\u015bmie w ofercie i fakturze Sprzedawcy. Warunki p\u0142atno\u015bci netto zaczynaj\u0105 obowi\u0105zywa\u0107 od daty wystawienia faktury. Nale\u017cno\u015bci przeterminowane mog\u0105 by\u0107 obci\u0105\u017cane odsetkami w wysoko\u015bci do 15% rocznie. Nabywca zwr\u00f3ci Sprzedawcy na \u017c\u0105danie wszelkie koszty windykacji, w tym uzasadnione koszty s\u0105dowe. Je\u015bli Nabywca stanie si\u0119 niewyp\u0142acalny, nie b\u0119dzie w stanie sp\u0142aca\u0107 d\u0142ug\u00f3w w terminie, z\u0142o\u017cy lub zostanie z\u0142o\u017cony przeciwko niemu wniosek o upad\u0142o\u015b\u0107, lub je\u015bli Sprzedawca b\u0119dzie mia\u0142 uzasadnione w\u0105tpliwo\u015bci co do zdolno\u015bci kredytowej Nabywcy, Sprzedawca mo\u017ce za\u017c\u0105da\u0107 p\u0142atno\u015bci z g\u00f3ry przed wysy\u0142k\u0105.<\/p>\n<p data-start=\"2424\" data-end=\"2931\"><strong data-start=\"2424\" data-end=\"2433\">Podatki<\/strong><br data-start=\"2433\" data-end=\"2436\" \/>Wszelkie podatki producenta, detaliczne, od prowadzenia dzia\u0142alno\u015bci, od u\u017cytkowania, od sprzeda\u017cy lub akcyzowe, c\u0142a, op\u0142aty celne, kontrolne lub testowe, lub jakiekolwiek inne podatki lub op\u0142aty na\u0142o\u017cone przez w\u0142adze rz\u0105dowe zwi\u0105zane z transakcjami mi\u0119dzy Sprzedawc\u0105 a Nabywc\u0105, zostan\u0105 op\u0142acone przez Nabywc\u0119, chyba \u017ce Sprzedawca wyra\u017anie o\u015bwiadczy, \u017ce takie op\u0142aty s\u0105 wliczone w cen\u0119 kontraktu, lub Nabywca dostarczy wa\u017cne za\u015bwiadczenie o zwolnieniu z podatku w momencie sk\u0142adania zam\u00f3wienia. Nabywca zwr\u00f3ci Sprzedawcy takie op\u0142aty na \u017c\u0105danie.<\/p>\n<p data-start=\"2933\" data-end=\"3141\"><strong data-start=\"2933\" data-end=\"2969\">Autoryzacja zwrotu towaru<\/strong><br data-start=\"2969\" data-end=\"2972\" \/>Wszystkie zwroty musz\u0105 by\u0107 uprzednio zatwierdzone. Je\u015bli zwrot zostanie zatwierdzony, zostanie wydany numer autoryzacji zwrotu towaru (RMA) wraz ze szczeg\u00f3\u0142owymi instrukcjami dotycz\u0105cymi zwrotu.<\/p>\n<p data-start=\"3143\" data-end=\"3578\"><strong data-start=\"3143\" data-end=\"3153\">Roszczenia<\/strong><br data-start=\"3153\" data-end=\"3156\" \/>Wszystkie produkty s\u0105 wytwarzane i pakowane z najwy\u017csz\u0105 staranno\u015bci\u0105 i podlegaj\u0105 starannej kontroli przed wysy\u0142k\u0105. Wszelkie roszczenia dotycz\u0105ce niedoboru przesy\u0142ki, niew\u0142a\u015bciwych materia\u0142\u00f3w lub wad jako\u015bciowych musz\u0105 by\u0107 zg\u0142oszone na pi\u015bmie w ci\u0105gu trzech dni od dostawy. Prosimy o zachowanie ca\u0142ego opakowania do kontroli. Odpowiedzialno\u015b\u0107 Sprzedawcy za takie roszczenia jest ograniczona do bezp\u0142atnej wymiany towar\u00f3w lub wystawienia noty kredytowej r\u00f3wnowa\u017cnej warto\u015bci faktury.<\/p>\n<p data-start=\"3580\" data-end=\"3781\"><strong data-start=\"3580\" data-end=\"3596\">B\u0142\u0119dy w zam\u00f3wieniach<\/strong><br data-start=\"3596\" data-end=\"3599\" \/>Nabywca ponosi odpowiedzialno\u015b\u0107 za wszelkie b\u0142\u0119dy w zam\u00f3wieniach. Udzielenie kredytu za zwr\u00f3cony towar zale\u017cy wy\u0142\u0105cznie od Sprzedawcy. Je\u015bli zwrot zostanie przyj\u0119ty, zostanie naliczona op\u0142ata za ponowne sk\u0142adowanie.<\/p>\n<p data-start=\"3783\" data-end=\"4031\"><strong data-start=\"3783\" data-end=\"3831\">Certyfikat analizy i o\u015bwiadczenie o czysto\u015bci<\/strong><br data-start=\"3831\" data-end=\"3834\" \/>Wszystkim wys\u0142anym materia\u0142om towarzyszy certyfikat analizy dostarczony przez producenta. Analiza odzwierciedla konkretn\u0105 wys\u0142an\u0105 parti\u0119, a nie \u201etypow\u0105 analiz\u0119\u201d, chyba \u017ce podano inaczej.<\/p>\n<p data-start=\"4033\" data-end=\"5413\"><strong data-start=\"4033\" data-end=\"4045\">Gwarancja<\/strong><br data-start=\"4045\" data-end=\"4048\" \/>Sprzedawca gwarantuje, \u017ce jego produkty b\u0119d\u0105 spe\u0142nia\u0107 specyfikacje wyra\u017anie okre\u015blone w jego katalogu, certyfikacie analizy lub pisemnej propozycji od upowa\u017cnionego przedstawiciela przez okres trzydziestu (30) dni od daty ich otrzymania przez Nabywc\u0119. Gwarancja ta traci wa\u017cno\u015b\u0107, je\u015bli towary zosta\u0142y zmienione lub je\u015bli mniej ni\u017c 75% pierwotnych towar\u00f3w mo\u017ce zosta\u0107 zwr\u00f3cone. Sprzedawca nie gwarantuje wydajno\u015bci ani wynik\u00f3w ko\u0144cowego u\u017cycia jakiegokolwiek produktu. Roszczenia dotycz\u0105ce b\u0142\u0119d\u00f3w, wad lub uszkodze\u0144 musz\u0105 by\u0107 zg\u0142oszone na pi\u015bmie w ci\u0105gu 30 dni od otrzymania, w przeciwnym razie zostan\u0105 uznane za zrzeczone. Odpowiedzialno\u015b\u0107 Sprzedawcy jest ograniczona do wymiany produktu lub wystawienia noty kredytowej, pod warunkiem, \u017ce Nabywca niezw\u0142ocznie powiadomi i zwr\u00f3ci towar, je\u015bli jest to wymagane. Nieautoryzowane zwroty nie b\u0119d\u0105 przyjmowane i zostan\u0105 odes\u0142ane na koszt odbiorcy. Sprzedawca zastrzega sobie prawo do usuni\u0119cia wszelkich wad w rozs\u0105dnym czasie. Wy\u0142\u0105czne zado\u015b\u0107uczynienie Nabywcy, niezale\u017cnie od przyczyny lub roszczenia, w tym naruszenia gwarancji, odpowiedzialno\u015bci za produkt lub zaniedbania, b\u0119dzie ograniczone do ceny zakupu produktu. Sprzedawca nie ponosi odpowiedzialno\u015bci za \u017cadne szkody specjalne, przypadkowe lub wt\u00f3rne. Nabywca zgadza si\u0119 zabezpieczy\u0107 i zwolni\u0107 Sprzedawc\u0119 z odpowiedzialno\u015bci za wszelkie roszczenia, straty i zobowi\u0105zania wynikaj\u0105ce z u\u017cywania lub obchodzenia si\u0119 Nabywcy z produktem, niezale\u017cnie od tego, czy jest on u\u017cywany samodzielnie, czy w po\u0142\u0105czeniu z innymi substancjami.<\/p>\n<p data-start=\"5415\" data-end=\"5559\"><strong data-start=\"5415\" data-end=\"5436\">Patenty i u\u017cytkowanie<\/strong><br data-start=\"5436\" data-end=\"5439\" \/>Oferta jakichkolwiek materia\u0142\u00f3w nie stanowi ani nie sugeruje \u017cadnej licencji ani naruszenia jakichkolwiek oczekuj\u0105cych lub wydanych patent\u00f3w.<\/p>\n<p data-start=\"5561\" data-end=\"5809\" data-is-last-node=\"\" data-is-only-node=\"\"><strong data-start=\"5561\" data-end=\"5586\">Przeniesienie i Zrzeczenie si\u0119<\/strong><br data-start=\"5586\" data-end=\"5589\" \/>Kupuj\u0105cy nie mo\u017ce przenie\u015b\u0107 niniejszej umowy ani \u017cadnych w niej interes\u00f3w bez uprzedniej pisemnej zgody Sprzedaj\u0105cego. Nieegzekwowanie przez Sprzedaj\u0105cego jakiegokolwiek warunku w dowolnym momencie nie b\u0119dzie uwa\u017cane za zrzeczenie si\u0119 jakiegokolwiek przysz\u0142ego naruszenia.<\/p>","protected":false},"excerpt":{"rendered":"<p>Wszystkie zam\u00f3wienia s\u0105 przyjmowane i wysy\u0142ane wy\u0142\u0105cznie zgodnie z nast\u0119puj\u0105cymi og\u00f3lnymi warunkami. \u017badne dodatkowe lub odmienne warunki proponowane przez Kupuj\u0105cego nie b\u0119d\u0105 mia\u0142y zastosowania, chyba \u017ce zostan\u0105 zatwierdzone na pi\u015bmie przez upowa\u017cnionego przedstawiciela Sprzedaj\u0105cego. Ceny i ilo\u015bci zam\u00f3wie\u0144 Podane ceny nie obejmuj\u0105 wysy\u0142ki, obs\u0142ugi, [\u2026]<\/p>","protected":false},"author":1,"featured_media":0,"parent":0,"menu_order":0,"comment_status":"closed","ping_status":"closed","template":"","meta":{"om_disable_all_campaigns":false,"_mi_skip_tracking":false,"footnotes":""},"class_list":["post-2189","page","type-page","status-publish","hentry"],"rankMath":{"parentDomain":"nbaem.com","noFollowDomains":[],"noFollowExcludeDomains":[],"noFollowExternalLinks":false,"featuredImageNotice":"Prezentowany obraz powinien mie\u0107 co najmniej 200 na 200 pikseli, aby m\u00f3g\u0142 go pobra\u0107 Facebook i inne serwisy spo\u0142eczno\u015bciowe.","pluginReviewed":false,"postSettings":{"linkSuggestions":true,"useFocusKeyword":false},"frontEndScore":false,"postName":"terms-conditions","permalinkFormat":"https:\/\/nbaem.com\/pl\/%pagename%\/","showLockModifiedDate":true,"assessor":{"focusKeywordLink":"https:\/\/nbaem.com\/wp-admin\/edit.php?focus_keyword=%focus_keyword%&post_type=%post_type%","hasTOCPlugin":{"luckywp-table-of-contents\/luckywp-table-of-contents.php":"LuckyWP Table of Contents"},"primaryTaxonomy":false,"serpData":{"title":"","description":"","focusKeywords":"","pillarContent":false,"canonicalUrl":"","breadcrumbTitle":"","advancedRobots":[],"facebookTitle":"","facebookDescription":"","facebookImage":"","facebookImageID":"","facebookHasOverlay":false,"facebookImageOverlay":"","facebookAuthor":"","twitterCardType":"","twitterUseFacebook":true,"twitterTitle":"","twitterDescription":"","twitterImage":"","twitterImageID":"","twitterHasOverlay":false,"twitterImageOverlay":"","twitterPlayerUrl":"","twitterPlayerSize":"","twitterPlayerStream":"","twitterPlayerStreamCtype":"","twitterAppDescription":"","twitterAppIphoneName":"","twitterAppIphoneID":"","twitterAppIphoneUrl":"","twitterAppIpadName":"","twitterAppIpadID":"","twitterAppIpadUrl":"","twitterAppGoogleplayName":"","twitterAppGoogleplayID":"","twitterAppGoogleplayUrl":"","twitterAppCountry":"","robots":{"index":true},"twitterAuthor":"u\u017cytkownik","primaryTerm":0,"authorName":"nbaem01","titleTemplate":"%title% %page% %sep% %sitename%","descriptionTemplate":"","showScoreFrontend":true,"lockModifiedDate":false},"powerWords":[],"diacritics":{"A":"[\\u0041\\u24B6\\uFF21\\u00C0\\u00C1\\u00C2\\u1EA6\\u1EA4\\u1EAA\\u1EA8\\u00C3\\u0100\\u0102\\u1EB0\\u1EAE\\u1EB4\\u1EB2\\u0226\\u01E0\\u00C4\\u01DE\\u1EA2\\u00C5\\u01FA\\u01CD\\u0200\\u0202\\u1EA0\\u1EAC\\u1EB6\\u1E00\\u0104\\u023A\\u2C6F]","AA":"[\\uA732]","AE":"[\\u00C6\\u01FC\\u01E2]","AO":"[\\uA734]","AU":"[\\uA736]","AV":"[\\uA738\\uA73A]","AY":"[\\uA73C]","B":"[\\u0042\\u24B7\\uFF22\\u1E02\\u1E04\\u1E06\\u0243\\u0182\\u0181]","C":"[\\u0043\\u24B8\\uFF23\\u0106\\u0108\\u010A\\u010C\\u00C7\\u1E08\\u0187\\u023B\\uA73E]","D":"[\\u0044\\u24B9\\uFF24\\u1E0A\\u010E\\u1E0C\\u1E10\\u1E12\\u1E0E\\u0110\\u018B\\u018A\\u0189\\uA779]","DZ":"[\\u01F1\\u01C4]","Dz":"[\\u01F2\\u01C5]","E":"[\\u0045\\u24BA\\uFF25\\u00C8\\u00C9\\u00CA\\u1EC0\\u1EBE\\u1EC4\\u1EC2\\u1EBC\\u0112\\u1E14\\u1E16\\u0114\\u0116\\u00CB\\u1EBA\\u011A\\u0204\\u0206\\u1EB8\\u1EC6\\u0228\\u1E1C\\u0118\\u1E18\\u1E1A\\u0190\\u018E]","F":"[\\u0046\\u24BB\\uFF26\\u1E1E\\u0191\\uA77B]","G":"[\\u0047\\u24BC\\uFF27\\u01F4\\u011C\\u1E20\\u011E\\u0120\\u01E6\\u0122\\u01E4\\u0193\\uA7A0\\uA77D\\uA77E]","H":"[\\u0048\\u24BD\\uFF28\\u0124\\u1E22\\u1E26\\u021E\\u1E24\\u1E28\\u1E2A\\u0126\\u2C67\\u2C75\\uA78D]","I":"[\\u0049\\u24BE\\uFF29\\u00CC\\u00CD\\u00CE\\u0128\\u012A\\u012C\\u0130\\u00CF\\u1E2E\\u1EC8\\u01CF\\u0208\\u020A\\u1ECA\\u012E\\u1E2C\\u0197]","J":"[\\u004A\\u24BF\\uFF2A\\u0134\\u0248]","K":"[\\u004B\\u24C0\\uFF2B\\u1E30\\u01E8\\u1E32\\u0136\\u1E34\\u0198\\u2C69\\uA740\\uA742\\uA744\\uA7A2]","L":"[\\u004C\\u24C1\\uFF2C\\u013F\\u0139\\u013D\\u1E36\\u1E38\\u013B\\u1E3C\\u1E3A\\u0141\\u023D\\u2C62\\u2C60\\uA748\\uA746\\uA780]","LJ":"[\\u01C7]","Lj":"[\\u01C8]","M":"[\\u004D\\u24C2\\uFF2D\\u1E3E\\u1E40\\u1E42\\u2C6E\\u019C]","N":"[\\u004E\\u24C3\\uFF2E\\u01F8\\u0143\\u00D1\\u1E44\\u0147\\u1E46\\u0145\\u1E4A\\u1E48\\u0220\\u019D\\uA790\\uA7A4]","NJ":"[\\u01CA]","Nj":"[\\u01CB]","O":"[\\u004F\\u24C4\\uFF2F\\u00D2\\u00D3\\u00D4\\u1ED2\\u1ED0\\u1ED6\\u1ED4\\u00D5\\u1E4C\\u022C\\u1E4E\\u014C\\u1E50\\u1E52\\u014E\\u022E\\u0230\\u00D6\\u022A\\u1ECE\\u0150\\u01D1\\u020C\\u020E\\u01A0\\u1EDC\\u1EDA\\u1EE0\\u1EDE\\u1EE2\\u1ECC\\u1ED8\\u01EA\\u01EC\\u00D8\\u01FE\\u0186\\u019F\\uA74A\\uA74C]","OI":"[\\u01A2]","OO":"[\\uA74E]","OU":"[\\u0222]","P":"[\\u0050\\u24C5\\uFF30\\u1E54\\u1E56\\u01A4\\u2C63\\uA750\\uA752\\uA754]","Q":"[\\u0051\\u24C6\\uFF31\\uA756\\uA758\\u024A]","R":"[\\u0052\\u24C7\\uFF32\\u0154\\u1E58\\u0158\\u0210\\u0212\\u1E5A\\u1E5C\\u0156\\u1E5E\\u024C\\u2C64\\uA75A\\uA7A6\\uA782]","S":"[\\u0053\\u24C8\\uFF33\\u1E9E\\u015A\\u1E64\\u015C\\u1E60\\u0160\\u1E66\\u1E62\\u1E68\\u0218\\u015E\\u2C7E\\uA7A8\\uA784]","T":"[\\u0054\\u24C9\\uFF34\\u1E6A\\u0164\\u1E6C\\u021A\\u0162\\u1E70\\u1E6E\\u0166\\u01AC\\u01AE\\u023E\\uA786]","TZ":"[\\uA728]","U":"[\\u0055\\u24CA\\uFF35\\u00D9\\u00DA\\u00DB\\u0168\\u1E78\\u016A\\u1E7A\\u016C\\u00DC\\u01DB\\u01D7\\u01D5\\u01D9\\u1EE6\\u016E\\u0170\\u01D3\\u0214\\u0216\\u01AF\\u1EEA\\u1EE8\\u1EEE\\u1EEC\\u1EF0\\u1EE4\\u1E72\\u0172\\u1E76\\u1E74\\u0244]","V":"[\\u0056\\u24CB\\uFF36\\u1E7C\\u1E7E\\u01B2\\uA75E\\u0245]","VY":"[\\uA760]","W":"[\\u0057\\u24CC\\uFF37\\u1E80\\u1E82\\u0174\\u1E86\\u1E84\\u1E88\\u2C72]","X":"[\\u0058\\u24CD\\uFF38\\u1E8A\\u1E8C]","Y":"[\\u0059\\u24CE\\uFF39\\u1EF2\\u00DD\\u0176\\u1EF8\\u0232\\u1E8E\\u0178\\u1EF6\\u1EF4\\u01B3\\u024E\\u1EFE]","Z":"[\\u005A\\u24CF\\uFF3A\\u0179\\u1E90\\u017B\\u017D\\u1E92\\u1E94\\u01B5\\u0224\\u2C7F\\u2C6B\\uA762]","a":"[\\u0061\\u24D0\\uFF41\\u1E9A\\u00E0\\u00E1\\u00E2\\u1EA7\\u1EA5\\u1EAB\\u1EA9\\u00E3\\u0101\\u0103\\u1EB1\\u1EAF\\u1EB5\\u1EB3\\u0227\\u01E1\\u00E4\\u01DF\\u1EA3\\u00E5\\u01FB\\u01CE\\u0201\\u0203\\u1EA1\\u1EAD\\u1EB7\\u1E01\\u0105\\u2C65\\u0250]","aa":"[\\uA733]","ae":"[\\u00E6\\u01FD\\u01E3]","ao":"[\\uA735]","au":"[\\uA737]","av":"[\\uA739\\uA73B]","ay":"[\\uA73D]","b":"[\\u0062\\u24D1\\uFF42\\u1E03\\u1E05\\u1E07\\u0180\\u0183\\u0253]","c":"[\\u0063\\u24D2\\uFF43\\u0107\\u0109\\u010B\\u010D\\u00E7\\u1E09\\u0188\\u023C\\uA73F\\u2184]","d":"[\\u0064\\u24D3\\uFF44\\u1E0B\\u010F\\u1E0D\\u1E11\\u1E13\\u1E0F\\u0111\\u018C\\u0256\\u0257\\uA77A]","dz":"[\\u01F3\\u01C6]","e":"[\\u0065\\u24D4\\uFF45\\u00E8\\u00E9\\u00EA\\u1EC1\\u1EBF\\u1EC5\\u1EC3\\u1EBD\\u0113\\u1E15\\u1E17\\u0115\\u0117\\u00EB\\u1EBB\\u011B\\u0205\\u0207\\u1EB9\\u1EC7\\u0229\\u1E1D\\u0119\\u1E19\\u1E1B\\u0247\\u025B\\u01DD]","f":"[\\u0066\\u24D5\\uFF46\\u1E1F\\u0192\\uA77C]","g":"[\\u0067\\u24D6\\uFF47\\u01F5\\u011D\\u1E21\\u011F\\u0121\\u01E7\\u0123\\u01E5\\u0260\\uA7A1\\u1D79\\uA77F]","h":"[\\u0068\\u24D7\\uFF48\\u0125\\u1E23\\u1E27\\u021F\\u1E25\\u1E29\\u1E2B\\u1E96\\u0127\\u2C68\\u2C76\\u0265]","hv":"[\\u0195]","i":"[\\u0069\\u24D8\\uFF49\\u00EC\\u00ED\\u00EE\\u0129\\u012B\\u012D\\u00EF\\u1E2F\\u1EC9\\u01D0\\u0209\\u020B\\u1ECB\\u012F\\u1E2D\\u0268\\u0131]","j":"[\\u006A\\u24D9\\uFF4A\\u0135\\u01F0\\u0249]","k":"[\\u006B\\u24DA\\uFF4B\\u1E31\\u01E9\\u1E33\\u0137\\u1E35\\u0199\\u2C6A\\uA741\\uA743\\uA745\\uA7A3]","l":"[\\u006C\\u24DB\\uFF4C\\u0140\\u013A\\u013E\\u1E37\\u1E39\\u013C\\u1E3D\\u1E3B\\u017F\\u0142\\u019A\\u026B\\u2C61\\uA749\\uA781\\uA747]","lj":"[\\u01C9]","m":"[\\u006D\\u24DC\\uFF4D\\u1E3F\\u1E41\\u1E43\\u0271\\u026F]","n":"[\\u006E\\u24DD\\uFF4E\\u01F9\\u0144\\u00F1\\u1E45\\u0148\\u1E47\\u0146\\u1E4B\\u1E49\\u019E\\u0272\\u0149\\uA791\\uA7A5]","nj":"[\\u01CC]","o":"[\\u006F\\u24DE\\uFF4F\\u00F2\\u00F3\\u00F4\\u1ED3\\u1ED1\\u1ED7\\u1ED5\\u00F5\\u1E4D\\u022D\\u1E4F\\u014D\\u1E51\\u1E53\\u014F\\u022F\\u0231\\u00F6\\u022B\\u1ECF\\u0151\\u01D2\\u020D\\u020F\\u01A1\\u1EDD\\u1EDB\\u1EE1\\u1EDF\\u1EE3\\u1ECD\\u1ED9\\u01EB\\u01ED\\u00F8\\u01FF\\u0254\\uA74B\\uA74D\\u0275]","oi":"[\\u01A3]","ou":"[\\u0223]","oo":"[\\uA74F]","p":"[\\u0070\\u24DF\\uFF50\\u1E55\\u1E57\\u01A5\\u1D7D\\uA751\\uA753\\uA755]","q":"[\\u0071\\u24E0\\uFF51\\u024B\\uA757\\uA759]","r":"[\\u0072\\u24E1\\uFF52\\u0155\\u1E59\\u0159\\u0211\\u0213\\u1E5B\\u1E5D\\u0157\\u1E5F\\u024D\\u027D\\uA75B\\uA7A7\\uA783]","s":"[\\u0073\\u24E2\\uFF53\\u015B\\u1E65\\u015D\\u1E61\\u0161\\u1E67\\u1E63\\u1E69\\u0219\\u015F\\u023F\\uA7A9\\uA785\\u1E9B]","ss":"[\\u00DF]","t":"[\\u0074\\u24E3\\uFF54\\u1E6B\\u1E97\\u0165\\u1E6D\\u021B\\u0163\\u1E71\\u1E6F\\u0167\\u01AD\\u0288\\u2C66\\uA787]","tz":"[\\uA729]","u":"[\\u0075\\u24E4\\uFF55\\u00F9\\u00FA\\u00FB\\u0169\\u1E79\\u016B\\u1E7B\\u016D\\u00FC\\u01DC\\u01D8\\u01D6\\u01DA\\u1EE7\\u016F\\u0171\\u01D4\\u0215\\u0217\\u01B0\\u1EEB\\u1EE9\\u1EEF\\u1EED\\u1EF1\\u1EE5\\u1E73\\u0173\\u1E77\\u1E75\\u0289]","v":"[\\u0076\\u24E5\\uFF56\\u1E7D\\u1E7F\\u028B\\uA75F\\u028C]","vy":"[\\uA761]","w":"[\\u0077\\u24E6\\uFF57\\u1E81\\u1E83\\u0175\\u1E87\\u1E85\\u1E98\\u1E89\\u2C73]","x":"[\\u0078\\u24E7\\uFF58\\u1E8B\\u1E8D]","y":"[\\u0079\\u24E8\\uFF59\\u1EF3\\u00FD\\u0177\\u1EF9\\u0233\\u1E8F\\u00FF\\u1EF7\\u1E99\\u1EF5\\u01B4\\u024F\\u1EFF]","z":"[\\u007A\\u24E9\\uFF5A\\u017A\\u1E91\\u017C\\u017E\\u1E93\\u1E95\\u01B6\\u0225\\u0240\\u2C6C\\uA763]"},"researchesTests":["contentHasTOC","contentHasShortParagraphs","contentHasAssets","keywordInTitle","keywordInMetaDescription","keywordInPermalink","keywordIn10Percent","keywordInContent","keywordInSubheadings","keywordInImageAlt","keywordDensity","keywordNotUsed","lengthContent","lengthPermalink","linksHasInternal","linksHasExternals","linksNotAllExternals","titleStartWithKeyword","titleSentiment","titleHasPowerWords","titleHasNumber","hasContentAI"],"hasRedirection":true,"hasBreadcrumb":true},"homeUrl":"https:\/\/nbaem.com\/pl","objectID":2189,"objectType":"post","locale":"pl","localeFull":"pl_PL","overlayImages":{"play":{"name":"Ikona PLAY","url":"https:\/\/nbaem.com\/wp-content\/plugins\/seo-by-rank-math\/assets\/admin\/img\/icon-play.png","path":"\/home\/u209265392\/domains\/nbaem.com\/public_html\/wp-content\/plugins\/seo-by-rank-math\/assets\/admin\/img\/icon-play.png","position":"middle_center"},"gif":{"name":"Ikona GIF","url":"https:\/\/nbaem.com\/wp-content\/plugins\/seo-by-rank-math\/assets\/admin\/img\/icon-gif.png","path":"\/home\/u209265392\/domains\/nbaem.com\/public_html\/wp-content\/plugins\/seo-by-rank-math\/assets\/admin\/img\/icon-gif.png","position":"middle_center"}},"defautOgImage":"https:\/\/nbaem.com\/wp-content\/plugins\/seo-by-rank-math\/assets\/admin\/img\/social-placeholder.jpg","customPermalinks":true,"isUserRegistered":false,"autoSuggestKeywords":false,"connectSiteUrl":"https:\/\/rankmath.com\/auth?site=https%3A%2F%2Fnbaem.com%2Fpl&r=https%3A%2F%2Fnbaem.com%2Fpl%2Fwp-json%2Fwp%2Fv2%2Fpages%2F2189%3Fnonce%3Dca898e0343","maxTags":5,"trendsIcon":"<svg viewBox=\"0 0 610 610\"><path d=\"M18.85,446,174.32,290.48l58.08,58.08L76.93,504a14.54,14.54,0,0,1-20.55,0L18.83,466.48a14.54,14.54,0,0,1,0-20.55Z\" style=\"fill:#4285f4\"\/><path d=\"M242.65,242.66,377.59,377.6l-47.75,47.75a14.54,14.54,0,0,1-20.55,0L174.37,290.43l47.75-47.75A14.52,14.52,0,0,1,242.65,242.66Z\" style=\"fill:#ea4335\"\/><polygon points=\"319.53 319.53 479.26 159.8 537.34 217.88 377.61 377.62 319.53 319.53\" style=\"fill:#fabb05\"\/><path d=\"M594.26,262.73V118.61h0a16.94,16.94,0,0,0-16.94-16.94H433.2a16.94,16.94,0,0,0-12,28.92L565.34,274.71h0a16.94,16.94,0,0,0,28.92-12Z\" style=\"fill:#34a853\"\/><rect width=\"610\" height=\"610\" style=\"fill:none\"\/><\/svg>","showScore":true,"siteFavIcon":"data:image\/png;base64,iVBORw0KGgoAAAANSUhEUgAAABAAAAAQCAYAAAAf8\/9hAAABs0lEQVR4AWL4\/\/8\/RRjO8Iucx+noO0MWUDo16FYABMGP6ZfUcRnWtm27jVPbtm3bttuH2t3eFPcY9pLz7NxiLjCyVd87pKnHyqXyxtCs8APd0rnyxiu4qSeA3QEDrAwBDrT1s1Rc\/OrjLZwqVmOSu6+Lamcpp2KKMA9PH1BYXMe1mUP5qotvXTywsOEEYHXxrY+3cqk6TMkYpNr2FeoY3KIr0RPtn9wQ2unlA+GMkRw6+9TFw4YTwDUzx\/JVvARj9KaedXRO8P5B1Du2S32smzqUrcKGEyA+uAgQjKX7zf0boWHGfn71jIKj2689gxp7OAGShNcBUmLMPVjZuiKcA2vuWHHDCQxMCz629kXAIU4ApY15QwggAFbfOP9DhgBJ+nWVJ1AZAfICAj1pAlY6hCADZnveQf7bQIwzVONGJonhLIlS9gr5mFg44Xd+4S3XHoGNPdJl1INIwKyEgHckEhgTe1bGiFY9GSFBYUwLh1IkiJUbY407E7syBSFxKTszEoiE\/YdrgCEayDmtaJwCI9uu8TKMuZSVfSa4BpGgzvomBR\/INhLGzrqDotp01ZR8pn\/1L0JN9d9XNyx0AAAAAElFTkSuQmCC","canUser":{"general":false,"advanced":false,"snippet":false,"social":false,"analysis":false,"analytics":false,"content_ai":false},"showKeywordIntent":true,"isPro":false,"is_front_page":false,"trendsUpgradeLink":"https:\/\/rankmath.com\/pricing\/?utm_source=Plugin&utm_medium=CE%20General%20Tab%20Trends&utm_campaign=WP","trendsUpgradeLabel":"Ulepszenie","trendsPreviewImage":"https:\/\/nbaem.com\/wp-content\/plugins\/seo-by-rank-math\/assets\/admin\/img\/trends-preview.jpg","currentEditor":false,"homepageData":{"assessor":{"powerWords":[],"diacritics":true,"researchesTests":["contentHasTOC","contentHasShortParagraphs","contentHasAssets","keywordInTitle","keywordInMetaDescription","keywordInPermalink","keywordIn10Percent","keywordInContent","keywordInSubheadings","keywordInImageAlt","keywordDensity","keywordNotUsed","lengthContent","lengthPermalink","linksHasInternal","linksHasExternals","linksNotAllExternals","titleStartWithKeyword","titleSentiment","titleHasPowerWords","titleHasNumber","hasContentAI"],"hasBreadcrumb":true,"serpData":{"title":"%sitename% %page% %sep% %sitedesc%","description":"","titleTemplate":"%sitename% %page% %sep% %sitedesc%","descriptionTemplate":"","focusKeywords":"","breadcrumbTitle":"Home","robots":{"index":true},"advancedRobots":[],"facebookTitle":"","facebookDescription":"","facebookImage":"","facebookImageID":""}}},"tocTitle":"Table of Contents","tocExcludeHeadings":[],"listStyle":"ul"},"_links":{"self":[{"href":"https:\/\/nbaem.com\/pl\/wp-json\/wp\/v2\/pages\/2189","targetHints":{"allow":["GET"]}}],"collection":[{"href":"https:\/\/nbaem.com\/pl\/wp-json\/wp\/v2\/pages"}],"about":[{"href":"https:\/\/nbaem.com\/pl\/wp-json\/wp\/v2\/types\/page"}],"author":[{"embeddable":true,"href":"https:\/\/nbaem.com\/pl\/wp-json\/wp\/v2\/users\/1"}],"replies":[{"embeddable":true,"href":"https:\/\/nbaem.com\/pl\/wp-json\/wp\/v2\/comments?post=2189"}],"version-history":[{"count":1,"href":"https:\/\/nbaem.com\/pl\/wp-json\/wp\/v2\/pages\/2189\/revisions"}],"predecessor-version":[{"id":2190,"href":"https:\/\/nbaem.com\/pl\/wp-json\/wp\/v2\/pages\/2189\/revisions\/2190"}],"wp:attachment":[{"href":"https:\/\/nbaem.com\/pl\/wp-json\/wp\/v2\/media?parent=2189"}],"curies":[{"name":"wp","href":"https:\/\/api.w.org\/{rel}","templated":true}]}}