{"id":2189,"date":"2025-09-09T04:16:16","date_gmt":"2025-09-09T04:16:16","guid":{"rendered":"https:\/\/nbaem.com\/?page_id=2189"},"modified":"2025-09-09T04:16:16","modified_gmt":"2025-09-09T04:16:16","slug":"terms-conditions","status":"publish","type":"page","link":"https:\/\/nbaem.com\/tr\/terms-conditions\/","title":{"rendered":"\u015eartlar ve Ko\u015fullar"},"content":{"rendered":"<p data-start=\"0\" data-end=\"256\">T\u00fcm sipari\u015fler, a\u015fa\u011f\u0131daki genel \u015fartlar ve ko\u015fullara kesinlikle tabidir ve kabul edilip sevk edilir. Al\u0131c\u0131 taraf\u0131ndan \u00f6nerilen ek veya farkl\u0131 \u015fartlar ve ko\u015fullar, Sat\u0131c\u0131\u2019n\u0131n yetkili temsilcisi taraf\u0131ndan yaz\u0131l\u0131 olarak kabul edilmedik\u00e7e uygulanmayacakt\u0131r.<\/p>\n<p data-start=\"258\" data-end=\"1034\"><strong data-start=\"258\" data-end=\"290\">Fiyatland\u0131rma ve Sipari\u015f Miktarlar\u0131<\/strong><br data-start=\"290\" data-end=\"293\" \/>Liste fiyatlara nakliye, ta\u015f\u0131ma, vergiler, g\u00fcmr\u00fckler, komisyon \u00fccretleri, navlun veya sigorta \u00fccretleri dahil de\u011fildir. Listelenen malzemelerin \u00e7o\u011fu farkl\u0131 miktarlarda sipari\u015f edilebilir. Listelenmeyen miktarlar\u0131n fiyatland\u0131rmas\u0131 i\u00e7in Sat\u0131c\u0131 ile detayl\u0131 bilgi almak \u00fczere ileti\u015fime ge\u00e7iniz. T\u00fcm liste fiyatlar\u0131 FOB \u00c7in olarak belirlenmi\u015ftir. Sat\u0131c\u0131, al\u0131c\u0131n\u0131n talebi \u00fczerine ba\u015fka ticaret \u015fartlar\u0131 alt\u0131nda fiyatlar sa\u011flayabilir. Al\u0131c\u0131 talep ederse, Sat\u0131c\u0131 nakliye \u00fccretini al\u0131c\u0131dan tahsil edebilir. Teklifler, aksi belirtilmedik\u00e7e, d\u00fczenlenme tarihinden itibaren yedi (7) g\u00fcn ge\u00e7erlidir. Kritik malzemelerin fiyatlar\u0131 \u00f6nemli piyasa dalgalanmalar\u0131na tabi ise, Sat\u0131c\u0131, mevcut piyasa ko\u015fullar\u0131na g\u00f6re fiyatlar\u0131 sipari\u015f s\u0131ras\u0131nda ayarlama hakk\u0131n\u0131 sakl\u0131 tutar.<\/p>\n<p data-start=\"1036\" data-end=\"1804\"><strong data-start=\"1036\" data-end=\"1066\">Nakliye Y\u00f6ntemleri ve \u015eartlar\u0131<\/strong><br data-start=\"1066\" data-end=\"1069\" \/>Sat\u0131c\u0131, t\u00fcm sipari\u015f edilen malzemeleri Al\u0131c\u0131\u2019n\u0131n talimatlar\u0131na uygun olarak sevk edecektir. Belirli talimatlar yoksa, Sat\u0131c\u0131 uygun g\u00f6r\u00fclen nakliye y\u00f6ntemini kullanacakt\u0131r. T\u00fcm tahmini sevkiyat tarihleri yakla\u015f\u0131k olup, Sat\u0131c\u0131, yang\u0131n, grev, i\u015f\u00e7i anla\u015fmazl\u0131klar\u0131, do\u011fal afetler, malzeme k\u0131tl\u0131\u011f\u0131, tedarik\u00e7i gecikmeleri veya Sat\u0131c\u0131\u2019n\u0131n makul kontrol\u00fc d\u0131\u015f\u0131ndaki di\u011fer durumlar nedeniyle olu\u015fabilecek gecikmelerden sorumlu de\u011fildir ve bu gecikmeler, Al\u0131c\u0131\u2019n\u0131n talep haklar\u0131n\u0131 do\u011furmaz. Hi\u00e7bir durumda, Sat\u0131c\u0131, gecikmelerden kaynaklanan tesad\u00fcfi veya dolayl\u0131 zararlar i\u00e7in sorumlu tutulamaz. Risk, mal teslimat\u0131 s\u0131ras\u0131nda ta\u015f\u0131y\u0131c\u0131ya teslim edilince Al\u0131c\u0131\u2019ya ge\u00e7er. Al\u0131c\u0131, ta\u015f\u0131ma s\u0131ras\u0131nda olu\u015fabilecek k\u0131tl\u0131k, kay\u0131p, gecikme veya hasar riskini \u00fcstlenir.<\/p>\n<p data-start=\"1806\" data-end=\"2422\"><strong data-start=\"1806\" data-end=\"1842\">\u00d6deme ve Kredi Zararlar\u0131<\/strong><br data-start=\"1842\" data-end=\"1845\" \/>\u00d6deme vadesi, Sat\u0131c\u0131\u2019n\u0131n teklifinde ve faturas\u0131nda yaz\u0131l\u0131 olacakt\u0131r. Net \u00f6deme ko\u015fullar\u0131, fatura tarihinden itibaren ba\u015flar. Gecikmi\u015f tutarlar, y\u0131ll\u0131k % faiz oran\u0131na kadar faiz i\u015flemeye tabi olabilir. Al\u0131c\u0131, talep \u00fczerine, tahsilat maliyetleri ve makul avukat \u00fccretleri dahil olmak \u00fczere, Sat\u0131c\u0131\u2019ya geri \u00f6demede bulunacakt\u0131r. Al\u0131c\u0131 iflas ederse, bor\u00e7lar\u0131n\u0131 \u00f6demekte g\u00fc\u00e7l\u00fck \u00e7ekerse, iflas i\u015flemleri ba\u015flatm\u0131\u015f veya ba\u015flat\u0131lm\u0131\u015fsa veya Sat\u0131c\u0131, Al\u0131c\u0131\u2019n\u0131n kredi durumu hakk\u0131nda makul \u015f\u00fcpheleri varsa, sevkiyat \u00f6ncesinde \u00f6n \u00f6deme talep edebilir.<\/p>\n<p data-start=\"2424\" data-end=\"2931\"><strong data-start=\"2424\" data-end=\"2433\">Vergiler<\/strong><br data-start=\"2433\" data-end=\"2436\" \/>Sat\u0131c\u0131 ile Al\u0131c\u0131 aras\u0131ndaki i\u015flemlerle ilgili olarak, herhangi bir \u00fcretici, perakendeci, meslek, kullan\u0131m, sat\u0131\u015f veya \u00f6zel t\u00fcketim vergileri, g\u00fcmr\u00fckler, denetim veya test \u00fccretleri veya herhangi bir devlet otoritesi taraf\u0131ndan getirilen di\u011fer vergi veya \u00fccretler, Sat\u0131c\u0131 a\u00e7\u0131k\u00e7a s\u00f6zle\u015fme fiyat\u0131na dahil olmad\u0131k\u00e7a, Al\u0131c\u0131 taraf\u0131ndan \u00f6denecektir veya Al\u0131c\u0131, sipari\u015f s\u0131ras\u0131nda ge\u00e7erli bir muafiyet sertifikas\u0131 sunacakt\u0131r. Al\u0131c\u0131, talep edilmesi halinde, bu \u00fccretleri Sat\u0131c\u0131\u2019ya geri \u00f6deyecektir.<\/p>\n<p data-start=\"2933\" data-end=\"3141\"><strong data-start=\"2933\" data-end=\"2969\">\u0130ade Malzeme Onay\u0131<\/strong><br data-start=\"2969\" data-end=\"2972\" \/>T\u00fcm iadeler \u00f6nceden onaylanmal\u0131d\u0131r. Onaylanan iadelerde, detayl\u0131 iade talimatlar\u0131yla birlikte bir \u0130ade Malzeme Onay (RMA) numaras\u0131 verilecektir.<\/p>\n<p data-start=\"3143\" data-end=\"3578\"><strong data-start=\"3143\" data-end=\"3153\">\u0130ddialar<\/strong><br data-start=\"3153\" data-end=\"3156\" \/>T\u00fcm \u00fcr\u00fcnler b\u00fcy\u00fck \u00f6zenle \u00fcretilmi\u015f ve paketlenmi\u015f olup, sevkiyat \u00f6ncesinde dikkatli incelemeden ge\u00e7irilir. K\u0131smi sevkiyat, yanl\u0131\u015f malzeme veya kalite kusurlar\u0131 ile ilgili herhangi bir talep, teslimattan sonra \u00fc\u00e7 g\u00fcn i\u00e7inde yaz\u0131l\u0131 olarak yap\u0131lmal\u0131d\u0131r. T\u00fcm ambalajlar\u0131 inceleme amac\u0131yla saklay\u0131n\u0131z. Sat\u0131c\u0131\u2019n\u0131n bu t\u00fcr taleplerle ilgili sorumlulu\u011fu, \u00fccretsiz \u00fcr\u00fcn de\u011fi\u015fimi veya fatura tutar\u0131na e\u015fde\u011fer bir kredi verilmesi ile s\u0131n\u0131rl\u0131d\u0131r.<\/p>\n<p data-start=\"3580\" data-end=\"3781\"><strong data-start=\"3580\" data-end=\"3596\">Sipari\u015f Hatalar\u0131<\/strong><br data-start=\"3596\" data-end=\"3599\" \/>Al\u0131c\u0131, herhangi bir sipari\u015f hatas\u0131ndan sorumludur. \u0130ade edilen mallar i\u00e7in kredi verilip verilmeyece\u011fi tamamen Sat\u0131c\u0131\u2019n\u0131n takdirindedir. Bir iade kabul edilirse, yeniden stoklama \u00fccreti uygulanacakt\u0131r.<\/p>\n<p data-start=\"3783\" data-end=\"4031\"><strong data-start=\"3783\" data-end=\"3831\">Analiz Sertifikas\u0131 ve Safl\u0131k Beyan\u0131<\/strong><br data-start=\"3831\" data-end=\"3834\" \/>G\u00f6nderilen t\u00fcm malzemeler, \u00fcretici taraf\u0131ndan sa\u011flanan bir analiz sertifikas\u0131 ile birlikte gelir. Analiz, g\u00f6nderilen belirli partiye ait olup, aksi belirtilmedik\u00e7e \u201ctipik analiz\u201d de\u011fildir.<\/p>\n<p data-start=\"4033\" data-end=\"5413\"><strong data-start=\"4033\" data-end=\"4045\">Garanti<\/strong><br data-start=\"4045\" data-end=\"4048\" \/>Sat\u0131c\u0131, \u00fcr\u00fcnlerinin, katalogda, analiz sertifikas\u0131nda veya yetkili bir temsilcinin yaz\u0131l\u0131 teklifinde a\u00e7\u0131k\u00e7a tan\u0131mlanan \u00f6zellikleri kar\u015f\u0131layaca\u011f\u0131n\u0131, al\u0131c\u0131 taraf\u0131ndan teslim al\u0131nmas\u0131ndan itibaren otuz (30) g\u00fcn s\u00fcreyle garanti eder. Bu garanti, mallar\u0131n de\u011fi\u015ftirilmesi veya orijinal mallar\u0131n \u2019inden az\u0131n\u0131n iade edilmesi durumunda ge\u00e7ersiz olur. Sat\u0131c\u0131, herhangi bir \u00fcr\u00fcn\u00fcn performans\u0131 veya sonu\u00e7lar\u0131 konusunda garanti vermez. Hatalar, kusurlar veya hasar talepleri, teslimattan sonra 30 g\u00fcn i\u00e7inde yaz\u0131l\u0131 olarak yap\u0131lmal\u0131d\u0131r; aksi takdirde haklar\u0131 d\u00fc\u015fer. Sat\u0131c\u0131\u2019n\u0131n sorumlulu\u011fu, \u00fcr\u00fcn\u00fc de\u011fi\u015ftirmek veya kredi vermekle s\u0131n\u0131rl\u0131d\u0131r; al\u0131c\u0131, h\u0131zl\u0131 bildirimde bulunup gerekirse mallar\u0131 iade ederse. Yetkisiz iadeler kabul edilmez ve ta\u015f\u0131ma \u00fccreti al\u0131c\u0131ya ait olmak \u00fczere iade edilir. Sat\u0131c\u0131, herhangi bir kusuru makul bir s\u00fcre i\u00e7inde gidermeye hakk\u0131n\u0131 sakl\u0131 tutar. Al\u0131c\u0131\u2019n\u0131n tek \u00e7\u00f6z\u00fcm\u00fc, neden veya talep ne olursa olsun, \u00fcr\u00fcn bedeli ile s\u0131n\u0131rl\u0131d\u0131r. Sat\u0131c\u0131, herhangi bir \u00f6zel, tesad\u00fcfi veya dolayl\u0131 zarardan sorumlu tutulamaz. Al\u0131c\u0131, \u00fcr\u00fcn\u00fcn kullan\u0131m\u0131 veya muamele edilmesinden do\u011fan t\u00fcm talepler, kay\u0131plar ve sorumluluklardan Sat\u0131c\u0131\u2019y\u0131 tazmin etmeyi ve zarars\u0131z tutmay\u0131 kabul eder, \u00fcr\u00fcn tek ba\u015f\u0131na veya di\u011fer maddelerle birlikte kullan\u0131lsa da.<\/p>\n<p data-start=\"5415\" data-end=\"5559\"><strong data-start=\"5415\" data-end=\"5436\">Patentler ve Kullan\u0131m<\/strong><br data-start=\"5436\" data-end=\"5439\" \/>Herhangi bir materyalin sunumu, herhangi bir bekleyen veya verilmi\u015f patente lisans veya ihlal anlam\u0131na gelmez veya bunu ima etmez.<\/p>\n<p data-start=\"5561\" data-end=\"5809\" data-is-last-node=\"\" data-is-only-node=\"\"><strong data-start=\"5561\" data-end=\"5586\">Devir ve Feragat<\/strong><br data-start=\"5586\" data-end=\"5589\" \/>Al\u0131c\u0131, bu s\u00f6zle\u015fmeyi veya herhangi bir hakk\u0131n\u0131 Sat\u0131c\u0131'n\u0131n \u00f6nceden yaz\u0131l\u0131 onay\u0131 olmadan devredemez. Sat\u0131c\u0131'n\u0131n herhangi bir h\u00fckm\u00fc herhangi bir zamanda uygulamamas\u0131, sonraki ihlalden feragat edildi\u011fi anlam\u0131na gelmez.<\/p>","protected":false},"excerpt":{"rendered":"<p>T\u00fcm sipari\u015fler, a\u015fa\u011f\u0131daki genel \u015fartlar ve ko\u015fullara kesinlikle tabidir ve kabul edilir. Al\u0131c\u0131 taraf\u0131ndan \u00f6nerilen ek veya farkl\u0131 \u015fartlar ve ko\u015fullar, Sat\u0131c\u0131'n\u0131n yetkili temsilcisinin yaz\u0131l\u0131 onay\u0131 olmadan uygulanmaz. Fiyatland\u0131rma ve Sipari\u015f Miktarlar\u0131Liste fiyatlara nakliye, i\u015flem \u00fccretleri vb. dahil de\u011fildir.<\/p>","protected":false},"author":1,"featured_media":0,"parent":0,"menu_order":0,"comment_status":"closed","ping_status":"closed","template":"","meta":{"om_disable_all_campaigns":false,"_mi_skip_tracking":false,"footnotes":""},"class_list":["post-2189","page","type-page","status-publish","hentry"],"rankMath":{"parentDomain":"nbaem.com","noFollowDomains":[],"noFollowExcludeDomains":[],"noFollowExternalLinks":false,"featuredImageNotice":"\u00d6ne \u00e7\u0131kan g\u00f6rsel, Facebook ve di\u011fer sosyal medya siteleri taraf\u0131ndan al\u0131nabilmesi i\u00e7in en az 200 x 200 piksel olmal\u0131d\u0131r.","pluginReviewed":false,"postSettings":{"linkSuggestions":true,"useFocusKeyword":false},"frontEndScore":false,"postName":"terms-conditions","permalinkFormat":"https:\/\/nbaem.com\/tr\/%pagename%\/","showLockModifiedDate":true,"assessor":{"focusKeywordLink":"https:\/\/nbaem.com\/wp-admin\/edit.php?focus_keyword=%focus_keyword%&post_type=%post_type%","hasTOCPlugin":{"luckywp-table-of-contents\/luckywp-table-of-contents.php":"LuckyWP \u0130\u00e7erik tablosu"},"primaryTaxonomy":false,"serpData":{"title":"","description":"","focusKeywords":"","pillarContent":false,"canonicalUrl":"","breadcrumbTitle":"","advancedRobots":[],"facebookTitle":"","facebookDescription":"","facebookImage":"","facebookImageID":"","facebookHasOverlay":false,"facebookImageOverlay":"","facebookAuthor":"","twitterCardType":"","twitterUseFacebook":true,"twitterTitle":"","twitterDescription":"","twitterImage":"","twitterImageID":"","twitterHasOverlay":false,"twitterImageOverlay":"","twitterPlayerUrl":"","twitterPlayerSize":"","twitterPlayerStream":"","twitterPlayerStreamCtype":"","twitterAppDescription":"","twitterAppIphoneName":"","twitterAppIphoneID":"","twitterAppIphoneUrl":"","twitterAppIpadName":"","twitterAppIpadID":"","twitterAppIpadUrl":"","twitterAppGoogleplayName":"","twitterAppGoogleplayID":"","twitterAppGoogleplayUrl":"","twitterAppCountry":"","robots":{"index":true},"twitterAuthor":"kullan\u0131c\u0131 ad\u0131","primaryTerm":0,"authorName":"nbaem01","titleTemplate":"%title% %page% %sep% %sitename%","descriptionTemplate":"","showScoreFrontend":true,"lockModifiedDate":false},"powerWords":[],"diacritics":{"A":"[\\u0041\\u24B6\\uFF21\\u00C0\\u00C1\\u00C2\\u1EA6\\u1EA4\\u1EAA\\u1EA8\\u00C3\\u0100\\u0102\\u1EB0\\u1EAE\\u1EB4\\u1EB2\\u0226\\u01E0\\u00C4\\u01DE\\u1EA2\\u00C5\\u01FA\\u01CD\\u0200\\u0202\\u1EA0\\u1EAC\\u1EB6\\u1E00\\u0104\\u023A\\u2C6F]","AA":"[\\uA732]","AE":"[\\u00C6\\u01FC\\u01E2]","AO":"[\\uA734]","AU":"[\\uA736]","AV":"[\\uA738\\uA73A]","AY":"[\\uA73C]","B":"[\\u0042\\u24B7\\uFF22\\u1E02\\u1E04\\u1E06\\u0243\\u0182\\u0181]","C":"[\\u0043\\u24B8\\uFF23\\u0106\\u0108\\u010A\\u010C\\u00C7\\u1E08\\u0187\\u023B\\uA73E]","D":"[\\u0044\\u24B9\\uFF24\\u1E0A\\u010E\\u1E0C\\u1E10\\u1E12\\u1E0E\\u0110\\u018B\\u018A\\u0189\\uA779]","DZ":"[\\u01F1\\u01C4]","Dz":"[\\u01F2\\u01C5]","E":"[\\u0045\\u24BA\\uFF25\\u00C8\\u00C9\\u00CA\\u1EC0\\u1EBE\\u1EC4\\u1EC2\\u1EBC\\u0112\\u1E14\\u1E16\\u0114\\u0116\\u00CB\\u1EBA\\u011A\\u0204\\u0206\\u1EB8\\u1EC6\\u0228\\u1E1C\\u0118\\u1E18\\u1E1A\\u0190\\u018E]","F":"[\\u0046\\u24BB\\uFF26\\u1E1E\\u0191\\uA77B]","G":"[\\u0047\\u24BC\\uFF27\\u01F4\\u011C\\u1E20\\u011E\\u0120\\u01E6\\u0122\\u01E4\\u0193\\uA7A0\\uA77D\\uA77E]","H":"[\\u0048\\u24BD\\uFF28\\u0124\\u1E22\\u1E26\\u021E\\u1E24\\u1E28\\u1E2A\\u0126\\u2C67\\u2C75\\uA78D]","I":"[\\u0049\\u24BE\\uFF29\\u00CC\\u00CD\\u00CE\\u0128\\u012A\\u012C\\u0130\\u00CF\\u1E2E\\u1EC8\\u01CF\\u0208\\u020A\\u1ECA\\u012E\\u1E2C\\u0197]","J":"[\\u004A\\u24BF\\uFF2A\\u0134\\u0248]","K":"[\\u004B\\u24C0\\uFF2B\\u1E30\\u01E8\\u1E32\\u0136\\u1E34\\u0198\\u2C69\\uA740\\uA742\\uA744\\uA7A2]","L":"[\\u004C\\u24C1\\uFF2C\\u013F\\u0139\\u013D\\u1E36\\u1E38\\u013B\\u1E3C\\u1E3A\\u0141\\u023D\\u2C62\\u2C60\\uA748\\uA746\\uA780]","LJ":"[\\u01C7]","Lj":"[\\u01C8]","M":"[\\u004D\\u24C2\\uFF2D\\u1E3E\\u1E40\\u1E42\\u2C6E\\u019C]","N":"[\\u004E\\u24C3\\uFF2E\\u01F8\\u0143\\u00D1\\u1E44\\u0147\\u1E46\\u0145\\u1E4A\\u1E48\\u0220\\u019D\\uA790\\uA7A4]","NJ":"[\\u01CA]","Nj":"[\\u01CB]","O":"[\\u004F\\u24C4\\uFF2F\\u00D2\\u00D3\\u00D4\\u1ED2\\u1ED0\\u1ED6\\u1ED4\\u00D5\\u1E4C\\u022C\\u1E4E\\u014C\\u1E50\\u1E52\\u014E\\u022E\\u0230\\u00D6\\u022A\\u1ECE\\u0150\\u01D1\\u020C\\u020E\\u01A0\\u1EDC\\u1EDA\\u1EE0\\u1EDE\\u1EE2\\u1ECC\\u1ED8\\u01EA\\u01EC\\u00D8\\u01FE\\u0186\\u019F\\uA74A\\uA74C]","OI":"[\\u01A2]","OO":"[\\uA74E]","OU":"[\\u0222]","P":"[\\u0050\\u24C5\\uFF30\\u1E54\\u1E56\\u01A4\\u2C63\\uA750\\uA752\\uA754]","Q":"[\\u0051\\u24C6\\uFF31\\uA756\\uA758\\u024A]","R":"[\\u0052\\u24C7\\uFF32\\u0154\\u1E58\\u0158\\u0210\\u0212\\u1E5A\\u1E5C\\u0156\\u1E5E\\u024C\\u2C64\\uA75A\\uA7A6\\uA782]","S":"[\\u0053\\u24C8\\uFF33\\u1E9E\\u015A\\u1E64\\u015C\\u1E60\\u0160\\u1E66\\u1E62\\u1E68\\u0218\\u015E\\u2C7E\\uA7A8\\uA784]","T":"[\\u0054\\u24C9\\uFF34\\u1E6A\\u0164\\u1E6C\\u021A\\u0162\\u1E70\\u1E6E\\u0166\\u01AC\\u01AE\\u023E\\uA786]","TZ":"[\\uA728]","U":"[\\u0055\\u24CA\\uFF35\\u00D9\\u00DA\\u00DB\\u0168\\u1E78\\u016A\\u1E7A\\u016C\\u00DC\\u01DB\\u01D7\\u01D5\\u01D9\\u1EE6\\u016E\\u0170\\u01D3\\u0214\\u0216\\u01AF\\u1EEA\\u1EE8\\u1EEE\\u1EEC\\u1EF0\\u1EE4\\u1E72\\u0172\\u1E76\\u1E74\\u0244]","V":"[\\u0056\\u24CB\\uFF36\\u1E7C\\u1E7E\\u01B2\\uA75E\\u0245]","VY":"[\\uA760]","W":"[\\u0057\\u24CC\\uFF37\\u1E80\\u1E82\\u0174\\u1E86\\u1E84\\u1E88\\u2C72]","X":"[\\u0058\\u24CD\\uFF38\\u1E8A\\u1E8C]","Y":"[\\u0059\\u24CE\\uFF39\\u1EF2\\u00DD\\u0176\\u1EF8\\u0232\\u1E8E\\u0178\\u1EF6\\u1EF4\\u01B3\\u024E\\u1EFE]","Z":"[\\u005A\\u24CF\\uFF3A\\u0179\\u1E90\\u017B\\u017D\\u1E92\\u1E94\\u01B5\\u0224\\u2C7F\\u2C6B\\uA762]","a":"[\\u0061\\u24D0\\uFF41\\u1E9A\\u00E0\\u00E1\\u00E2\\u1EA7\\u1EA5\\u1EAB\\u1EA9\\u00E3\\u0101\\u0103\\u1EB1\\u1EAF\\u1EB5\\u1EB3\\u0227\\u01E1\\u00E4\\u01DF\\u1EA3\\u00E5\\u01FB\\u01CE\\u0201\\u0203\\u1EA1\\u1EAD\\u1EB7\\u1E01\\u0105\\u2C65\\u0250]","aa":"[\\uA733]","ae":"[\\u00E6\\u01FD\\u01E3]","ao":"[\\uA735]","au":"[\\uA737]","av":"[\\uA739\\uA73B]","ay":"[\\uA73D]","b":"[\\u0062\\u24D1\\uFF42\\u1E03\\u1E05\\u1E07\\u0180\\u0183\\u0253]","c":"[\\u0063\\u24D2\\uFF43\\u0107\\u0109\\u010B\\u010D\\u00E7\\u1E09\\u0188\\u023C\\uA73F\\u2184]","d":"[\\u0064\\u24D3\\uFF44\\u1E0B\\u010F\\u1E0D\\u1E11\\u1E13\\u1E0F\\u0111\\u018C\\u0256\\u0257\\uA77A]","dz":"[\\u01F3\\u01C6]","e":"[\\u0065\\u24D4\\uFF45\\u00E8\\u00E9\\u00EA\\u1EC1\\u1EBF\\u1EC5\\u1EC3\\u1EBD\\u0113\\u1E15\\u1E17\\u0115\\u0117\\u00EB\\u1EBB\\u011B\\u0205\\u0207\\u1EB9\\u1EC7\\u0229\\u1E1D\\u0119\\u1E19\\u1E1B\\u0247\\u025B\\u01DD]","f":"[\\u0066\\u24D5\\uFF46\\u1E1F\\u0192\\uA77C]","g":"[\\u0067\\u24D6\\uFF47\\u01F5\\u011D\\u1E21\\u011F\\u0121\\u01E7\\u0123\\u01E5\\u0260\\uA7A1\\u1D79\\uA77F]","h":"[\\u0068\\u24D7\\uFF48\\u0125\\u1E23\\u1E27\\u021F\\u1E25\\u1E29\\u1E2B\\u1E96\\u0127\\u2C68\\u2C76\\u0265]","hv":"[\\u0195]","i":"[\\u0069\\u24D8\\uFF49\\u00EC\\u00ED\\u00EE\\u0129\\u012B\\u012D\\u00EF\\u1E2F\\u1EC9\\u01D0\\u0209\\u020B\\u1ECB\\u012F\\u1E2D\\u0268\\u0131]","j":"[\\u006A\\u24D9\\uFF4A\\u0135\\u01F0\\u0249]","k":"[\\u006B\\u24DA\\uFF4B\\u1E31\\u01E9\\u1E33\\u0137\\u1E35\\u0199\\u2C6A\\uA741\\uA743\\uA745\\uA7A3]","l":"[\\u006C\\u24DB\\uFF4C\\u0140\\u013A\\u013E\\u1E37\\u1E39\\u013C\\u1E3D\\u1E3B\\u017F\\u0142\\u019A\\u026B\\u2C61\\uA749\\uA781\\uA747]","lj":"[\\u01C9]","m":"[\\u006D\\u24DC\\uFF4D\\u1E3F\\u1E41\\u1E43\\u0271\\u026F]","n":"[\\u006E\\u24DD\\uFF4E\\u01F9\\u0144\\u00F1\\u1E45\\u0148\\u1E47\\u0146\\u1E4B\\u1E49\\u019E\\u0272\\u0149\\uA791\\uA7A5]","nj":"[\\u01CC]","o":"[\\u006F\\u24DE\\uFF4F\\u00F2\\u00F3\\u00F4\\u1ED3\\u1ED1\\u1ED7\\u1ED5\\u00F5\\u1E4D\\u022D\\u1E4F\\u014D\\u1E51\\u1E53\\u014F\\u022F\\u0231\\u00F6\\u022B\\u1ECF\\u0151\\u01D2\\u020D\\u020F\\u01A1\\u1EDD\\u1EDB\\u1EE1\\u1EDF\\u1EE3\\u1ECD\\u1ED9\\u01EB\\u01ED\\u00F8\\u01FF\\u0254\\uA74B\\uA74D\\u0275]","oi":"[\\u01A3]","ou":"[\\u0223]","oo":"[\\uA74F]","p":"[\\u0070\\u24DF\\uFF50\\u1E55\\u1E57\\u01A5\\u1D7D\\uA751\\uA753\\uA755]","q":"[\\u0071\\u24E0\\uFF51\\u024B\\uA757\\uA759]","r":"[\\u0072\\u24E1\\uFF52\\u0155\\u1E59\\u0159\\u0211\\u0213\\u1E5B\\u1E5D\\u0157\\u1E5F\\u024D\\u027D\\uA75B\\uA7A7\\uA783]","s":"[\\u0073\\u24E2\\uFF53\\u015B\\u1E65\\u015D\\u1E61\\u0161\\u1E67\\u1E63\\u1E69\\u0219\\u015F\\u023F\\uA7A9\\uA785\\u1E9B]","ss":"[\\u00DF]","t":"[\\u0074\\u24E3\\uFF54\\u1E6B\\u1E97\\u0165\\u1E6D\\u021B\\u0163\\u1E71\\u1E6F\\u0167\\u01AD\\u0288\\u2C66\\uA787]","tz":"[\\uA729]","u":"[\\u0075\\u24E4\\uFF55\\u00F9\\u00FA\\u00FB\\u0169\\u1E79\\u016B\\u1E7B\\u016D\\u00FC\\u01DC\\u01D8\\u01D6\\u01DA\\u1EE7\\u016F\\u0171\\u01D4\\u0215\\u0217\\u01B0\\u1EEB\\u1EE9\\u1EEF\\u1EED\\u1EF1\\u1EE5\\u1E73\\u0173\\u1E77\\u1E75\\u0289]","v":"[\\u0076\\u24E5\\uFF56\\u1E7D\\u1E7F\\u028B\\uA75F\\u028C]","vy":"[\\uA761]","w":"[\\u0077\\u24E6\\uFF57\\u1E81\\u1E83\\u0175\\u1E87\\u1E85\\u1E98\\u1E89\\u2C73]","x":"[\\u0078\\u24E7\\uFF58\\u1E8B\\u1E8D]","y":"[\\u0079\\u24E8\\uFF59\\u1EF3\\u00FD\\u0177\\u1EF9\\u0233\\u1E8F\\u00FF\\u1EF7\\u1E99\\u1EF5\\u01B4\\u024F\\u1EFF]","z":"[\\u007A\\u24E9\\uFF5A\\u017A\\u1E91\\u017C\\u017E\\u1E93\\u1E95\\u01B6\\u0225\\u0240\\u2C6C\\uA763]"},"researchesTests":["contentHasTOC","contentHasShortParagraphs","contentHasAssets","keywordInTitle","keywordInMetaDescription","keywordInPermalink","keywordIn10Percent","keywordInContent","keywordInSubheadings","keywordInImageAlt","keywordDensity","keywordNotUsed","lengthContent","lengthPermalink","linksHasInternal","linksHasExternals","linksNotAllExternals","titleStartWithKeyword","titleSentiment","titleHasPowerWords","titleHasNumber","hasContentAI"],"hasRedirection":true,"hasBreadcrumb":true},"homeUrl":"https:\/\/nbaem.com\/tr","objectID":2189,"objectType":"post","locale":"tr","localeFull":"tr_TR","overlayImages":{"play":{"name":"Oynatma simgesi","url":"https:\/\/nbaem.com\/wp-content\/plugins\/seo-by-rank-math\/assets\/admin\/img\/icon-play.png","path":"\/home\/u209265392\/domains\/nbaem.com\/public_html\/wp-content\/plugins\/seo-by-rank-math\/assets\/admin\/img\/icon-play.png","position":"middle_center"},"gif":{"name":"GIF simgesi","url":"https:\/\/nbaem.com\/wp-content\/plugins\/seo-by-rank-math\/assets\/admin\/img\/icon-gif.png","path":"\/home\/u209265392\/domains\/nbaem.com\/public_html\/wp-content\/plugins\/seo-by-rank-math\/assets\/admin\/img\/icon-gif.png","position":"middle_center"}},"defautOgImage":"https:\/\/nbaem.com\/wp-content\/plugins\/seo-by-rank-math\/assets\/admin\/img\/social-placeholder.jpg","customPermalinks":true,"isUserRegistered":false,"autoSuggestKeywords":false,"connectSiteUrl":"https:\/\/rankmath.com\/auth?site=https%3A%2F%2Fnbaem.com%2Ftr&r=https%3A%2F%2Fnbaem.com%2Ftr%2Fwp-json%2Fwp%2Fv2%2Fpages%2F2189%3Fnonce%3Da5b3b84a6d","maxTags":5,"trendsIcon":"<svg viewBox=\"0 0 610 610\"><path d=\"M18.85,446,174.32,290.48l58.08,58.08L76.93,504a14.54,14.54,0,0,1-20.55,0L18.83,466.48a14.54,14.54,0,0,1,0-20.55Z\" style=\"fill:#4285f4\"\/><path d=\"M242.65,242.66,377.59,377.6l-47.75,47.75a14.54,14.54,0,0,1-20.55,0L174.37,290.43l47.75-47.75A14.52,14.52,0,0,1,242.65,242.66Z\" style=\"fill:#ea4335\"\/><polygon points=\"319.53 319.53 479.26 159.8 537.34 217.88 377.61 377.62 319.53 319.53\" style=\"fill:#fabb05\"\/><path d=\"M594.26,262.73V118.61h0a16.94,16.94,0,0,0-16.94-16.94H433.2a16.94,16.94,0,0,0-12,28.92L565.34,274.71h0a16.94,16.94,0,0,0,28.92-12Z\" style=\"fill:#34a853\"\/><rect width=\"610\" height=\"610\" style=\"fill:none\"\/><\/svg>","showScore":true,"siteFavIcon":"data:image\/png;base64,iVBORw0KGgoAAAANSUhEUgAAABAAAAAQCAYAAAAf8\/9hAAABs0lEQVR4AWL4\/\/8\/RRjO8Iucx+noO0MWUDo16FYABMGP6ZfUcRnWtm27jVPbtm3bttuH2t3eFPcY9pLz7NxiLjCyVd87pKnHyqXyxtCs8APd0rnyxiu4qSeA3QEDrAwBDrT1s1Rc\/OrjLZwqVmOSu6+Lamcpp2KKMA9PH1BYXMe1mUP5qotvXTywsOEEYHXxrY+3cqk6TMkYpNr2FeoY3KIr0RPtn9wQ2unlA+GMkRw6+9TFw4YTwDUzx\/JVvARj9KaedXRO8P5B1Du2S32smzqUrcKGEyA+uAgQjKX7zf0boWHGfn71jIKj2689gxp7OAGShNcBUmLMPVjZuiKcA2vuWHHDCQxMCz629kXAIU4ApY15QwggAFbfOP9DhgBJ+nWVJ1AZAfICAj1pAlY6hCADZnveQf7bQIwzVONGJonhLIlS9gr5mFg44Xd+4S3XHoGNPdJl1INIwKyEgHckEhgTe1bGiFY9GSFBYUwLh1IkiJUbY407E7syBSFxKTszEoiE\/YdrgCEayDmtaJwCI9uu8TKMuZSVfSa4BpGgzvomBR\/INhLGzrqDotp01ZR8pn\/1L0JN9d9XNyx0AAAAAElFTkSuQmCC","canUser":{"general":false,"advanced":false,"snippet":false,"social":false,"analysis":false,"analytics":false,"content_ai":false},"showKeywordIntent":true,"isPro":false,"is_front_page":false,"trendsUpgradeLink":"https:\/\/rankmath.com\/pricing\/?utm_source=Plugin&utm_medium=CE%20General%20Tab%20Trends&utm_campaign=WP","trendsUpgradeLabel":"Y\u00fckseltin","trendsPreviewImage":"https:\/\/nbaem.com\/wp-content\/plugins\/seo-by-rank-math\/assets\/admin\/img\/trends-preview.jpg","currentEditor":false,"homepageData":{"assessor":{"powerWords":[],"diacritics":true,"researchesTests":["contentHasTOC","contentHasShortParagraphs","contentHasAssets","keywordInTitle","keywordInMetaDescription","keywordInPermalink","keywordIn10Percent","keywordInContent","keywordInSubheadings","keywordInImageAlt","keywordDensity","keywordNotUsed","lengthContent","lengthPermalink","linksHasInternal","linksHasExternals","linksNotAllExternals","titleStartWithKeyword","titleSentiment","titleHasPowerWords","titleHasNumber","hasContentAI"],"hasBreadcrumb":true,"serpData":{"title":"%sitename% %page% %sep% %sitedesc%","description":"","titleTemplate":"%sitename% %page% %sep% %sitedesc%","descriptionTemplate":"","focusKeywords":"","breadcrumbTitle":"Home","robots":{"index":true},"advancedRobots":[],"facebookTitle":"","facebookDescription":"","facebookImage":"","facebookImageID":""}}},"tocTitle":"Table of Contents","tocExcludeHeadings":[],"listStyle":"ul"},"_links":{"self":[{"href":"https:\/\/nbaem.com\/tr\/wp-json\/wp\/v2\/pages\/2189","targetHints":{"allow":["GET"]}}],"collection":[{"href":"https:\/\/nbaem.com\/tr\/wp-json\/wp\/v2\/pages"}],"about":[{"href":"https:\/\/nbaem.com\/tr\/wp-json\/wp\/v2\/types\/page"}],"author":[{"embeddable":true,"href":"https:\/\/nbaem.com\/tr\/wp-json\/wp\/v2\/users\/1"}],"replies":[{"embeddable":true,"href":"https:\/\/nbaem.com\/tr\/wp-json\/wp\/v2\/comments?post=2189"}],"version-history":[{"count":1,"href":"https:\/\/nbaem.com\/tr\/wp-json\/wp\/v2\/pages\/2189\/revisions"}],"predecessor-version":[{"id":2190,"href":"https:\/\/nbaem.com\/tr\/wp-json\/wp\/v2\/pages\/2189\/revisions\/2190"}],"wp:attachment":[{"href":"https:\/\/nbaem.com\/tr\/wp-json\/wp\/v2\/media?parent=2189"}],"curies":[{"name":"wp","href":"https:\/\/api.w.org\/{rel}","templated":true}]}}